{"id":95,"date":"2014-07-08T14:09:39","date_gmt":"2014-07-08T14:09:39","guid":{"rendered":"http:\/\/jpbuse.be\/?page_id=95"},"modified":"2022-05-09T07:46:32","modified_gmt":"2022-05-09T07:46:32","slug":"centre-carter","status":"publish","type":"page","link":"https:\/\/www.jeunesseabruxelles.be\/site\/centre-carter\/","title":{"rendered":"Centre E. carter"},"content":{"rendered":"<h4>Le Centre E. Carter, un espace de formation aux m\u00e9tiers de l&#8217;animation !<\/h4>\n<p>Mis sur pied en 2009 par Jeunesse \u00e0 Bruxelles asbl en collaboration avec le Service de la Jeunesse de la Ville de Bruxelles en vue de constituer une r\u00e9serve de recrutement pour l\u2019organisation des activit\u00e9s de vacances, le Centre E. Carter\u00a0permet\u00a0\u00e0 qui souhaite\u00a0s\u2019y inscrire\u00a0de b\u00e9n\u00e9ficier d\u2019une formation qualifiante \u00e0 tarifs r\u00e9duits.<\/p>\n<p>Ce centre de formation aux m\u00e9tiers de l\u2019animation propose, chaque ann\u00e9e, une session de formation qui permet aux jeunes\u00a0\u00e2g\u00e9s de 17 ans et plus d\u2019obtenir leur Brevet d\u2019Animateur.trice de Centres de Vacances\u00a0 et une session de formation qui permet aux jeunes de 24 ans et plus d\u2019obtenir leur Brevet de Coordinateur.trice de Centres de Vacances.<\/p>\n<p>Le Centre de formation E. Carter propose \u00e9galement, en partenariat avec le Service de l\u2019Instruction Publique de la Ville de Bruxelles, un programme de formation continue \u00e0 destination des auxiliaires d\u2019\u00e9ducation.<\/p>\n<h5>Horaires :<\/h5>\n<p>Accueil t\u00e9l\u00e9phonique : du lundi au vendredi de 09h00 \u00e0 13h00 et de 13h30 \u00e0 17h00.<\/p>\n<p>Visites sur place\u00a0: sur rendez-vous<\/p>\n<h5>Contact\u00a0:<\/h5>\n<p>T\u00e9l : 02\/274 21 10 ou 02\/274 21 22<\/p>\n<p><a href=\"mailto:centre.carter@brucity.be\">centre.carter@brucity.be<\/a><\/p>\n<div id='gallery-1' class='gallery galleryid-95 gallery-columns-2 gallery-size-large'><figure class='gallery-item'>\n\t\t\t<div class='gallery-icon landscape'>\n\t\t\t\t<a href='https:\/\/www.jeunesseabruxelles.be\/site\/wp-content\/uploads\/2022\/05\/IMG-20211009-WA0019.jpg'><img loading=\"lazy\" decoding=\"async\" width=\"474\" height=\"356\" src=\"https:\/\/www.jeunesseabruxelles.be\/site\/wp-content\/uploads\/2022\/05\/IMG-20211009-WA0019-1280x960.jpg\" class=\"attachment-large size-large\" alt=\"\" srcset=\"https:\/\/www.jeunesseabruxelles.be\/site\/wp-content\/uploads\/2022\/05\/IMG-20211009-WA0019-1280x960.jpg 1280w, https:\/\/www.jeunesseabruxelles.be\/site\/wp-content\/uploads\/2022\/05\/IMG-20211009-WA0019-400x300.jpg 400w, https:\/\/www.jeunesseabruxelles.be\/site\/wp-content\/uploads\/2022\/05\/IMG-20211009-WA0019-150x113.jpg 150w, https:\/\/www.jeunesseabruxelles.be\/site\/wp-content\/uploads\/2022\/05\/IMG-20211009-WA0019-768x576.jpg 768w, https:\/\/www.jeunesseabruxelles.be\/site\/wp-content\/uploads\/2022\/05\/IMG-20211009-WA0019-1536x1152.jpg 1536w, https:\/\/www.jeunesseabruxelles.be\/site\/wp-content\/uploads\/2022\/05\/IMG-20211009-WA0019.jpg 2048w\" sizes=\"auto, (max-width: 474px) 100vw, 474px\" \/><\/a>\n\t\t\t<\/div><\/figure><figure class='gallery-item'>\n\t\t\t<div class='gallery-icon landscape'>\n\t\t\t\t<a href='https:\/\/www.jeunesseabruxelles.be\/site\/wp-content\/uploads\/2022\/05\/DSCF0106-scaled.jpg'><img loading=\"lazy\" decoding=\"async\" width=\"474\" height=\"316\" src=\"https:\/\/www.jeunesseabruxelles.be\/site\/wp-content\/uploads\/2022\/05\/DSCF0106-1280x853.jpg\" class=\"attachment-large size-large\" alt=\"\" srcset=\"https:\/\/www.jeunesseabruxelles.be\/site\/wp-content\/uploads\/2022\/05\/DSCF0106-1280x853.jpg 1280w, https:\/\/www.jeunesseabruxelles.be\/site\/wp-content\/uploads\/2022\/05\/DSCF0106-400x267.jpg 400w, https:\/\/www.jeunesseabruxelles.be\/site\/wp-content\/uploads\/2022\/05\/DSCF0106-150x100.jpg 150w, https:\/\/www.jeunesseabruxelles.be\/site\/wp-content\/uploads\/2022\/05\/DSCF0106-768x512.jpg 768w, https:\/\/www.jeunesseabruxelles.be\/site\/wp-content\/uploads\/2022\/05\/DSCF0106-1536x1024.jpg 1536w, https:\/\/www.jeunesseabruxelles.be\/site\/wp-content\/uploads\/2022\/05\/DSCF0106-2048x1365.jpg 2048w\" sizes=\"auto, (max-width: 474px) 100vw, 474px\" \/><\/a>\n\t\t\t<\/div><\/figure><figure class='gallery-item'>\n\t\t\t<div class='gallery-icon landscape'>\n\t\t\t\t<a href='https:\/\/www.jeunesseabruxelles.be\/site\/wp-content\/uploads\/2022\/05\/IMG-20220301-WA0000.jpg'><img loading=\"lazy\" decoding=\"async\" width=\"474\" height=\"356\" src=\"https:\/\/www.jeunesseabruxelles.be\/site\/wp-content\/uploads\/2022\/05\/IMG-20220301-WA0000-1280x960.jpg\" class=\"attachment-large size-large\" alt=\"\" srcset=\"https:\/\/www.jeunesseabruxelles.be\/site\/wp-content\/uploads\/2022\/05\/IMG-20220301-WA0000-1280x960.jpg 1280w, https:\/\/www.jeunesseabruxelles.be\/site\/wp-content\/uploads\/2022\/05\/IMG-20220301-WA0000-400x300.jpg 400w, https:\/\/www.jeunesseabruxelles.be\/site\/wp-content\/uploads\/2022\/05\/IMG-20220301-WA0000-150x113.jpg 150w, https:\/\/www.jeunesseabruxelles.be\/site\/wp-content\/uploads\/2022\/05\/IMG-20220301-WA0000-768x576.jpg 768w, https:\/\/www.jeunesseabruxelles.be\/site\/wp-content\/uploads\/2022\/05\/IMG-20220301-WA0000-1536x1152.jpg 1536w, https:\/\/www.jeunesseabruxelles.be\/site\/wp-content\/uploads\/2022\/05\/IMG-20220301-WA0000.jpg 2000w\" sizes=\"auto, (max-width: 474px) 100vw, 474px\" \/><\/a>\n\t\t\t<\/div><\/figure><figure class='gallery-item'>\n\t\t\t<div class='gallery-icon landscape'>\n\t\t\t\t<a href='https:\/\/www.jeunesseabruxelles.be\/site\/wp-content\/uploads\/2022\/05\/IMG-20220304-WA0026.jpg'><img loading=\"lazy\" decoding=\"async\" width=\"474\" height=\"427\" src=\"https:\/\/www.jeunesseabruxelles.be\/site\/wp-content\/uploads\/2022\/05\/IMG-20220304-WA0026-1280x1154.jpg\" class=\"attachment-large size-large\" alt=\"\" srcset=\"https:\/\/www.jeunesseabruxelles.be\/site\/wp-content\/uploads\/2022\/05\/IMG-20220304-WA0026-1280x1154.jpg 1280w, https:\/\/www.jeunesseabruxelles.be\/site\/wp-content\/uploads\/2022\/05\/IMG-20220304-WA0026-400x361.jpg 400w, https:\/\/www.jeunesseabruxelles.be\/site\/wp-content\/uploads\/2022\/05\/IMG-20220304-WA0026-150x135.jpg 150w, https:\/\/www.jeunesseabruxelles.be\/site\/wp-content\/uploads\/2022\/05\/IMG-20220304-WA0026-768x692.jpg 768w, https:\/\/www.jeunesseabruxelles.be\/site\/wp-content\/uploads\/2022\/05\/IMG-20220304-WA0026-1536x1385.jpg 1536w, https:\/\/www.jeunesseabruxelles.be\/site\/wp-content\/uploads\/2022\/05\/IMG-20220304-WA0026.jpg 1920w\" sizes=\"auto, (max-width: 474px) 100vw, 474px\" \/><\/a>\n\t\t\t<\/div><\/figure>\n\t\t<\/div>\n\n","protected":false},"excerpt":{"rendered":"<p>Le Centre E. Carter, un espace de formation aux m\u00e9tiers de l&#8217;animation ! Mis sur pied en 2009 par Jeunesse \u00e0 Bruxelles asbl en collaboration avec le Service de la Jeunesse de la Ville de Bruxelles en vue de constituer une r\u00e9serve de recrutement pour l\u2019organisation des activit\u00e9s de vacances, le Centre E. Carter\u00a0permet\u00a0\u00e0 qui &hellip; <a href=\"https:\/\/www.jeunesseabruxelles.be\/site\/centre-carter\/\" class=\"more-link\">Continuer la lecture de <span class=\"screen-reader-text\">Centre E. carter<\/span> <span class=\"meta-nav\">&rarr;<\/span><\/a><\/p>\n","protected":false},"author":7,"featured_media":727,"parent":0,"menu_order":0,"comment_status":"closed","ping_status":"open","template":"page-templates\/full-width.php","meta":{"footnotes":""},"class_list":["post-95","page","type-page","status-publish","has-post-thumbnail","hentry"],"_links":{"self":[{"href":"https:\/\/www.jeunesseabruxelles.be\/site\/wp-json\/wp\/v2\/pages\/95","targetHints":{"allow":["GET"]}}],"collection":[{"href":"https:\/\/www.jeunesseabruxelles.be\/site\/wp-json\/wp\/v2\/pages"}],"about":[{"href":"https:\/\/www.jeunesseabruxelles.be\/site\/wp-json\/wp\/v2\/types\/page"}],"author":[{"embeddable":true,"href":"https:\/\/www.jeunesseabruxelles.be\/site\/wp-json\/wp\/v2\/users\/7"}],"replies":[{"embeddable":true,"href":"https:\/\/www.jeunesseabruxelles.be\/site\/wp-json\/wp\/v2\/comments?post=95"}],"version-history":[{"count":10,"href":"https:\/\/www.jeunesseabruxelles.be\/site\/wp-json\/wp\/v2\/pages\/95\/revisions"}],"predecessor-version":[{"id":3663,"href":"https:\/\/www.jeunesseabruxelles.be\/site\/wp-json\/wp\/v2\/pages\/95\/revisions\/3663"}],"wp:featuredmedia":[{"embeddable":true,"href":"https:\/\/www.jeunesseabruxelles.be\/site\/wp-json\/wp\/v2\/media\/727"}],"wp:attachment":[{"href":"https:\/\/www.jeunesseabruxelles.be\/site\/wp-json\/wp\/v2\/media?parent=95"}],"curies":[{"name":"wp","href":"https:\/\/api.w.org\/{rel}","templated":true}]}}