{"id":87,"date":"2014-07-08T14:07:34","date_gmt":"2014-07-08T14:07:34","guid":{"rendered":"http:\/\/jpbuse.be\/?page_id=87"},"modified":"2025-10-16T09:26:17","modified_gmt":"2025-10-16T09:26:17","slug":"cohesion-sociale-fipi","status":"publish","type":"page","link":"https:\/\/www.jeunesseabruxelles.be\/site\/cohesion-sociale-fipi\/","title":{"rendered":"Coh\u00e9sion Sociale &amp; FIPI"},"content":{"rendered":"<p>La politique de coh\u00e9sion sociale est une mati\u00e8re financ\u00e9e par la Cocof et administr\u00e9e par les communes \u00e9ligibles de la R\u00e9gion Bruxelloise. Ce dispositif s\u2019inscrit dans la continuit\u00e9 du Programme Int\u00e9gration et Cohabitation (1991-2005) mis en \u0153uvre au sein de la Ville de Bruxelles avant que le D\u00e9cret de coh\u00e9sion sociale (13-05-2004 M.B.) ne consolide ce financement sous la forme d\u2019un\u00a0Programme r\u00e9gional et quinquennal.<\/p>\n<p>&nbsp;<\/p>\n<p>En pratique, la politique de Coh\u00e9sion sociale de la CocoF consiste \u00e0 subventionner des initiatives en faveur des processus garantissant l\u2019exercice de la citoyennet\u00e9 active, du vivre et faire ensemble des populations pr\u00e9caires en partenariat avec les communes et les associations locales actives dans les quartiers fragilis\u00e9s de Bruxelles. La s\u00e9lection des projets et la r\u00e9partition budg\u00e9taire font l\u2019objet d\u2019une concertation entre autorit\u00e9 communale, op\u00e9rateurs associatifs et pouvoir subsidiant. Depuis 2024, les op\u00e9rateurs ayant introduits une candidature pour int\u00e9grer le volet local &#8211; Coh\u00e9sion sociale b\u00e9n\u00e9ficient d\u2019un agr\u00e9ment pour l\u2019un des quatre axes prioritaires d\u00e9finis dans d\u00e9cret du 22 novembre 2018 relatif \u00e0 la Coh\u00e9sion sociale. L\u2019octroi de l\u2019agr\u00e9ment est d\u00e9sormais une pr\u00e9rogative de la Cocof qui l\u2019attribue en concertation avec les autorit\u00e9s communales comp\u00e9tentes en mati\u00e8re de coh\u00e9sion sociale et les membres-op\u00e9rateurs agr\u00e9\u00e9s du volet local &#8211; Coh\u00e9sion sociale. Les op\u00e9rateurs ayant introduits une candidature pour int\u00e9grer le volet local Impulsion b\u00e9n\u00e9ficient d\u2019un financement annuel (1 an) ou trisannuel (3 ans).<\/p>\n<p>&nbsp;<\/p>\n<p>Une Coordination locale est mise en place dans chaque commune \u00e9ligible pour veiller au bon d\u00e9veloppement du Programme communal Impulsion\/Coh\u00e9sion sociale (volet local). Elle d\u00e9pend du Service de la Jeunesse de la Ville de Bruxelles qui a confi\u00e9 cette mission par convention \u00e0 l\u2019asbl Jeunesse \u00e0 Bruxelles. La coordination locale assume la coordination du programme \u00ab coh\u00e9sion sociale \u00bb et \u00e9galement celle du fonds Impulsion dont l\u2019objectif est d\u2019impulser des nouvelles actions, des projets favorisant l\u2019int\u00e9gration sociale des Bruxellois, la pr\u00e9vention des discriminations et le dialogue interculturel.<\/p>\n<p>Au sein de Jeunesse \u00e0 Bruxelles, deux personnes sont affect\u00e9es \u00e0 la Cellule de coordination des projets de Coh\u00e9sion sociale &amp; Impulsion.<\/p>\n<p>Contacts<\/p>\n<p>Basma BEN AMAR<br \/>\n02\/204.00.06<br \/>\n<a href=\"mailto:CohesionSocialeFIPI@brucity.be\">CohesionSocialeFIPI@brucity.be<\/a><\/p>\n<p>Karim BOUHOUT<br \/>\n02\/204.00.01<br \/>\n<a href=\"mailto:CohesionSocialeFIPI@brucity.be\">CohesionSocialeFIPI@brucity.be<\/a><\/p>\n<p>Adresse: 56, Avenue de l\u2019H\u00e9liport, 1000 Bruxelles.<\/p>\n","protected":false},"excerpt":{"rendered":"<p>La politique de coh\u00e9sion sociale est une mati\u00e8re financ\u00e9e par la Cocof et administr\u00e9e par les communes \u00e9ligibles de la R\u00e9gion Bruxelloise. Ce dispositif s\u2019inscrit dans la continuit\u00e9 du Programme Int\u00e9gration et Cohabitation (1991-2005) mis en \u0153uvre au sein de la Ville de Bruxelles avant que le D\u00e9cret de coh\u00e9sion sociale (13-05-2004 M.B.) ne consolide &hellip; <a href=\"https:\/\/www.jeunesseabruxelles.be\/site\/cohesion-sociale-fipi\/\" class=\"more-link\">Continuer la lecture de <span class=\"screen-reader-text\">Coh\u00e9sion Sociale &amp; FIPI<\/span> <span class=\"meta-nav\">&rarr;<\/span><\/a><\/p>\n","protected":false},"author":5,"featured_media":726,"parent":0,"menu_order":0,"comment_status":"closed","ping_status":"closed","template":"page-templates\/full-width.php","meta":{"footnotes":""},"class_list":["post-87","page","type-page","status-publish","has-post-thumbnail","hentry"],"_links":{"self":[{"href":"https:\/\/www.jeunesseabruxelles.be\/site\/wp-json\/wp\/v2\/pages\/87","targetHints":{"allow":["GET"]}}],"collection":[{"href":"https:\/\/www.jeunesseabruxelles.be\/site\/wp-json\/wp\/v2\/pages"}],"about":[{"href":"https:\/\/www.jeunesseabruxelles.be\/site\/wp-json\/wp\/v2\/types\/page"}],"author":[{"embeddable":true,"href":"https:\/\/www.jeunesseabruxelles.be\/site\/wp-json\/wp\/v2\/users\/5"}],"replies":[{"embeddable":true,"href":"https:\/\/www.jeunesseabruxelles.be\/site\/wp-json\/wp\/v2\/comments?post=87"}],"version-history":[{"count":9,"href":"https:\/\/www.jeunesseabruxelles.be\/site\/wp-json\/wp\/v2\/pages\/87\/revisions"}],"predecessor-version":[{"id":6062,"href":"https:\/\/www.jeunesseabruxelles.be\/site\/wp-json\/wp\/v2\/pages\/87\/revisions\/6062"}],"wp:featuredmedia":[{"embeddable":true,"href":"https:\/\/www.jeunesseabruxelles.be\/site\/wp-json\/wp\/v2\/media\/726"}],"wp:attachment":[{"href":"https:\/\/www.jeunesseabruxelles.be\/site\/wp-json\/wp\/v2\/media?parent=87"}],"curies":[{"name":"wp","href":"https:\/\/api.w.org\/{rel}","templated":true}]}}