{"id":85,"date":"2014-07-08T14:04:57","date_gmt":"2014-07-08T14:04:57","guid":{"rendered":"http:\/\/jpbuse.be\/?page_id=85"},"modified":"2024-04-22T12:10:35","modified_gmt":"2024-04-22T12:10:35","slug":"outils","status":"publish","type":"page","link":"https:\/\/www.jeunesseabruxelles.be\/site\/accueil-temps-libre\/outils\/","title":{"rendered":"Outils \/ Ressources"},"content":{"rendered":"\n<p><strong>CAPSULES VIDEO<\/strong><\/p>\n\n\n\n<div class=\"wp-block-buttons is-layout-flex wp-block-buttons-is-layout-flex\"><\/div>\n\n\n\n<div class=\"wp-block-cover is-light\" style=\"min-height:163px;aspect-ratio:unset;\"><span aria-hidden=\"true\" class=\"wp-block-cover__background has-background-dim\"><\/span><img loading=\"lazy\" decoding=\"async\" width=\"1920\" height=\"1280\" class=\"wp-block-cover__image-background wp-image-3151\" src=\"https:\/\/www.jeunesseabruxelles.be\/site\/wp-content\/uploads\/2021\/04\/hand-washing-5086499_1920-1-1.jpg\" data-object-fit=\"cover\" srcset=\"https:\/\/www.jeunesseabruxelles.be\/site\/wp-content\/uploads\/2021\/04\/hand-washing-5086499_1920-1-1.jpg 1920w, https:\/\/www.jeunesseabruxelles.be\/site\/wp-content\/uploads\/2021\/04\/hand-washing-5086499_1920-1-1-400x267.jpg 400w, https:\/\/www.jeunesseabruxelles.be\/site\/wp-content\/uploads\/2021\/04\/hand-washing-5086499_1920-1-1-1280x853.jpg 1280w, https:\/\/www.jeunesseabruxelles.be\/site\/wp-content\/uploads\/2021\/04\/hand-washing-5086499_1920-1-1-150x100.jpg 150w, https:\/\/www.jeunesseabruxelles.be\/site\/wp-content\/uploads\/2021\/04\/hand-washing-5086499_1920-1-1-768x512.jpg 768w, https:\/\/www.jeunesseabruxelles.be\/site\/wp-content\/uploads\/2021\/04\/hand-washing-5086499_1920-1-1-1536x1024.jpg 1536w\" sizes=\"auto, (max-width: 1920px) 100vw, 1920px\" \/><div class=\"wp-block-cover__inner-container is-layout-flow wp-block-cover-is-layout-flow\">\n<p class=\"has-text-align-center has-large-font-size\">Les mesures sanitaires en ATL avec Bruno Humbeeck<\/p>\n<\/div><\/div>\n\n\n\n<p class=\"has-black-color has-text-color\">En tant que professionnels de l&#8217;Accueil Temps Libre, vous accueillez des enfants de 3 \u00e0 12 ans \u00e0 l&#8217;occasion de plaines, de stages, de s\u00e9jours ou de l&#8217;accueil extrascolaire et vous devez mettre en place les mesures sanitaires requises dans le cadre de la lutte contre la pand\u00e9mie.&nbsp;<\/p>\n\n\n\n<p class=\"has-black-color has-text-color\"><strong>Pour vous, nous avons pos\u00e9 5 questions \u00e0 Bruno Humbeeck Psychop\u00e9dagogue et Directeur de Recherches au sein du service des Sciences de la famille \u00e0 l\u2019Universit\u00e9 de Mons sur la th\u00e9matique de la distanciation physique appliqu\u00e9e en&nbsp; ATL.<\/strong><\/p>\n\n\n\n<p>Voici donc une courte vid\u00e9o qui vous donnera de nombreux conseils pratiques pour que ces mesures sanitaires fassent sens dans votre quotidien et celui des enfants que vous accueillez. <\/p>\n\n\n\n<div class=\"wp-block-group\"><div class=\"wp-block-group__inner-container is-layout-flow wp-block-group-is-layout-flow\">\n<figure class=\"wp-block-embed is-type-video is-provider-dailymotion wp-block-embed-dailymotion wp-embed-aspect-16-9 wp-has-aspect-ratio\"><div class=\"wp-block-embed__wrapper\">\n<iframe loading=\"lazy\" title=\"La distanciation physique en Accueil Temps Libre par Bruno Humbeeck ; Psychop\u00e9dagogue et Directeur de Recherches au sein du service des Sciences de la famille \u00e0 l\u2019Universit\u00e9 de Mons\" frameborder=\"0\" width=\"474\" height=\"266\" src=\"https:\/\/geo.dailymotion.com\/player.html?video=x7um2ks&#038;\" allowfullscreen allow=\"autoplay; fullscreen; picture-in-picture; web-share\"><\/iframe>\n<\/div><\/figure>\n<\/div><\/div>\n\n\n<h5 style=\"text-align: left;\"><strong>CENTRES DE RESSOURCES PEDAGOGIQUES<\/strong><\/h5>\n<p><span style=\"color: #000000;\"><strong>La biblioth\u00e8que d\u2019animation du Centre E. Carter\u00a0<\/strong>:<\/span><\/p>\n<p><em><span style=\"color: #808080;\"><span style=\"text-align: left; text-transform: none; text-indent: 0px; letter-spacing: -0.5px; font-family: 'cantarell',sans-serif; font-size: 16px; font-variant: normal; font-weight: 400; text-decoration: none; word-spacing: 0px; display: inline !important; white-space: normal; orphans: 2; float: none; -webkit-text-stroke-width: 0px; background-color: transparent;\">L<\/span><span style=\"text-align: left; text-transform: none; text-indent: 0px; letter-spacing: -0.5px; font-family: 'cantarell',sans-serif; font-size: 16px; font-variant: normal; font-weight: 400; text-decoration: none; word-spacing: 0px; display: inline !important; white-space: normal; orphans: 2; float: none; -webkit-text-stroke-width: 0px; background-color: transparent;\">a <\/span><\/span><span style=\"text-align: left; color: #000000; text-transform: none; text-indent: 0px; letter-spacing: -0.5px; font-family: 'cantarell',sans-serif; font-size: 16px; font-variant: normal; font-weight: 400; text-decoration: none; word-spacing: 0px; display: inline !important; white-space: normal; orphans: 2; float: none; -webkit-text-stroke-width: 0px; background-color: transparent;\"><span style=\"color: #808080;\">biblioth\u00e8que p\u00e9dagogique et d\u2019animation Elisabeth Carter met \u00e0 la disposition des enseignants, des \u00e9tudiants ou simplement de toute personne int\u00e9ress\u00e9e par les secteurs p\u00e9dagogiques de l\u2019animation, aguerrie ou en apprentissage, des livres et des revues, des informations sur le secteur, des pistes de r\u00e9flexion sur le m\u00e9tier de l&#8217;animation, ainsi que des supports et des outils divers. Une collection de plus de 20.000 ouvrages, p\u00e9riodiques, brochures, outils p\u00e9dagogiques, DVD, c\u00e9d\u00e9roms et fiches techniques peuvent \u00eatre emprunt\u00e9s ou consult\u00e9s sur place.<\/span><\/span><\/em><\/p>\n<p><img loading=\"lazy\" decoding=\"async\" class=\"wp-image-3152 alignleft\" src=\"https:\/\/www.jeunesseabruxelles.be\/site\/wp-content\/uploads\/2021\/04\/direction-1293809_1280-400x200.png\" alt=\"\" width=\"62\" height=\"31\" srcset=\"https:\/\/www.jeunesseabruxelles.be\/site\/wp-content\/uploads\/2021\/04\/direction-1293809_1280-400x200.png 400w, https:\/\/www.jeunesseabruxelles.be\/site\/wp-content\/uploads\/2021\/04\/direction-1293809_1280-150x75.png 150w, https:\/\/www.jeunesseabruxelles.be\/site\/wp-content\/uploads\/2021\/04\/direction-1293809_1280-768x384.png 768w, https:\/\/www.jeunesseabruxelles.be\/site\/wp-content\/uploads\/2021\/04\/direction-1293809_1280.png 1280w\" sizes=\"auto, (max-width: 62px) 100vw, 62px\" \/><a href=\"https:\/\/instructionpublique.bruxelles.be\/fr\/etablissement\/bibliotheque-du-centre-elisabeth-carter\">La bilbioth\u00e8que du C.E.C.<\/a><\/p>\n<p><strong>Les biblioth\u00e8ques de la Ville de Bruxelles-Section Jeunesse\u00a0:\u00a0<\/strong><\/p>\n<p><img loading=\"lazy\" decoding=\"async\" class=\"wp-image-3152 alignnone\" src=\"https:\/\/www.jeunesseabruxelles.be\/site\/wp-content\/uploads\/2021\/04\/direction-1293809_1280-400x200.png\" alt=\"\" width=\"62\" height=\"31\" srcset=\"https:\/\/www.jeunesseabruxelles.be\/site\/wp-content\/uploads\/2021\/04\/direction-1293809_1280-400x200.png 400w, https:\/\/www.jeunesseabruxelles.be\/site\/wp-content\/uploads\/2021\/04\/direction-1293809_1280-150x75.png 150w, https:\/\/www.jeunesseabruxelles.be\/site\/wp-content\/uploads\/2021\/04\/direction-1293809_1280-768x384.png 768w, https:\/\/www.jeunesseabruxelles.be\/site\/wp-content\/uploads\/2021\/04\/direction-1293809_1280.png 1280w\" sizes=\"auto, (max-width: 62px) 100vw, 62px\" \/> \u00a0\u00a0 \u00a0<a href=\"https:\/\/www.bruxelles.be\/bibliotheques\">Les biblioth\u00e8ques <\/a><\/p>\n<p><img loading=\"lazy\" decoding=\"async\" class=\"wp-image-3152 alignnone\" src=\"https:\/\/www.jeunesseabruxelles.be\/site\/wp-content\/uploads\/2021\/04\/direction-1293809_1280-400x200.png\" alt=\"\" width=\"62\" height=\"31\" srcset=\"https:\/\/www.jeunesseabruxelles.be\/site\/wp-content\/uploads\/2021\/04\/direction-1293809_1280-400x200.png 400w, https:\/\/www.jeunesseabruxelles.be\/site\/wp-content\/uploads\/2021\/04\/direction-1293809_1280-150x75.png 150w, https:\/\/www.jeunesseabruxelles.be\/site\/wp-content\/uploads\/2021\/04\/direction-1293809_1280-768x384.png 768w, https:\/\/www.jeunesseabruxelles.be\/site\/wp-content\/uploads\/2021\/04\/direction-1293809_1280.png 1280w\" sizes=\"auto, (max-width: 62px) 100vw, 62px\" \/> \u00a0 \u00a0 <a href=\"https:\/\/www.biblioaccess.com\/656\">La biblioth\u00e8que num\u00e9rique<\/a><\/p>\n<p><strong>Centre de Litt\u00e9rature de Jeunesse de Bruxelles\u00a0<\/strong>: <a href=\"http:\/\/www.cljbxl.be\/\">http:\/\/www.cljbxl.be\/<\/a><\/p>\n<p>Cultures et Sant\u00e9\u00a0: <a href=\"http:\/\/www.cultures-sante.be\/\">http:\/\/www.cultures-sante.be\/<\/a><\/p>\n<p>Plateforme Communautaire ATL\u00a0: <a href=\"http:\/\/plateforme-atl.be\/\">http:\/\/plateforme-atl.be\/<\/a><\/p>\n<p>Publications de l\u2019ONE\u00a0: <a href=\"http:\/\/www.one.be\/index.php?id=publications-professionnelles\">http:\/\/www.one.be\/index.php?id=publications-professionnelles<\/a><\/p>\n<p>Publications de Yapaka\u00a0: <a href=\"http:\/\/www.yapaka.be\/\">http:\/\/www.yapaka.be\/<\/a><\/p>\n<p>Publications de PHARE\u00a0: <a href=\"http:\/\/phare.irisnet.be\/\">http:\/\/phare.irisnet.be\/<\/a><\/p>\n<p>R\u00e9seau Id\u00e9e (Information et Diffusion en Education \u00e0 l\u2019Environnement)\u00a0: <a href=\"http:\/\/www.reseau-idee.be\/index.php\">http:\/\/www.reseau-idee.be\/index.php<\/a><\/p>\n<h3 style=\"text-align: left;\"><strong>DOCUMENTS UTILES\/ OUTILS<\/strong><\/h3>\n<p style=\"text-align: left;\"><a href=\"http:\/\/www.one.be\/fileadmin\/user_upload\/one_des\/one_Jur\/D_une_loi_a_l_autre\/II_Accueil\/F._Qualites\/Arrete_17_decembre_2003_-_Code_de_qualite_de_l_accueil.pdf\">Code de Qualit\u00e9<\/a><\/p>\n<p style=\"text-align: left;\"><a href=\"https:\/\/www.jeunesseabruxelles.be\/site\/wp-content\/uploads\/2016\/11\/D\u00e9cret-ATL.pdf\">D\u00e9cret ATL<\/a><\/p>\n<p style=\"text-align: left;\"><a href=\"https:\/\/www.jeunesseabruxelles.be\/site\/wp-content\/uploads\/2020\/07\/Referentiel_psychopedagogique_ONE_3-12.pdf\">Le R\u00e9f\u00e9rentiel Psychop\u00e9dagogique de l&#8217;ONE <\/a><\/p>\n<p style=\"text-align: left;\"><a href=\"https:\/\/www.jeunesseabruxelles.be\/site\/wp-content\/uploads\/2020\/07\/Quel-projet-daccueil-pour-les-3-12-ans-.pdf\">Quel projet d&#8217;accueil pour les 3-12 ans?<\/a><\/p>\n<p style=\"text-align: left;\"><a href=\"https:\/\/www.jeunesseabruxelles.be\/site\/wp-content\/uploads\/2024\/04\/FINAL-Etat-des-lieux-et-analyse-des-besoin-VBX-2020.pdf\">L&#8217;\u00e9tat des lieux et l&#8217;analyse des besoins ATL juin 2020<\/a><\/p>\n<p style=\"text-align: left;\"><a href=\"https:\/\/www.jeunesseabruxelles.be\/site\/wp-content\/uploads\/2016\/11\/2015-10-Programme-CLE-2015-2020-Synth\u00e8se-fr-nl.pdf\" target=\"_blank\" rel=\"noopener noreferrer\">Programme CLE VBX 2015-2020<\/a><\/p>\n<p><a href=\"https:\/\/www.jeunesseabruxelles.be\/site\/wp-content\/uploads\/2020\/07\/Ensemble__visons_des_lieux_plus_inclusifs_ok.pdf\">Brochure ONE : Ensemble visons des lieux plus inclusifs <\/a><\/p>\n<p><a href=\"https:\/\/www.jeunesseabruxelles.be\/site\/wp-content\/uploads\/2020\/07\/momes_en_sante_complet.pdf\">Brochure ONE : M\u00f4mes en sante<\/a><\/p>\n\n\n<div class=\"wp-block-buttons is-layout-flex wp-block-buttons-is-layout-flex\"><\/div>\n\n\n\n<p><\/p>\n","protected":false},"excerpt":{"rendered":"<p>CAPSULES VIDEO En tant que professionnels de l&#8217;Accueil Temps Libre, vous accueillez des enfants de 3 \u00e0 12 ans \u00e0 l&#8217;occasion de plaines, de stages, de s\u00e9jours ou de l&#8217;accueil extrascolaire et vous devez mettre en place les mesures sanitaires requises dans le cadre de la lutte contre la pand\u00e9mie.&nbsp; Pour vous, nous avons pos\u00e9 &hellip; <a href=\"https:\/\/www.jeunesseabruxelles.be\/site\/accueil-temps-libre\/outils\/\" class=\"more-link\">Continuer la lecture de <span class=\"screen-reader-text\">Outils \/ Ressources<\/span> <span class=\"meta-nav\">&rarr;<\/span><\/a><\/p>\n","protected":false},"author":5,"featured_media":725,"parent":201,"menu_order":0,"comment_status":"closed","ping_status":"closed","template":"page-templates\/full-width.php","meta":{"footnotes":""},"class_list":["post-85","page","type-page","status-publish","has-post-thumbnail","hentry"],"_links":{"self":[{"href":"https:\/\/www.jeunesseabruxelles.be\/site\/wp-json\/wp\/v2\/pages\/85","targetHints":{"allow":["GET"]}}],"collection":[{"href":"https:\/\/www.jeunesseabruxelles.be\/site\/wp-json\/wp\/v2\/pages"}],"about":[{"href":"https:\/\/www.jeunesseabruxelles.be\/site\/wp-json\/wp\/v2\/types\/page"}],"author":[{"embeddable":true,"href":"https:\/\/www.jeunesseabruxelles.be\/site\/wp-json\/wp\/v2\/users\/5"}],"replies":[{"embeddable":true,"href":"https:\/\/www.jeunesseabruxelles.be\/site\/wp-json\/wp\/v2\/comments?post=85"}],"version-history":[{"count":31,"href":"https:\/\/www.jeunesseabruxelles.be\/site\/wp-json\/wp\/v2\/pages\/85\/revisions"}],"predecessor-version":[{"id":4881,"href":"https:\/\/www.jeunesseabruxelles.be\/site\/wp-json\/wp\/v2\/pages\/85\/revisions\/4881"}],"up":[{"embeddable":true,"href":"https:\/\/www.jeunesseabruxelles.be\/site\/wp-json\/wp\/v2\/pages\/201"}],"wp:featuredmedia":[{"embeddable":true,"href":"https:\/\/www.jeunesseabruxelles.be\/site\/wp-json\/wp\/v2\/media\/725"}],"wp:attachment":[{"href":"https:\/\/www.jeunesseabruxelles.be\/site\/wp-json\/wp\/v2\/media?parent=85"}],"curies":[{"name":"wp","href":"https:\/\/api.w.org\/{rel}","templated":true}]}}