{"id":80,"date":"2014-07-08T14:03:37","date_gmt":"2014-07-08T14:03:37","guid":{"rendered":"http:\/\/jpbuse.be\/?page_id=80"},"modified":"2026-04-02T12:35:09","modified_gmt":"2026-04-02T12:35:09","slug":"programme-cle","status":"publish","type":"page","link":"https:\/\/www.jeunesseabruxelles.be\/site\/accueil-temps-libre\/programme-cle\/","title":{"rendered":"Dispositif ATL"},"content":{"rendered":"<p>Le dispositif de <strong>Coordination &#8220;Accueil Temps Libre&#8221;<\/strong> (ou ATL) entre dans le cadre de l&#8217;application du d\u00e9cret relatif \u00e0 la coordination de l&#8217;accueil des enfants durant leur temps libre et au soutien de l&#8217;accueil extrascolaire de la Communaut\u00e9 Fran\u00e7aise (datant du 3 juillet 2003).<\/p>\n<p>Ce <a href=\"https:\/\/www.jeunesseabruxelles.be\/site\/wp-content\/uploads\/2016\/11\/D\u00e9cret-ATL.pdf\" target=\"_blank\" rel=\"noopener noreferrer\">d\u00e9cret <\/a>ATL poursuit <strong>quatre objectifs pr\u00e9cis<\/strong> :<\/p>\n<p>&#8211; Il cible d&#8217;abord <u>l&#8217;\u00e9panouissement global<\/u> des enfants par l&#8217;organisation d&#8217;activit\u00e9s de loisirs diversifi\u00e9es et adapt\u00e9es \u00e0 leurs capacit\u00e9s et leurs rythmes.<br \/>\n&#8211; Il participe \u00e0 <u>la coh\u00e9sion sociale<\/u> en favorisant l&#8217;int\u00e9gration d&#8217;enfants issus de milieux tr\u00e8s diff\u00e9rents qui se rencontrent dans des lieux d&#8217;accueil commun.<br \/>\n&#8211; Il vise <u>la facilitation et la consolidation de la vie familiale<\/u>, notamment en conciliant vie familiale et professionnelle en ce sens que les personnes qui confient leurs enfants ont la possibilit\u00e9 de le faire pour des temps d\u00e9termin\u00e9s dans une structure d&#8217;accueil de qualit\u00e9.<br \/>\n&#8211; Enfin, ce d\u00e9cret d\u00e9finit une s\u00e9rie d&#8217;exigences \u00e0 respecter en ce qui concerne <u>la qualit\u00e9 d&#8217;accueil<\/u>. \u00a0(<a href=\"https:\/\/www.jeunesseabruxelles.be\/site\/wp-content\/uploads\/2016\/11\/Code-de-qualit\u00e9.pdf\" target=\"_blank\" rel=\"noopener noreferrer\">lien vers le code de qualit\u00e9 et r\u00e9f\u00e9rentiel<\/a>)<\/p>\n<p>La mission principale de la coordination ATL est d&#8217;<strong>am\u00e9liorer l&#8217;offre<\/strong> d&#8217;activit\u00e9s extrascolaires (culturelles, artistiques, sociales, sportives et\/ou r\u00e9cr\u00e9atives) pour les enfants de 2,5 ans \u00e0 12 ans habitant le territoire de la Ville de Bruxelles. Pour ce faire, la coordination r\u00e9alise un \u00e9tat des lieux des activit\u00e9s propos\u00e9es sur l&#8217;ensemble du territoire de la ville de Bruxelles et une analyse des besoins des diff\u00e9rents acteurs concern\u00e9s par l&#8217;ATL (les professionnels, les parents et les enfants). Cette d\u00e9marche est nourrie par les interactions avec la Commission Communale de l&#8217;Accueil (CCA), organe consultatif et repr\u00e9sentatif de l&#8217;ensemble des structures d&#8217;accueil extrascolaire du territoire communal (\u00e9coles de devoirs, clubs sportifs, garderies scolaires, conseil communal, parents, &#8230; etc.). Vous pouvez consulter la composition de la Commission Communale de l&#8217;Accueil de la Ville de Bruxelles<strong>,<\/strong> et t\u00e9l\u00e9charger ici <strong><span style=\"color: #339966;\"><a href=\"https:\/\/www.jeunesseabruxelles.be\/site\/wp-content\/uploads\/2024\/04\/FINAL-Etat-des-lieux-et-analyse-des-besoin-VBX-2020.pdf\">L&#8217;\u00e9tat des lieux et l&#8217;analyse des besoins ATL<\/a><\/span> <\/strong>\u00e9dit\u00e9 en juin 2020.<\/p>\n<p>Cette analyse permet de cibler les <u>priorit\u00e9s<\/u> d&#8217;actions de la coordination et de mettre en place des <u>partenariats, une concertation,<\/u> en vue d&#8217;am\u00e9liorer l&#8217;offre d&#8217;accueil et de la d\u00e9velopper.<\/p>\n<p>Concr\u00e8tement, il s&#8217;agit de mettre sur pied ce que l&#8217;on appelle <strong>un<a href=\"https:\/\/www.jeunesseabruxelles.be\/site\/wp-content\/uploads\/2016\/11\/2015-10-Programme-CLE-2015-2020-Synth\u00e8se-fr-nl.pdf\" target=\"_blank\" rel=\"noopener noreferrer\"> programme de Coordination Locale pour l&#8217;Enfance<\/a><\/strong> (CLE) adapt\u00e9 aux besoins relev\u00e9s dans une zone g\u00e9ographique d\u00e9termin\u00e9e. En effet, vu l&#8217;\u00e9tendue du territoire de la Ville de Bruxelles, participer au programme CLE peut revenir \u00e0 s&#8217;impliquer dans un quartier prioritairement d\u00e9fini et \u00e0 participer activement \u00e0 l&#8217;am\u00e9lioration des activit\u00e9s offertes aux enfants en dehors des heures de cours.<\/p>\n<p>A condition qu&#8217;ils r\u00e9pondent d\u00e9j\u00e0 aux normes de l&#8217;ONE (souscription au Code de qualit\u00e9 et obligation de d\u00e9claration et\/ou d&#8217;autorisation d&#8217;accueil), les op\u00e9rateurs du quartier concern\u00e9 peuvent participer \u00e0 ce programme et, en r\u00e9pondant aux normes fix\u00e9es par le d\u00e9cret, obtenir un <u>agr\u00e9ment<\/u> et des <u>subsides<\/u> qui serviront \u00e0 am\u00e9liorer encore la qualit\u00e9 de l&#8217;accueil qu&#8217;ils organisent (achat de mat\u00e9riel, participation \u00e0 des formations, organisation des espaces, etc.).<\/p>\n<p>Enfin, la coordination ATL a \u00e9galement pour mission de <strong>diffuser l&#8217;information<\/strong> aupr\u00e8s des parents. La r\u00e9alisation de la <u>brochure<\/u> \u00ab Pose ton cartable \u00bb va dans ce sens : elle reprend l&#8217;ensemble des structures d&#8217;accueil extrascolaire situ\u00e9es sur le territoire de la Ville de Bruxelles. Un <a href=\"https:\/\/www.jeunesseabruxelles.be\/site\/activites\">moteur de recherche<\/a>\u00a0 est \u00e0 la disposition du public sur ce site (actuellement le moteur de recherche n&#8217;est pas disponible pour cause de mise \u00e0 jour).<\/p>\n<p>Pour tout compl\u00e9ment d&#8217;informations:<br \/>\nCoordination de l&#8217;Accueil Temps Libre<br \/>\n56, av. de l&#8217;H\u00e9liport &#8211; 1000 Bruxelles<br \/>\nT\u00e9l. : 02 \/ 204 00 04 ou 05 Fax. : 02 \/ 204 00 08<br \/>\nE-mail : <a href=\"mailto:atl@brucity.be\">atl@brucity.be<\/a><\/p>\n<p>Si vous d\u00e9sirez contacter la coordination Accueil Temps Libre d&#8217;une autre commune sur la r\u00e9gion bruxelloise, <a href=\"https:\/\/www.jeunesseabruxelles.be\/site\/wp-content\/uploads\/2026\/01\/Coordonnees-ATL-Bruxelles-Janvier-2025Feuil1.csv\">Cliquez ici<\/a> afin d&#8217;acc\u00e9der \u00e0 leurs coordonn\u00e9es.<\/p>\n<p><strong><em>Programme de Coordination Locale pour l&#8217;Enfance (<\/em><\/strong><strong><em>CLE<\/em><\/strong><strong><em>)<\/em><\/strong><\/p>\n<p>Le programme de Coordination Locale pour l&#8217;Enfance (CLE) pr\u00e9sente l&#8217;ensemble des projets d&#8217;accueil sur un territoire d\u00e9termin\u00e9. Il constitue un outil qui structure l&#8217;offre d&#8217;accueil extrascolaire, en vue de rencontrer les besoins relev\u00e9s lors de l&#8217;\u00e9tat des lieux.<br \/>\nLe programme CLE est r\u00e9dig\u00e9 par la commune et soumis \u00e0 la concertation des membres de la Commission Communale de l&#8217;Accueil (CCA). Apr\u00e8s son approbation par le conseil communal, le programme CLE est agr\u00e9\u00e9 par l&#8217;ONE puis mis en oeuvre par les diff\u00e9rents op\u00e9rateurs de l&#8217;accueil, sous l&#8217;\u00e9gide de la commune.<\/p>\n<p>Dans le programme CLE, on trouve:<br \/>\n&#8211; la <u>liste des op\u00e9rateurs de l&#8217;accueil<\/u> participants et toutes les informations pratiques les concernant (lieux d&#8217;accueil, activit\u00e9s propos\u00e9es, p\u00e9riodes couvertes, encadrement, co\u00fbt pour les parents, etc.) ;<br \/>\n&#8211; les <u>besoins en mati\u00e8re d&#8217;accueil<\/u> propres \u00e0 la commune, au quartier ou \u00e0 un territoire g\u00e9ographiquement d\u00e9termin\u00e9 ;<br \/>\n&#8211; la mani\u00e8re dont les <u>partenariats<\/u> et collaborations s&#8217;\u00e9tablissent ;<br \/>\n&#8211; la liste des outils <u>d&#8217;information aux parents<\/u> (brochures, site, journaux, etc.) ;<br \/>\n&#8211; les <u>cl\u00e9s de r\u00e9partition<\/u> entre les op\u00e9rateurs de l&#8217;accueil des moyens communaux ou publics \u00e9ventuellement attribu\u00e9s au programme CLE.<\/p>\n<p><strong>Le programme CLE <\/strong>vise \u00e0 r\u00e9pondre aux besoins identifi\u00e9s sur le territoire et donne acc\u00e8s aux subsides pour les op\u00e9rateurs qui sont agr\u00e9\u00e9s par l&#8217;ONE dans le cadre du d\u00e9cret.<\/p>\n<p>Vous pouvez t\u00e9l\u00e9charger les Programmes CLE en cliquant sur les liens :<\/p>\n<p><a href=\"https:\/\/www.jeunesseabruxelles.be\/site\/wp-content\/uploads\/2026\/04\/PCLE-2020-2025-.pdf\">PCLE 2020-2025-<\/a><\/p>\n<p>2025 &#8211; 2030 (bient\u00f4t disponible)<\/p>\n<p>Le cycle ATL est un cycle quinqu\u00e9nal.\u00a0 Apr\u00e8s cinq ann\u00e9es, un nouvel \u00e9tat des lieux est r\u00e9alis\u00e9 pour \u00e9laborer un nouveau programme CLE\u00a0pour les cinq ann\u00e9es suivantes.<\/p>\n","protected":false},"excerpt":{"rendered":"<p>Le dispositif de Coordination &#8220;Accueil Temps Libre&#8221; (ou ATL) entre dans le cadre de l&#8217;application du d\u00e9cret relatif \u00e0 la coordination de l&#8217;accueil des enfants durant leur temps libre et au soutien de l&#8217;accueil extrascolaire de la Communaut\u00e9 Fran\u00e7aise (datant du 3 juillet 2003). Ce d\u00e9cret ATL poursuit quatre objectifs pr\u00e9cis : &#8211; Il cible &hellip; <a href=\"https:\/\/www.jeunesseabruxelles.be\/site\/accueil-temps-libre\/programme-cle\/\" class=\"more-link\">Continuer la lecture de <span class=\"screen-reader-text\">Dispositif ATL<\/span> <span class=\"meta-nav\">&rarr;<\/span><\/a><\/p>\n","protected":false},"author":5,"featured_media":725,"parent":201,"menu_order":0,"comment_status":"closed","ping_status":"closed","template":"page-templates\/full-width.php","meta":{"footnotes":""},"class_list":["post-80","page","type-page","status-publish","has-post-thumbnail","hentry"],"_links":{"self":[{"href":"https:\/\/www.jeunesseabruxelles.be\/site\/wp-json\/wp\/v2\/pages\/80","targetHints":{"allow":["GET"]}}],"collection":[{"href":"https:\/\/www.jeunesseabruxelles.be\/site\/wp-json\/wp\/v2\/pages"}],"about":[{"href":"https:\/\/www.jeunesseabruxelles.be\/site\/wp-json\/wp\/v2\/types\/page"}],"author":[{"embeddable":true,"href":"https:\/\/www.jeunesseabruxelles.be\/site\/wp-json\/wp\/v2\/users\/5"}],"replies":[{"embeddable":true,"href":"https:\/\/www.jeunesseabruxelles.be\/site\/wp-json\/wp\/v2\/comments?post=80"}],"version-history":[{"count":14,"href":"https:\/\/www.jeunesseabruxelles.be\/site\/wp-json\/wp\/v2\/pages\/80\/revisions"}],"predecessor-version":[{"id":6438,"href":"https:\/\/www.jeunesseabruxelles.be\/site\/wp-json\/wp\/v2\/pages\/80\/revisions\/6438"}],"up":[{"embeddable":true,"href":"https:\/\/www.jeunesseabruxelles.be\/site\/wp-json\/wp\/v2\/pages\/201"}],"wp:featuredmedia":[{"embeddable":true,"href":"https:\/\/www.jeunesseabruxelles.be\/site\/wp-json\/wp\/v2\/media\/725"}],"wp:attachment":[{"href":"https:\/\/www.jeunesseabruxelles.be\/site\/wp-json\/wp\/v2\/media?parent=80"}],"curies":[{"name":"wp","href":"https:\/\/api.w.org\/{rel}","templated":true}]}}