{"id":62,"date":"2014-07-08T13:51:00","date_gmt":"2014-07-08T13:51:00","guid":{"rendered":"http:\/\/jpbuse.be\/?page_id=62"},"modified":"2026-03-03T08:29:22","modified_gmt":"2026-03-03T08:29:22","slug":"activites-de-vacances","status":"publish","type":"page","link":"https:\/\/www.jeunesseabruxelles.be\/site\/activites-de-vacances\/","title":{"rendered":"Activit\u00e9s de Vacances"},"content":{"rendered":"<p>Depuis plus de 35 ans, l\u2019asbl Jeunesse \u00e0 Bruxelles, en collaboration avec le Service Jeunesse de la Ville de Bruxelles, organise lors des cong\u00e9s scolaires des plaines de vacances, des stages th\u00e9matiques et des s\u00e9jours r\u00e9sidentiels. Nos activit\u00e9s permettent aux enfants de passer leurs vacances dans un cadre convivial en go\u00fbtant aux joies de la vie en collectivit\u00e9. Autour d\u2019une th\u00e9matique p\u00e9dagogique, les animateurs organisent des activit\u00e9s ludiques en petits groupes\u00a0; activit\u00e9s qui favorisent l\u2019amusement, la d\u00e9tente et la convivialit\u00e9 tout en valorisant l\u2019autonomie, la responsabilit\u00e9 et la conscience de soi d\u00e8s le plus jeune \u00e2ge. Ces activit\u00e9s sont \u00e9galement l\u2019occasion d\u2019organiser des excursions pour tous les enfants (minimum 1\/quinzaine) aux finalit\u00e9s diverses (artistique, culturelle ou sportive).<\/p>\n<a href=\"https:\/\/www.jeunesseabruxelles.be\/site\/wp-content\/uploads\/2026\/03\/Programme-CARN-PRT-2026-FINAL-V2-.pdf\" class=\"su-button su-button-style-flat su-button-wide\" style=\"color:#ffffff;background-color:#90aeb4;border-color:#748c90;border-radius:5px\" target=\"_self\"><span style=\"color:#ffffff;padding:6px 18px;font-size:14px;line-height:21px;border-color:#b2c7cb;border-radius:5px;text-shadow:none\"><i class=\"sui sui-arrow-down\" style=\"font-size:14px;color:#FFFFFF\"><\/i> T\u00e9l\u00e9charger brochure Carnaval Printemps 2026<\/span><\/a>\n<p>&nbsp;<\/p>\n<p>&nbsp;<\/p>\n<p>&nbsp;<\/p>\n<p>&nbsp;<\/p>\n","protected":false},"excerpt":{"rendered":"<p>Depuis plus de 35 ans, l\u2019asbl Jeunesse \u00e0 Bruxelles, en collaboration avec le Service Jeunesse de la Ville de Bruxelles, organise lors des cong\u00e9s scolaires des plaines de vacances, des stages th\u00e9matiques et des s\u00e9jours r\u00e9sidentiels. Nos activit\u00e9s permettent aux enfants de passer leurs vacances dans un cadre convivial en go\u00fbtant aux joies de la &hellip; <a href=\"https:\/\/www.jeunesseabruxelles.be\/site\/activites-de-vacances\/\" class=\"more-link\">Continuer la lecture de <span class=\"screen-reader-text\">Activit\u00e9s de Vacances<\/span> <span class=\"meta-nav\">&rarr;<\/span><\/a><\/p>\n","protected":false},"author":5,"featured_media":718,"parent":0,"menu_order":0,"comment_status":"closed","ping_status":"open","template":"page-templates\/full-width.php","meta":{"footnotes":""},"class_list":["post-62","page","type-page","status-publish","has-post-thumbnail","hentry"],"_links":{"self":[{"href":"https:\/\/www.jeunesseabruxelles.be\/site\/wp-json\/wp\/v2\/pages\/62","targetHints":{"allow":["GET"]}}],"collection":[{"href":"https:\/\/www.jeunesseabruxelles.be\/site\/wp-json\/wp\/v2\/pages"}],"about":[{"href":"https:\/\/www.jeunesseabruxelles.be\/site\/wp-json\/wp\/v2\/types\/page"}],"author":[{"embeddable":true,"href":"https:\/\/www.jeunesseabruxelles.be\/site\/wp-json\/wp\/v2\/users\/5"}],"replies":[{"embeddable":true,"href":"https:\/\/www.jeunesseabruxelles.be\/site\/wp-json\/wp\/v2\/comments?post=62"}],"version-history":[{"count":63,"href":"https:\/\/www.jeunesseabruxelles.be\/site\/wp-json\/wp\/v2\/pages\/62\/revisions"}],"predecessor-version":[{"id":6506,"href":"https:\/\/www.jeunesseabruxelles.be\/site\/wp-json\/wp\/v2\/pages\/62\/revisions\/6506"}],"wp:featuredmedia":[{"embeddable":true,"href":"https:\/\/www.jeunesseabruxelles.be\/site\/wp-json\/wp\/v2\/media\/718"}],"wp:attachment":[{"href":"https:\/\/www.jeunesseabruxelles.be\/site\/wp-json\/wp\/v2\/media?parent=62"}],"curies":[{"name":"wp","href":"https:\/\/api.w.org\/{rel}","templated":true}]}}