{"id":5861,"date":"2025-08-14T14:33:44","date_gmt":"2025-08-14T14:33:44","guid":{"rendered":"https:\/\/www.jeunesseabruxelles.be\/site\/?page_id=5861"},"modified":"2025-08-14T14:52:44","modified_gmt":"2025-08-14T14:52:44","slug":"kit-danimation","status":"publish","type":"page","link":"https:\/\/www.jeunesseabruxelles.be\/site\/kit-danimation\/","title":{"rendered":"Kit d&#8217;animation"},"content":{"rendered":"<div class=\"wp-block-image\">\n<figure class=\"aligncenter size-large\"><img loading=\"lazy\" decoding=\"async\" width=\"1280\" height=\"638\" src=\"https:\/\/www.jeunesseabruxelles.be\/site\/wp-content\/uploads\/2025\/08\/1.-Photo-livres-et-jeux-bbt--1280x638.jpg\" alt=\"\" class=\"wp-image-5864\" srcset=\"https:\/\/www.jeunesseabruxelles.be\/site\/wp-content\/uploads\/2025\/08\/1.-Photo-livres-et-jeux-bbt--1280x638.jpg 1280w, https:\/\/www.jeunesseabruxelles.be\/site\/wp-content\/uploads\/2025\/08\/1.-Photo-livres-et-jeux-bbt--400x199.jpg 400w, https:\/\/www.jeunesseabruxelles.be\/site\/wp-content\/uploads\/2025\/08\/1.-Photo-livres-et-jeux-bbt--150x75.jpg 150w, https:\/\/www.jeunesseabruxelles.be\/site\/wp-content\/uploads\/2025\/08\/1.-Photo-livres-et-jeux-bbt--768x383.jpg 768w, https:\/\/www.jeunesseabruxelles.be\/site\/wp-content\/uploads\/2025\/08\/1.-Photo-livres-et-jeux-bbt--1536x766.jpg 1536w, https:\/\/www.jeunesseabruxelles.be\/site\/wp-content\/uploads\/2025\/08\/1.-Photo-livres-et-jeux-bbt-.jpg 2044w\" sizes=\"auto, (max-width: 1280px) 100vw, 1280px\" \/><\/figure>\n<\/div>\n\n\n<h2 class=\"wp-block-heading has-medium-font-size\"><strong>Nouveaut\u00e9 dans notre service baby-sitting&nbsp;!<\/strong><\/h2>\n\n\n\n<p class=\"has-text-align-left\">Pour rendre chaque garde encore plus enrichissante, nos baby-sitters ont d\u00e9sormais acc\u00e8s \u00e0 une s\u00e9lection de\u00a0<strong>jeux<\/strong>\u00a0et de\u00a0<strong>livres<\/strong>\u00a0\u00e0 emprunter.<br>Ces supports sont disponibles au bureau et leur permettent de proposer des activit\u00e9s vari\u00e9es, adapt\u00e9es \u00e0 l\u2019\u00e2ge des enfants. <\/p>\n\n\n\n<p class=\"has-text-align-left\">Une bonne mani\u00e8re d\u2019enrichir les moments pass\u00e9s avec vos enfants tout en favorisant leur imagination\u00a0!<\/p>\n\n\n\n<p class=\"has-text-align-left\"><\/p>\n\n\n\n<p><\/p>\n","protected":false},"excerpt":{"rendered":"<p>Nouveaut\u00e9 dans notre service baby-sitting&nbsp;! Pour rendre chaque garde encore plus enrichissante, nos baby-sitters ont d\u00e9sormais acc\u00e8s \u00e0 une s\u00e9lection de\u00a0jeux\u00a0et de\u00a0livres\u00a0\u00e0 emprunter.Ces supports sont disponibles au bureau et leur permettent de proposer des activit\u00e9s vari\u00e9es, adapt\u00e9es \u00e0 l\u2019\u00e2ge des enfants. Une bonne mani\u00e8re d\u2019enrichir les moments pass\u00e9s avec vos enfants tout en favorisant leur &hellip; <a href=\"https:\/\/www.jeunesseabruxelles.be\/site\/kit-danimation\/\" class=\"more-link\">Continuer la lecture de <span class=\"screen-reader-text\">Kit d&#8217;animation<\/span> <span class=\"meta-nav\">&rarr;<\/span><\/a><\/p>\n","protected":false},"author":2,"featured_media":0,"parent":0,"menu_order":0,"comment_status":"closed","ping_status":"closed","template":"","meta":{"footnotes":""},"class_list":["post-5861","page","type-page","status-publish","hentry"],"_links":{"self":[{"href":"https:\/\/www.jeunesseabruxelles.be\/site\/wp-json\/wp\/v2\/pages\/5861","targetHints":{"allow":["GET"]}}],"collection":[{"href":"https:\/\/www.jeunesseabruxelles.be\/site\/wp-json\/wp\/v2\/pages"}],"about":[{"href":"https:\/\/www.jeunesseabruxelles.be\/site\/wp-json\/wp\/v2\/types\/page"}],"author":[{"embeddable":true,"href":"https:\/\/www.jeunesseabruxelles.be\/site\/wp-json\/wp\/v2\/users\/2"}],"replies":[{"embeddable":true,"href":"https:\/\/www.jeunesseabruxelles.be\/site\/wp-json\/wp\/v2\/comments?post=5861"}],"version-history":[{"count":6,"href":"https:\/\/www.jeunesseabruxelles.be\/site\/wp-json\/wp\/v2\/pages\/5861\/revisions"}],"predecessor-version":[{"id":5871,"href":"https:\/\/www.jeunesseabruxelles.be\/site\/wp-json\/wp\/v2\/pages\/5861\/revisions\/5871"}],"wp:attachment":[{"href":"https:\/\/www.jeunesseabruxelles.be\/site\/wp-json\/wp\/v2\/media?parent=5861"}],"curies":[{"name":"wp","href":"https:\/\/api.w.org\/{rel}","templated":true}]}}