{"id":5785,"date":"2025-08-07T07:45:16","date_gmt":"2025-08-07T07:45:16","guid":{"rendered":"https:\/\/www.jeunesseabruxelles.be\/site\/?page_id=5785"},"modified":"2025-10-03T10:11:38","modified_gmt":"2025-10-03T10:11:38","slug":"avis-des-parents","status":"publish","type":"page","link":"https:\/\/www.jeunesseabruxelles.be\/site\/avis-des-parents\/","title":{"rendered":"Avis des parents"},"content":{"rendered":"\n<div\nclass=\"carousel-container\">\n\n\n\n  <button\nclass=\"carousel-btn up\"\nonclick=\"scrollCarousel(-1)\">\u2191<\/button>\n\n\n\n  <div\nclass=\"carousel\">\n\n\n\n    <div\nclass=\"testimonial\"><p\nclass=\"avis-text\">&#8220;Ayant des enfants en bas \u00e2ge, j\u2019ai \u00e9t\u00e9 rassur\u00e9e de constater que les baby-sitters s\u00e9lectionn\u00e9es avaient l\u2019habitude\n de travailler dans des structures de la petite enfance. Je suis rest\u00e9e quelques heures avec elles afin que mes enfants se sentent en confiance, et les autres fois, j\u2019ai fait ma vie. J\u2019ai vraiment pu souffler! La sant\u00e9 passe \u00e9galement par le bien-\u00eatre mental\n et le temps pour soi. La gratuit\u00e9 de ce service permet de profiter r\u00e9ellement de son temps-libre sans contrepartie financi\u00e8re. C\u2019est g\u00e9nial, sachant que beaucoup de mamans solos fr\u00f4lent la pr\u00e9carit\u00e9 financi\u00e8re. Je regrette uniquement le fait qu\u2019il n\u2019y ait\n que 20 heures par an.&#8221;<\/p><br><p\nclass=\"avis-auteur\"><strong>Maman de deux\n enfants de 5 ans et de moins d&#8217;1 an<\/strong><\/p><\/div>\n\n\n\n    <div\nclass=\"testimonial\"><p\nclass=\"avis-text\">&#8220;Tr\u00e8s bonne exp\u00e9rience, le service est rapide et efficace, la gestionnaire du service est bienveillante et\n r\u00e9active. J&#8217;ai eu  deux fois recours \u00e0 ce service. c&#8217;est TOP.&#8221;<\/p><br><p\nclass=\"avis-auteur\"><strong>Maman d&#8217;un\n enfant de 11 ans<\/strong><\/p><\/div>\n\n\n<div\nclass=\"testimonial\"><p\nclass=\"avis-text\">&#8220;Vous pouvez leur faire confiance les yeux ferm\u00e9s. Leur pr\u00e9sence est d\u2019une grande aide surtout lorsqu\u2019on a\n plusieurs enfants, cela permet de prendre un moment pour soi en toute tranquillit\u00e9. Elles savent cr\u00e9er un vrai lien avec les enfants en proposant des activit\u00e9s adapt\u00e9es. Ma baby sitter par exemple apporte toujours des jeux de soci\u00e9t\u00e9 ce qui permet d\u2019occuper\n les enfants intelligemment et de limiter au maximum le temps pass\u00e9 devant les \u00e9crans.&#8221;<\/p><br><p\nclass=\"avis-auteur\"><strong>Maman de trois\n enfants de 6 ans, 1 an et moins d&#8217;1 an<\/strong><\/p><\/div>\n\n    <div\nclass=\"testimonial\"><p\nclass=\"avis-text\">&#8220;Tr\u00e8s satisfaite de la prestation de la baby-sitter.&#8221;<\/p><br><p\nclass=\"avis-auteur\"><strong>Maman de deux\n enfants de 8 ans et 6 ans<\/strong><\/p><\/div>\n\n    <div\nclass=\"testimonial\"><p\nclass=\"avis-text\">&#8220;J&#8217;ai eu la chance de rencontrer trois baby-sitters. Avec deux d&#8217;entre elles, c&#8217;\u00e9tait excellent ; avec l&#8217;une,\n la communication \u00e9tait difficile (elle \u00e9tait en retard et ne parlait pas du tout), mais ma fille l&#8217;adorait, alors j&#8217;\u00e9tais contente.&#8221;<\/p><br><p\nclass=\"avis-auteur\"><strong>Maman d&#8217;un\n enfant d&#8217;1 an<\/strong><\/p><\/div>\n\n\n<div\nclass=\"testimonial\"><p\nclass=\"avis-text\">&#8220;Ravie de la ponctualit\u00e9 du baby-sitter et de son entente avec mes enfants.&#8221;<\/p><br><p\nclass=\"avis-auteur\"><strong>Maman de deux\n enfants de 8 ans et 7 ans<\/strong><\/p><\/div>\n\n\n<div\nclass=\"testimonial\"><p\nclass=\"avis-text\">&#8220;Je suis tr\u00e8s contente de cette exp\u00e9rience. Les baby-siiters rencontr\u00e9s \u00e9taient vraiment super et \u00e7a s&#8217;est\n tr\u00e8s bien pass\u00e9 avec les enfants. Le syst\u00e8me est tr\u00e8s pratique et facile \u00e0 mettre en place.&#8221;<\/p><br><p\nclass=\"avis-auteur\"><strong>Maman de deux\n enfants de 10 ans et 7 ans<\/strong><\/p><\/div>\n\n\n    <div\nclass=\"testimonial\"><p\nclass=\"avis-text\">&#8220;Twee punten:\n\n\n\nHet systeem om cheques op te halen.\n\n\n\nDe babysitter zelf.\n\n\n\nIk vind het systeem echt niet handig. Om de cheques te gaan halen, heb ik een half uur nodig van bij mij thuis, en nog een half uur terug. Dit was ook enkel mogelijk tijdens werkuren. Toen werkte ik nog niet, dan heb ik dat wel kunnen doen.\n\n\n\nVoor de oppas was het haar eerste keer babysitten, en met een jong kind. Ze kwam niet dichter bij mijn kind, ze zat gewoon in de sofa. Ik was aan het koken en hij wou spelen. Graag dus iemand die werk ziet.&#8221;<\/p><br><p\nclass=\"avis-auteur\"><strong>Moeder van\n een kind van 2 jaar<\/strong><\/p><\/div>\n\n\n<div\nclass=\"testimonial\"><p\nclass=\"avis-text\">&#8220;D\u00e9j\u00e0 concernant le fait que la ville ait mis en place ce service : R\u00e9volutionnaire. Je suis maman solo avec\n des horaires parfois d\u00e9cal\u00e9es, donc c\u2019est un v\u00e9ritable soulagement . La baby-sitter : qui arrive avec du coloriage , le sourire et cette petite douceur dans le regard . Ma fille a \u00e9t\u00e9 juste conquise . Elle r\u00e9side dans le quartier donc elle conna\u00eet les parcs\n etc \u2026&#8221;<\/p><br><p\nclass=\"avis-auteur\"><strong>Maman d&#8217;un\n enfant de 7 ans<\/strong><\/p><\/div>\n\n\n\n    <div\nclass=\"testimonial\"><p\nclass=\"avis-text\">&#8220;Tout s&#8217;est tr\u00e8s bien pass\u00e9.&#8221;<\/p><br><p\nclass=\"avis-auteur\"><strong>Maman d&#8217;un\n enfant de 3 ans<\/strong><\/p><\/div>\n\n<div\nclass=\"testimonial\"><p\nclass=\"avis-text\">&#8220;Tr\u00e8s bonne entente entre la baby-sitter et ma fille.&#8221;<\/p><br><p\nclass=\"avis-auteur\"><strong>Maman d&#8217;un\n enfant d&#8217;1 ans<\/strong><\/p><\/div>\n\n    <div\nclass=\"testimonial\"><p\nclass=\"avis-text\">&#8220;La premi\u00e8re personne ne correspondait pas \u00e0 mes attentes, la deuxi\u00e8me oui. La premi\u00e8re, j&#8217;avais l&#8217;impression\n qu&#8217;elle s&#8217;ennuyait, regardait son t\u00e9l\u00e9phone etc. La deuxi\u00e8me \u00e9tait gentille et \u00e0 l&#8217;\u00e9coute de l&#8217; enfant, de ses besoins.&#8221;<\/p><br><p\nclass=\"avis-auteur\"><strong>Maman d&#8217;un\n enfant de 2 ans<\/strong><\/p><\/div>\n\n\n\n    \n\n\n\n    \n\n\n\n  <\/div>\n\n\n\n  <button\nclass=\"carousel-btn down\"\nonclick=\"scrollCarousel(1)\">\u2193<\/button>\n\n\n\n<\/div>\n\n\n\n \n\n\n\n<style>\n\n\n\n.carousel-container {\n\n\n\n  display: flex;\n\n  flex-direction: column;\n\n\n\n  align-items: center;\n\n\n\n  justify-content: center;\n\n\n\n  gap: \n10px;\n\n\n\n  margin: \n2rem 0;\n\n\n\n  width: \n100vw; \/* Utilise toute la largeur de l'\u00e9cran *\/\n\n\n\n  max-width: \n100%;\n\n\n\n  overflow: hidden;\n\n\n\n}\n\n\n\n \n\n\n\n.carousel {\n\n\n\n  display: flex;\n\n\n\n  flex-direction: column;\n\n\n\n  overflow-y: auto;\n\n  overflow-x: hidden;\n\n\n\n  scroll-behavior: smooth;\n\n\n\n  gap: \n2rem;\n\n\n\n  width: \n100%;\n\n\n\n  padding: \n0 2rem;\n\n\n\n  max-height: \n70vh;\n\n\n\n  align-items: center;\n\n\n\n}\n\n\n\n \n\n\n\n.testimonial {\n\n\n\n  flex: \n0 0 auto;\n\n\n\n  width: \n100%;\n\n  max-width: \n700px;\n\n  text-align: center;\n\n\n\n  background-color: #f9f9f9;\n\n\n\n  padding: \n2rem;\n\n\n\n  border-radius: \n10px;\n\n\n\n  box-shadow: \n0 2px \n8px rgba(0,0,0,0.1);\n\n\n\n  display: flex;\n\n\n\n  flex-direction: column;\n\n\n\n  justify-content: flex-start;\n\n\n\n  height: auto;\n\n\n\n}\n\n\n\n \n\n\n\n.testimonial \np {\n\n\n\n  margin: \n0;\n\n\n\n}\n\n\n\n \n\n\n\n.avis-text {\n\n\n\n  font-style: italic;\n\n\n\n\n  font-size: \n1rem;\n\n\n\n  margin-bottom: \n2rem;\n\n\n\n  line-height: \n1.6;\n\n\n\n}\n\n\n\n \n\n\n\n.avis-auteur {\n\ntext-align : right;\n\nfont-weight: bold;\n\n\n\n  font-size: \n0.95rem;\n\n\n\n  margin-top: \n0;\n\n\n\n  padding-top: \n1rem;\n\n\n\n  color: #333;\n\n\n\n}\n\n\n\n \n\n\n\n.carousel-btn {\n\n\n\n  background-color: #e53935;\n\n\n\n  color: white;\n\n\n\n  border: none;\n\n\n\n  padding: \n0.6rem 1rem;\n\n\n\n  font-size: \n1.2rem;\n\n\n\n  cursor: pointer;\n\n\n\n  border-radius: \n5px;\n\n\n\n}\n\n\n\n \n\n\n\n.carousel-btn:hover {\n\n\n\n  background-color: #c62828;\n\n\n\n}\n\n\n\n<\/style>\n\n\n\n\n <script>\n\n    function scrollCarousel(direction) {\n\n      const carousel = document.querySelector('.carousel');\n\n      const style = getComputedStyle(document.documentElement);\n\n      const viewHeight = parseFloat(style.getPropertyValue('--view-height')) || carousel.offsetHeight;\n\n      const scrollAmount = viewHeight * direction;\n\n      carousel.scrollBy({ top: scrollAmount, behavior: \n'smooth' });\n\n    }\n\n    document.querySelectorAll('.carousel-btn').forEach(function(button) {\n\n      button.addEventListener('click',\nfunction() {\n\n        var dir = parseInt(button.getAttribute('data-dir'),\n10) || \n0;\n\n        if (dir !== \n0) scrollCarousel(dir);\n\n      });\n\n    });\n\n  <\/script>\n\n\n\n<p><\/p>\n","protected":false},"excerpt":{"rendered":"<p>\u2191 &#8220;Ayant des enfants en bas \u00e2ge, j\u2019ai \u00e9t\u00e9 rassur\u00e9e de constater que les baby-sitters s\u00e9lectionn\u00e9es avaient l\u2019habitude de travailler dans des structures de la petite enfance. Je suis rest\u00e9e quelques heures avec elles afin que mes enfants se sentent en confiance, et les autres fois, j\u2019ai fait ma vie. J\u2019ai vraiment pu souffler! La &hellip; <a href=\"https:\/\/www.jeunesseabruxelles.be\/site\/avis-des-parents\/\" class=\"more-link\">Continuer la lecture de <span class=\"screen-reader-text\">Avis des parents<\/span> <span class=\"meta-nav\">&rarr;<\/span><\/a><\/p>\n","protected":false},"author":2,"featured_media":0,"parent":0,"menu_order":0,"comment_status":"closed","ping_status":"closed","template":"","meta":{"footnotes":""},"class_list":["post-5785","page","type-page","status-publish","hentry"],"_links":{"self":[{"href":"https:\/\/www.jeunesseabruxelles.be\/site\/wp-json\/wp\/v2\/pages\/5785","targetHints":{"allow":["GET"]}}],"collection":[{"href":"https:\/\/www.jeunesseabruxelles.be\/site\/wp-json\/wp\/v2\/pages"}],"about":[{"href":"https:\/\/www.jeunesseabruxelles.be\/site\/wp-json\/wp\/v2\/types\/page"}],"author":[{"embeddable":true,"href":"https:\/\/www.jeunesseabruxelles.be\/site\/wp-json\/wp\/v2\/users\/2"}],"replies":[{"embeddable":true,"href":"https:\/\/www.jeunesseabruxelles.be\/site\/wp-json\/wp\/v2\/comments?post=5785"}],"version-history":[{"count":57,"href":"https:\/\/www.jeunesseabruxelles.be\/site\/wp-json\/wp\/v2\/pages\/5785\/revisions"}],"predecessor-version":[{"id":6048,"href":"https:\/\/www.jeunesseabruxelles.be\/site\/wp-json\/wp\/v2\/pages\/5785\/revisions\/6048"}],"wp:attachment":[{"href":"https:\/\/www.jeunesseabruxelles.be\/site\/wp-json\/wp\/v2\/media?parent=5785"}],"curies":[{"name":"wp","href":"https:\/\/api.w.org\/{rel}","templated":true}]}}