{"id":5337,"date":"2024-11-14T09:42:52","date_gmt":"2024-11-14T09:42:52","guid":{"rendered":"https:\/\/www.jeunesseabruxelles.be\/site\/?page_id=5337"},"modified":"2024-11-14T09:42:52","modified_gmt":"2024-11-14T09:42:52","slug":"centre-de-mariakerke","status":"publish","type":"page","link":"https:\/\/www.jeunesseabruxelles.be\/site\/centre-de-mariakerke\/","title":{"rendered":"CENTRE DE MARIAKERKE"},"content":{"rendered":"\n<p><\/p>\n\n\n\n<p>\ud83d\udce2 Cette  infrastructure est actuellement en travaux et ne peut donc pas \u00eatre r\u00e9serv\u00e9e.<\/p>\n\n\n\n<p class=\"has-x-large-font-size\">                          \ud83d\udea7<\/p>\n\n\n\n<p><\/p>\n","protected":false},"excerpt":{"rendered":"<p>\ud83d\udce2 Cette infrastructure est actuellement en travaux et ne peut donc pas \u00eatre r\u00e9serv\u00e9e. \ud83d\udea7<\/p>\n","protected":false},"author":2,"featured_media":0,"parent":0,"menu_order":0,"comment_status":"closed","ping_status":"closed","template":"","meta":{"footnotes":""},"class_list":["post-5337","page","type-page","status-publish","hentry"],"_links":{"self":[{"href":"https:\/\/www.jeunesseabruxelles.be\/site\/wp-json\/wp\/v2\/pages\/5337","targetHints":{"allow":["GET"]}}],"collection":[{"href":"https:\/\/www.jeunesseabruxelles.be\/site\/wp-json\/wp\/v2\/pages"}],"about":[{"href":"https:\/\/www.jeunesseabruxelles.be\/site\/wp-json\/wp\/v2\/types\/page"}],"author":[{"embeddable":true,"href":"https:\/\/www.jeunesseabruxelles.be\/site\/wp-json\/wp\/v2\/users\/2"}],"replies":[{"embeddable":true,"href":"https:\/\/www.jeunesseabruxelles.be\/site\/wp-json\/wp\/v2\/comments?post=5337"}],"version-history":[{"count":1,"href":"https:\/\/www.jeunesseabruxelles.be\/site\/wp-json\/wp\/v2\/pages\/5337\/revisions"}],"predecessor-version":[{"id":5338,"href":"https:\/\/www.jeunesseabruxelles.be\/site\/wp-json\/wp\/v2\/pages\/5337\/revisions\/5338"}],"wp:attachment":[{"href":"https:\/\/www.jeunesseabruxelles.be\/site\/wp-json\/wp\/v2\/media?parent=5337"}],"curies":[{"name":"wp","href":"https:\/\/api.w.org\/{rel}","templated":true}]}}