{"id":5235,"date":"2024-10-02T14:48:12","date_gmt":"2024-10-02T14:48:12","guid":{"rendered":"https:\/\/www.jeunesseabruxelles.be\/site\/?page_id=5235"},"modified":"2025-05-06T10:19:05","modified_gmt":"2025-05-06T10:19:05","slug":"baby-sitting","status":"publish","type":"page","link":"https:\/\/www.jeunesseabruxelles.be\/site\/baby-sitting\/","title":{"rendered":"Baby-sitting"},"content":{"rendered":"\n<p><\/p>\n\n\n\n<p>Jeunesse \u00e0 Bruxelles, en collaboration avec la Ville de Bruxelles et le CPAS de la Ville de Bruxelles, propose un service de baby-sitting gratuit destin\u00e9 aux Parents Solos r\u00e9sidant sur le territoire de la Ville de Bruxelles (Bruxelles 1000, Laeken 1020, Neder-Over-Heembeek 1120, Haren 1130).<br><\/p>\n\n\n\n<p>Le service propose 20 heures de baby-sitting gratuites pour la garde d\u2019enfants \u00e2g\u00e9s de 0 \u00e0 12 ans. Chaque prestation peut durer entre 3 et 6 heures par jour.<br><\/p>\n\n\n\n<p>Ce service a \u00e9t\u00e9 mis en place afin de permettre aux Parents Solos de b\u00e9n\u00e9ficier de temps pour des rendez-vous m\u00e9dicaux, rendez-vous professionnels ou encore pour prendre du temps pour eux-m\u00eames.<br><\/p>\n\n\n\n<p>Pour tout renseignement compl\u00e9mentaire ou pour vous inscrire, vous pouvez nous contacter au 02\/274.21.21 ou par e-mail \u00e0 l\u2019adresse suivante : babysitting@brucity.be <\/p>\n\n\n\n<p>Si vous \u00eates suivi par le CPAS introduisez directement la demande aupr\u00e8s de votre assitant\u00b7e social\u00b7e.<\/p>\n\n\n\n<p>Ce nouveau service lanc\u00e9 en septembre 2024, fruit d&rsquo;une collaboration entre la Ville de Bruxelles, son CPAS et Jeunesse \u00e0 Bruxelles Asbl, vise \u00e0 offrir un encadrement \u00e0 domicile de qualit\u00e9 aux enfants de familles monoparentales r\u00e9sidant sur le territoire de la Ville de Bruxelles ( Bruxelles, Laeken, Haren et Neder-over-Heembeek).<\/p>\n\n\n\n<p>Les baby-sitters int\u00e9ress\u00e9s peuvent postuler en ligne, en cliquant sur le lien ci-dessous :<\/p>\n\n\n\n<p>&#8211; pour les baby-sitters francophones : <a href=\"https:\/\/www.jeunesseabruxelles.be\/site\/baby-sitters-fr\/\">https:\/\/www.jeunesseabruxelles.be\/site\/baby-sitters-fr\/<\/a><\/p>\n\n\n\n<p>Deze nieuwe dienst, die in september 2024 van start gaat, is het resultaat van een samenwerking tussen de Stad Brussel, haar OCMW en de vzw Jeunesse \u00e0 Bruxelles en heeft als doel kwaliteitsvolle opvang aan huis te bieden voor kinderen van eenoudergezinnen die in de Stad Brussel (Brussel, Laken, Haren en Neder-over-Heembeek) wonen.<\/p>\n\n\n\n<p>Ge\u00efnteresseerde babysitters kunnen zich online inschrijven door op de onderstaande link te klikken:<\/p>\n\n\n\n<p>&#8211; &#8211; voor Nederlandstalige babysitters : <a href=\"https:\/\/www.jeunesseabruxelles.be\/site\/baby-sitting-nl\/\">https:\/\/www.jeunesseabruxelles.be\/site\/baby-sitting-nl\/<\/a><\/p>\n\n\n\n<p><\/p>\n\n\n\n<p><\/p>\n","protected":false},"excerpt":{"rendered":"<p>Jeunesse \u00e0 Bruxelles, en collaboration avec la Ville de Bruxelles et le CPAS de la Ville de Bruxelles, propose un service de baby-sitting gratuit destin\u00e9 aux Parents Solos r\u00e9sidant sur le territoire de la Ville de Bruxelles (Bruxelles 1000, Laeken 1020, Neder-Over-Heembeek 1120, Haren 1130). Le service propose 20 heures de baby-sitting gratuites pour la &hellip; <a href=\"https:\/\/www.jeunesseabruxelles.be\/site\/baby-sitting\/\" class=\"more-link\">Continuer la lecture de <span class=\"screen-reader-text\">Baby-sitting<\/span> <span class=\"meta-nav\">&rarr;<\/span><\/a><\/p>\n","protected":false},"author":2,"featured_media":0,"parent":0,"menu_order":0,"comment_status":"closed","ping_status":"closed","template":"","meta":{"footnotes":""},"class_list":["post-5235","page","type-page","status-publish","hentry"],"_links":{"self":[{"href":"https:\/\/www.jeunesseabruxelles.be\/site\/wp-json\/wp\/v2\/pages\/5235","targetHints":{"allow":["GET"]}}],"collection":[{"href":"https:\/\/www.jeunesseabruxelles.be\/site\/wp-json\/wp\/v2\/pages"}],"about":[{"href":"https:\/\/www.jeunesseabruxelles.be\/site\/wp-json\/wp\/v2\/types\/page"}],"author":[{"embeddable":true,"href":"https:\/\/www.jeunesseabruxelles.be\/site\/wp-json\/wp\/v2\/users\/2"}],"replies":[{"embeddable":true,"href":"https:\/\/www.jeunesseabruxelles.be\/site\/wp-json\/wp\/v2\/comments?post=5235"}],"version-history":[{"count":14,"href":"https:\/\/www.jeunesseabruxelles.be\/site\/wp-json\/wp\/v2\/pages\/5235\/revisions"}],"predecessor-version":[{"id":5608,"href":"https:\/\/www.jeunesseabruxelles.be\/site\/wp-json\/wp\/v2\/pages\/5235\/revisions\/5608"}],"wp:attachment":[{"href":"https:\/\/www.jeunesseabruxelles.be\/site\/wp-json\/wp\/v2\/media?parent=5235"}],"curies":[{"name":"wp","href":"https:\/\/api.w.org\/{rel}","templated":true}]}}