{"id":418,"date":"2015-08-25T13:17:13","date_gmt":"2015-08-25T13:17:13","guid":{"rendered":"http:\/\/www.jeunesseabruxelles.be\/site\/?page_id=418"},"modified":"2024-02-29T19:22:54","modified_gmt":"2024-02-29T19:22:54","slug":"statuts","status":"publish","type":"page","link":"https:\/\/www.jeunesseabruxelles.be\/site\/qui-sommes-nous\/statuts\/","title":{"rendered":"Statuts"},"content":{"rendered":"<p>Dans un souci de transparence, <em>Jeunesse \u00e0 Bruxelles Asbl<\/em> met \u00e0 votre disposition sur ce site ses statuts.<\/p>\n<a href=\"https:\/\/www.jeunesseabruxelles.be\/site\/wp-content\/uploads\/2015\/08\/JaBr-Statuts_initiaux_MB_du_21_juin_1979.pdf\" class=\"su-button su-button-style-flat su-button-wide\" style=\"color:#fff;background-color:#981b31;border-color:#7a1628;border-radius:5px\" target=\"_self\"><span style=\"color:#fff;padding:6px 18px;font-size:14px;line-height:21px;border-color:#b7606f;border-radius:5px;text-shadow:none\"><i class=\"sui sui-arrow-down\" style=\"font-size:14px;color:#FFFFFF\"><\/i> T\u00e9l\u00e9charger Statuts initiaux\u00a0: MB du 21 juin 1979<\/span><\/a>\n<a href=\"https:\/\/www.jeunesseabruxelles.be\/site\/wp-content\/uploads\/2016\/11\/006-11-07-2013.pdf\" class=\"su-button su-button-style-flat su-button-wide\" style=\"color:#fff;background-color:#981b31;border-color:#7a1628;border-radius:5px\" target=\"_self\"><span style=\"color:#fff;padding:6px 18px;font-size:14px;line-height:21px;border-color:#b7606f;border-radius:5px;text-shadow:none\"><i class=\"sui sui-arrow-down\" style=\"font-size:14px;color:#FFFFFF\"><\/i> T\u00e9l\u00e9charger Statuts actuels\u00a0: MB du 11 juillet 2013<\/span><\/a>\n<a href=\"https:\/\/www.jeunesseabruxelles.be\/site\/wp-content\/uploads\/2018\/06\/Publication-Moniteur-15-02-2018.pdf\" class=\"su-button su-button-style-flat su-button-wide\" style=\"color:#fff;background-color:#981b31;border-color:#7a1628;border-radius:5px\" target=\"_self\"><span style=\"color:#fff;padding:6px 18px;font-size:14px;line-height:21px;border-color:#b7606f;border-radius:5px;text-shadow:none\"><i class=\"sui sui-arrow-down\" style=\"font-size:14px;color:#FFFFFF\"><\/i> T\u00e9l\u00e9charger Statuts actuels\u00a0: MB du 15 f\u00e9vrier 2018<\/span><\/a>\n<a href=\"https:\/\/www.jeunesseabruxelles.be\/site\/wp-content\/uploads\/2024\/02\/011-09-02-2024-Jab-Statuts-pdf.pdf\" class=\"su-button su-button-style-flat su-button-wide\" style=\"color:#fff;background-color:#981b31;border-color:#7a1628;border-radius:5px\" target=\"_self\"><span style=\"color:#fff;padding:6px 18px;font-size:14px;line-height:21px;border-color:#b7606f;border-radius:5px;text-shadow:none\"><i class=\"sui sui-arrow-down\" style=\"font-size:14px;color:#FFFFFF\"><\/i> T\u00e9l\u00e9charger Statuts actuels : MB du 9 f\u00e9vrier 2024<\/span><\/a>\n","protected":false},"excerpt":{"rendered":"<p>Dans un souci de transparence, Jeunesse \u00e0 Bruxelles Asbl met \u00e0 votre disposition sur ce site ses statuts.<\/p>\n","protected":false},"author":5,"featured_media":730,"parent":21,"menu_order":0,"comment_status":"closed","ping_status":"open","template":"page-templates\/full-width.php","meta":{"footnotes":""},"class_list":["post-418","page","type-page","status-publish","has-post-thumbnail","hentry"],"_links":{"self":[{"href":"https:\/\/www.jeunesseabruxelles.be\/site\/wp-json\/wp\/v2\/pages\/418","targetHints":{"allow":["GET"]}}],"collection":[{"href":"https:\/\/www.jeunesseabruxelles.be\/site\/wp-json\/wp\/v2\/pages"}],"about":[{"href":"https:\/\/www.jeunesseabruxelles.be\/site\/wp-json\/wp\/v2\/types\/page"}],"author":[{"embeddable":true,"href":"https:\/\/www.jeunesseabruxelles.be\/site\/wp-json\/wp\/v2\/users\/5"}],"replies":[{"embeddable":true,"href":"https:\/\/www.jeunesseabruxelles.be\/site\/wp-json\/wp\/v2\/comments?post=418"}],"version-history":[{"count":13,"href":"https:\/\/www.jeunesseabruxelles.be\/site\/wp-json\/wp\/v2\/pages\/418\/revisions"}],"predecessor-version":[{"id":4809,"href":"https:\/\/www.jeunesseabruxelles.be\/site\/wp-json\/wp\/v2\/pages\/418\/revisions\/4809"}],"up":[{"embeddable":true,"href":"https:\/\/www.jeunesseabruxelles.be\/site\/wp-json\/wp\/v2\/pages\/21"}],"wp:featuredmedia":[{"embeddable":true,"href":"https:\/\/www.jeunesseabruxelles.be\/site\/wp-json\/wp\/v2\/media\/730"}],"wp:attachment":[{"href":"https:\/\/www.jeunesseabruxelles.be\/site\/wp-json\/wp\/v2\/media?parent=418"}],"curies":[{"name":"wp","href":"https:\/\/api.w.org\/{rel}","templated":true}]}}