{"id":401,"date":"2015-08-25T12:40:59","date_gmt":"2015-08-25T12:40:59","guid":{"rendered":"http:\/\/www.jeunesseabruxelles.be\/site\/?page_id=401"},"modified":"2025-10-16T10:35:41","modified_gmt":"2025-10-16T10:35:41","slug":"liens","status":"publish","type":"page","link":"https:\/\/www.jeunesseabruxelles.be\/site\/cohesion-sociale-fipi\/liens\/","title":{"rendered":"Liens"},"content":{"rendered":"<p><strong>COHESION SOCIALE<\/strong><\/p>\n<p>&nbsp;<\/p>\n<p>Cocof coh\u00e9sion sociale\u00a0: <a href=\"https:\/\/eur05.safelinks.protection.outlook.com\/?url=https%3A%2F%2Fccf.brussels%2Fnos-services%2Fdiversite-et-citoyennete%2Fsubsides-cohesion-sociale%2F&amp;data=05%7C02%7Cvalerie.lemaigre%40brucity.be%7C50462ff824b94a69424808ddf1292dac%7Cbb2cf7361de446d690044bde21a93163%7C0%7C0%7C638931881344211870%7CUnknown%7CTWFpbGZsb3d8eyJFbXB0eU1hcGkiOnRydWUsIlYiOiIwLjAuMDAwMCIsIlAiOiJXaW4zMiIsIkFOIjoiTWFpbCIsIldUIjoyfQ%3D%3D%7C0%7C%7C%7C&amp;sdata=f%2Bu0E8LYHm249gzy0FTG8Ba7l8jErpFN20yiDoS5cT4%3D&amp;reserved=0\">https:\/\/ccf.brussels\/nos-services\/diversite-et-citoyennete\/subsides-cohesion-sociale\/<\/a><\/p>\n<p>&nbsp;<\/p>\n<p><strong>CENTRES REGIONAUX SOUTENANT LA POLITIQUE DE COHESION SOCIALE<\/strong><\/p>\n<p>&nbsp;<\/p>\n<p>Centre r\u00e9gional d\u2019appui \u00e0 la coh\u00e9sion sociale (CRACS) : <a href=\"https:\/\/eur05.safelinks.protection.outlook.com\/?url=https%3A%2F%2Fwww.cbai.be%2Fevaluations-des-politiques-publiques%2F&amp;data=05%7C02%7Cvalerie.lemaigre%40brucity.be%7C50462ff824b94a69424808ddf1292dac%7Cbb2cf7361de446d690044bde21a93163%7C0%7C0%7C638931881344237937%7CUnknown%7CTWFpbGZsb3d8eyJFbXB0eU1hcGkiOnRydWUsIlYiOiIwLjAuMDAwMCIsIlAiOiJXaW4zMiIsIkFOIjoiTWFpbCIsIldUIjoyfQ%3D%3D%7C0%7C%7C%7C&amp;sdata=qPV3xp%2BQJuOZUNuYwoU6y9XDWp3mJXITuArHiaMyW7E%3D&amp;reserved=0\">https:\/\/www.cbai.be\/evaluations-des-politiques-publiques\/<\/a><\/p>\n<p>Centre r\u00e9gional pour le d\u00e9veloppement de l\u2019alphab\u00e9tisation et l\u2019apprentissage du fran\u00e7ais pour adultes (CREDAF)\u00a0: <a href=\"https:\/\/eur05.safelinks.protection.outlook.com\/?url=https%3A%2F%2Flire-et-ecrire.be%2FCoordinations&amp;data=05%7C02%7Cvalerie.lemaigre%40brucity.be%7C50462ff824b94a69424808ddf1292dac%7Cbb2cf7361de446d690044bde21a93163%7C0%7C0%7C638931881344259099%7CUnknown%7CTWFpbGZsb3d8eyJFbXB0eU1hcGkiOnRydWUsIlYiOiIwLjAuMDAwMCIsIlAiOiJXaW4zMiIsIkFOIjoiTWFpbCIsIldUIjoyfQ%3D%3D%7C0%7C%7C%7C&amp;sdata=757OVd76Jc%2BexC7ZKpF%2FGSkjaJY3CUxIppiVGQKKAH0%3D&amp;reserved=0\">https:\/\/lire-et-ecrire.be\/Coordinations<\/a><\/p>\n<p>Centre r\u00e9gional pour le d\u00e9veloppement de l\u2019accompagnement \u00e0 la scolarit\u00e9 et la citoyennet\u00e9 (CREDASC)\u00a0: <a href=\"https:\/\/eur05.safelinks.protection.outlook.com\/?url=https%3A%2F%2Fwww.ecolesdedevoirs.be%2Fequipe&amp;data=05%7C02%7Cvalerie.lemaigre%40brucity.be%7C50462ff824b94a69424808ddf1292dac%7Cbb2cf7361de446d690044bde21a93163%7C0%7C0%7C638931881344274907%7CUnknown%7CTWFpbGZsb3d8eyJFbXB0eU1hcGkiOnRydWUsIlYiOiIwLjAuMDAwMCIsIlAiOiJXaW4zMiIsIkFOIjoiTWFpbCIsIldUIjoyfQ%3D%3D%7C0%7C%7C%7C&amp;sdata=l5NIDfPRHcExhlaTIZ9hvIAtgUlyRRduxsFFRMgE%2Bnc%3D&amp;reserved=0\">https:\/\/www.ecolesdedevoirs.be\/equipe<\/a><\/p>\n<p>&nbsp;<\/p>\n<p><strong>COORDINATIONS SOCIALES DES QUARTIERS<\/strong><\/p>\n<p>&nbsp;<\/p>\n<p>Coordination Sociale des Marolles : <a href=\"https:\/\/eur05.safelinks.protection.outlook.com\/?url=https%3A%2F%2Flesmarolles.be%2F&amp;data=05%7C02%7Cvalerie.lemaigre%40brucity.be%7C50462ff824b94a69424808ddf1292dac%7Cbb2cf7361de446d690044bde21a93163%7C0%7C0%7C638931881344291035%7CUnknown%7CTWFpbGZsb3d8eyJFbXB0eU1hcGkiOnRydWUsIlYiOiIwLjAuMDAwMCIsIlAiOiJXaW4zMiIsIkFOIjoiTWFpbCIsIldUIjoyfQ%3D%3D%7C0%7C%7C%7C&amp;sdata=T%2FwCkKw%2FXLh7SAHTNfkdDbKC45Hj1gZqTufPGJVhwtg%3D&amp;reserved=0\">https:\/\/lesmarolles.be\/<\/a><\/p>\n<p>Coordination Sociale de Laeken : <a href=\"https:\/\/eur05.safelinks.protection.outlook.com\/?url=https%3A%2F%2Fpicol.be%2F-Coordination-Sociale-de-Laeken-&amp;data=05%7C02%7Cvalerie.lemaigre%40brucity.be%7C50462ff824b94a69424808ddf1292dac%7Cbb2cf7361de446d690044bde21a93163%7C0%7C0%7C638931881344307595%7CUnknown%7CTWFpbGZsb3d8eyJFbXB0eU1hcGkiOnRydWUsIlYiOiIwLjAuMDAwMCIsIlAiOiJXaW4zMiIsIkFOIjoiTWFpbCIsIldUIjoyfQ%3D%3D%7C0%7C%7C%7C&amp;sdata=IE5DEEwpcTGgTKo69xOCh5QLr2VrVn9nxwjvOyAtgOM%3D&amp;reserved=0\">https:\/\/picol.be\/-Coordination-Sociale-de-Laeken-<\/a><\/p>\n<p>Coordination Sociale Quartier Neder-Over-Heembeek :\u00a0 <a href=\"https:\/\/eur05.safelinks.protection.outlook.com\/?url=https%3A%2F%2Fquartier-noh.be%2Fla-coordination-sociale%2F&amp;data=05%7C02%7Cvalerie.lemaigre%40brucity.be%7C50462ff824b94a69424808ddf1292dac%7Cbb2cf7361de446d690044bde21a93163%7C0%7C0%7C638931881344322432%7CUnknown%7CTWFpbGZsb3d8eyJFbXB0eU1hcGkiOnRydWUsIlYiOiIwLjAuMDAwMCIsIlAiOiJXaW4zMiIsIkFOIjoiTWFpbCIsIldUIjoyfQ%3D%3D%7C0%7C%7C%7C&amp;sdata=otRpjeEQkXKfIxVARMdsfjuUoVkzf4Ql7i471bhdb24%3D&amp;reserved=0\">https:\/\/quartier-noh.be\/la-coordination-sociale\/<\/a><\/p>\n<p>Coordinations Sociale de la Senne (page Facebook) : <a href=\"https:\/\/eur05.safelinks.protection.outlook.com\/?url=https%3A%2F%2Fwww.facebook.com%2Fgroups%2F796112385605218%2F&amp;data=05%7C02%7Cvalerie.lemaigre%40brucity.be%7C50462ff824b94a69424808ddf1292dac%7Cbb2cf7361de446d690044bde21a93163%7C0%7C0%7C638931881344336830%7CUnknown%7CTWFpbGZsb3d8eyJFbXB0eU1hcGkiOnRydWUsIlYiOiIwLjAuMDAwMCIsIlAiOiJXaW4zMiIsIkFOIjoiTWFpbCIsIldUIjoyfQ%3D%3D%7C0%7C%7C%7C&amp;sdata=NCuhdt4VoepKlxCRi7weeVkWlsBlbagaAenqUvwie0Q%3D&amp;reserved=0\">https:\/\/www.facebook.com\/groups\/796112385605218\/<\/a><\/p>\n<p>Coordination sociale du Quartier Nord :\u00a0 <a href=\"https:\/\/eur05.safelinks.protection.outlook.com\/?url=https%3A%2F%2Finfoquartiernord.be%2F&amp;data=05%7C02%7Cvalerie.lemaigre%40brucity.be%7C50462ff824b94a69424808ddf1292dac%7Cbb2cf7361de446d690044bde21a93163%7C0%7C0%7C638931881344351210%7CUnknown%7CTWFpbGZsb3d8eyJFbXB0eU1hcGkiOnRydWUsIlYiOiIwLjAuMDAwMCIsIlAiOiJXaW4zMiIsIkFOIjoiTWFpbCIsIldUIjoyfQ%3D%3D%7C0%7C%7C%7C&amp;sdata=ZGcWtQwJoBEPSSiAF6iwUfy0el2XlAV%2BgEoLeZu%2BSjU%3D&amp;reserved=0\">https:\/\/infoquartiernord.be\/<\/a><\/p>\n<p>&nbsp;<\/p>\n<p><strong>PARTENAIRES CONTRIBUANT A UNE POLITIQUE DE COHESION SOCIALE INTEGREE<\/strong><\/p>\n<p>&nbsp;<\/p>\n<p>Bureau d\u2019Accueil pour Primo-arrivants (BAPA BXL)\u00a0: <a href=\"https:\/\/eur05.safelinks.protection.outlook.com\/?url=https%3A%2F%2Fbapabxl.be%2Ffr%2Faccueil&amp;data=05%7C02%7Cvalerie.lemaigre%40brucity.be%7C50462ff824b94a69424808ddf1292dac%7Cbb2cf7361de446d690044bde21a93163%7C0%7C0%7C638931881344365253%7CUnknown%7CTWFpbGZsb3d8eyJFbXB0eU1hcGkiOnRydWUsIlYiOiIwLjAuMDAwMCIsIlAiOiJXaW4zMiIsIkFOIjoiTWFpbCIsIldUIjoyfQ%3D%3D%7C0%7C%7C%7C&amp;sdata=4mayO7LNYxCdbfgxwdh%2BDmECS3xAmXL%2Fur5YluNMDUA%3D&amp;reserved=0\">https:\/\/bapabxl.be\/fr\/accueil<\/a><\/p>\n<p>Bravvo-Service Pr\u00e9vention de la Ville de Bruxelles : <a href=\"https:\/\/eur05.safelinks.protection.outlook.com\/?url=https%3A%2F%2Fbravvo.bruxelles.be%2Factualites&amp;data=05%7C02%7Cvalerie.lemaigre%40brucity.be%7C50462ff824b94a69424808ddf1292dac%7Cbb2cf7361de446d690044bde21a93163%7C0%7C0%7C638931881344379140%7CUnknown%7CTWFpbGZsb3d8eyJFbXB0eU1hcGkiOnRydWUsIlYiOiIwLjAuMDAwMCIsIlAiOiJXaW4zMiIsIkFOIjoiTWFpbCIsIldUIjoyfQ%3D%3D%7C0%7C%7C%7C&amp;sdata=hAsOfsP4rKyxwyJelnkVeZO0SUvjkRInR8oh5K4YC1Q%3D&amp;reserved=0\">https:\/\/bravvo.bruxelles.be\/actualites<\/a><\/p>\n<p>Service Jeunesse du CPAS de la Ville de Bruxelles\u00a0: <a href=\"https:\/\/eur05.safelinks.protection.outlook.com\/?url=https%3A%2F%2Fcpasbxl.brussels%2F%3Fp%3D29&amp;data=05%7C02%7Cvalerie.lemaigre%40brucity.be%7C50462ff824b94a69424808ddf1292dac%7Cbb2cf7361de446d690044bde21a93163%7C0%7C0%7C638931881344392780%7CUnknown%7CTWFpbGZsb3d8eyJFbXB0eU1hcGkiOnRydWUsIlYiOiIwLjAuMDAwMCIsIlAiOiJXaW4zMiIsIkFOIjoiTWFpbCIsIldUIjoyfQ%3D%3D%7C0%7C%7C%7C&amp;sdata=rtg%2B8YW%2FbOqCEjfUBJpIB65%2F%2FvlZs0J7UDbfM5Uwv3c%3D&amp;reserved=0\">https:\/\/cpasbxl.brussels\/?p=29<\/a><\/p>\n","protected":false},"excerpt":{"rendered":"<p>COHESION SOCIALE &nbsp; Cocof coh\u00e9sion sociale\u00a0: https:\/\/ccf.brussels\/nos-services\/diversite-et-citoyennete\/subsides-cohesion-sociale\/ &nbsp; CENTRES REGIONAUX SOUTENANT LA POLITIQUE DE COHESION SOCIALE &nbsp; Centre r\u00e9gional d\u2019appui \u00e0 la coh\u00e9sion sociale (CRACS) : https:\/\/www.cbai.be\/evaluations-des-politiques-publiques\/ Centre r\u00e9gional pour le d\u00e9veloppement de l\u2019alphab\u00e9tisation et l\u2019apprentissage du fran\u00e7ais pour adultes (CREDAF)\u00a0: https:\/\/lire-et-ecrire.be\/Coordinations Centre r\u00e9gional pour le d\u00e9veloppement de l\u2019accompagnement \u00e0 la scolarit\u00e9 et la citoyennet\u00e9 &hellip; <a href=\"https:\/\/www.jeunesseabruxelles.be\/site\/cohesion-sociale-fipi\/liens\/\" class=\"more-link\">Continuer la lecture de <span class=\"screen-reader-text\">Liens<\/span> <span class=\"meta-nav\">&rarr;<\/span><\/a><\/p>\n","protected":false},"author":5,"featured_media":726,"parent":87,"menu_order":0,"comment_status":"closed","ping_status":"open","template":"page-templates\/full-width.php","meta":{"footnotes":""},"class_list":["post-401","page","type-page","status-publish","has-post-thumbnail","hentry"],"_links":{"self":[{"href":"https:\/\/www.jeunesseabruxelles.be\/site\/wp-json\/wp\/v2\/pages\/401","targetHints":{"allow":["GET"]}}],"collection":[{"href":"https:\/\/www.jeunesseabruxelles.be\/site\/wp-json\/wp\/v2\/pages"}],"about":[{"href":"https:\/\/www.jeunesseabruxelles.be\/site\/wp-json\/wp\/v2\/types\/page"}],"author":[{"embeddable":true,"href":"https:\/\/www.jeunesseabruxelles.be\/site\/wp-json\/wp\/v2\/users\/5"}],"replies":[{"embeddable":true,"href":"https:\/\/www.jeunesseabruxelles.be\/site\/wp-json\/wp\/v2\/comments?post=401"}],"version-history":[{"count":5,"href":"https:\/\/www.jeunesseabruxelles.be\/site\/wp-json\/wp\/v2\/pages\/401\/revisions"}],"predecessor-version":[{"id":6085,"href":"https:\/\/www.jeunesseabruxelles.be\/site\/wp-json\/wp\/v2\/pages\/401\/revisions\/6085"}],"up":[{"embeddable":true,"href":"https:\/\/www.jeunesseabruxelles.be\/site\/wp-json\/wp\/v2\/pages\/87"}],"wp:featuredmedia":[{"embeddable":true,"href":"https:\/\/www.jeunesseabruxelles.be\/site\/wp-json\/wp\/v2\/media\/726"}],"wp:attachment":[{"href":"https:\/\/www.jeunesseabruxelles.be\/site\/wp-json\/wp\/v2\/media?parent=401"}],"curies":[{"name":"wp","href":"https:\/\/api.w.org\/{rel}","templated":true}]}}