{"id":399,"date":"2015-08-25T12:40:44","date_gmt":"2015-08-25T12:40:44","guid":{"rendered":"http:\/\/www.jeunesseabruxelles.be\/site\/?page_id=399"},"modified":"2025-02-21T11:39:16","modified_gmt":"2025-02-21T11:39:16","slug":"associations-partenaires","status":"publish","type":"page","link":"https:\/\/www.jeunesseabruxelles.be\/site\/cohesion-sociale-fipi\/associations-partenaires\/","title":{"rendered":"Associations partenaires"},"content":{"rendered":"\n<p><strong>Projets de coh\u00e9sion sociale de la Ville de Bruxelles (volet local agr\u00e9\u00e9 &#8211; 2024-2028)<\/strong><\/p>\n\n\n\n<p><em>Amo de Noh, Arthis Maison Belgo-Roumaine, ASE Anneessens, Les Ateliers du soleil, Bruxelles Nord-Maison de la cr\u00e9ation, Bruxelles Enseignement, Caria (Centre d\u2019accueil, de recherche, de formation et d\u2019animation), Centre culturel Bruegel, Centre social du B\u00e9guinage, Centre Tefo, Club de Jeunesse, Cultures et sant\u00e9, Don Bosco T\u00e9l\u00e9service, Double sens, EDD de Noh, Entraide, Entraide Bruxelles, Entraide des Marolles, Espace cultures et d\u00e9veloppement, Eur\u00eaka aide et soutien !, Formosa, Foyer des jeunes des Marolles, Graphoui, Groupe d\u2019Entraide scolaire de Laeken, Interp\u00f4le, Jeunesse \u00e0 Bruxelles (Coordination locale), Joseph Swinnen, L\u2019Amorce, La Chomhier, L\u2019\u00e9p\u00e9e, Le Colombier, Les Ateliers populaires, MJ NOH, Maison des jeunes le 88, Mini-Anneessens, Pr\u00e9vention Jeunes Bruxelles, Le Troisi\u00e8me \u0153il.<\/em><\/p>\n\n\n\n<p><strong>Projets Impulsion (2025)<\/strong><\/p>\n\n\n\n<p><em>Artist City (AC), Objectif MED, Toucan AMO, Espace Cultures D\u00e9veloppement, Entraide Bruxelles, Arthis \u2013 La Maison Culturelle Belgo-Roumaine, Interp\u00f4le asbl, Chicago Back, Double Sens, Centre TEFO, Centre culturel Bruxelles Nord \u2013 Maison de la cr\u00e9ation asbl, Mini-Anneessens, Espace Social T\u00e9l\u00e9service, Educ &amp; Form, VLM (Association de la jeunesse, Valeur, Loyaut\u00e9, Motivation).<\/em><\/p>\n","protected":false},"excerpt":{"rendered":"<p>Projets de coh\u00e9sion sociale de la Ville de Bruxelles (volet local agr\u00e9\u00e9 &#8211; 2024-2028) Amo de Noh, Arthis Maison Belgo-Roumaine, ASE Anneessens, Les Ateliers du soleil, Bruxelles Nord-Maison de la cr\u00e9ation, Bruxelles Enseignement, Caria (Centre d\u2019accueil, de recherche, de formation et d\u2019animation), Centre culturel Bruegel, Centre social du B\u00e9guinage, Centre Tefo, Club de Jeunesse, Cultures &hellip; <a href=\"https:\/\/www.jeunesseabruxelles.be\/site\/cohesion-sociale-fipi\/associations-partenaires\/\" class=\"more-link\">Continuer la lecture de <span class=\"screen-reader-text\">Associations partenaires<\/span> <span class=\"meta-nav\">&rarr;<\/span><\/a><\/p>\n","protected":false},"author":5,"featured_media":726,"parent":87,"menu_order":0,"comment_status":"closed","ping_status":"open","template":"page-templates\/full-width.php","meta":{"footnotes":""},"class_list":["post-399","page","type-page","status-publish","has-post-thumbnail","hentry"],"_links":{"self":[{"href":"https:\/\/www.jeunesseabruxelles.be\/site\/wp-json\/wp\/v2\/pages\/399","targetHints":{"allow":["GET"]}}],"collection":[{"href":"https:\/\/www.jeunesseabruxelles.be\/site\/wp-json\/wp\/v2\/pages"}],"about":[{"href":"https:\/\/www.jeunesseabruxelles.be\/site\/wp-json\/wp\/v2\/types\/page"}],"author":[{"embeddable":true,"href":"https:\/\/www.jeunesseabruxelles.be\/site\/wp-json\/wp\/v2\/users\/5"}],"replies":[{"embeddable":true,"href":"https:\/\/www.jeunesseabruxelles.be\/site\/wp-json\/wp\/v2\/comments?post=399"}],"version-history":[{"count":4,"href":"https:\/\/www.jeunesseabruxelles.be\/site\/wp-json\/wp\/v2\/pages\/399\/revisions"}],"predecessor-version":[{"id":5524,"href":"https:\/\/www.jeunesseabruxelles.be\/site\/wp-json\/wp\/v2\/pages\/399\/revisions\/5524"}],"up":[{"embeddable":true,"href":"https:\/\/www.jeunesseabruxelles.be\/site\/wp-json\/wp\/v2\/pages\/87"}],"wp:featuredmedia":[{"embeddable":true,"href":"https:\/\/www.jeunesseabruxelles.be\/site\/wp-json\/wp\/v2\/media\/726"}],"wp:attachment":[{"href":"https:\/\/www.jeunesseabruxelles.be\/site\/wp-json\/wp\/v2\/media?parent=399"}],"curies":[{"name":"wp","href":"https:\/\/api.w.org\/{rel}","templated":true}]}}