{"id":388,"date":"2015-08-25T12:35:24","date_gmt":"2015-08-25T12:35:24","guid":{"rendered":"http:\/\/www.jeunesseabruxelles.be\/site\/?page_id=388"},"modified":"2021-04-13T13:29:16","modified_gmt":"2021-04-13T13:29:16","slug":"lien","status":"publish","type":"page","link":"https:\/\/www.jeunesseabruxelles.be\/site\/accueil-temps-libre\/lien\/","title":{"rendered":"Liens"},"content":{"rendered":"<p style=\"text-align: center;\"><strong>Liens ATL (R\u00e9gion-Bruxelles Capitale)<\/strong><\/p>\n<ul>\n<li><strong>Acteurs institutionnels <\/strong><\/li>\n<\/ul>\n<p>Service public francophone bruxellois (anciennement\u00a0COCOF) :\u00a0<a href=\"http:\/\/www.spfb.brussels\/\">http:\/\/www.spfb.brussels\/<\/a><\/p>\n<p>F\u00e9d\u00e9ration Wallonie-Bruxelles (FWB) :\u00a0<a href=\"http:\/\/www.federation-wallonie-bruxelles.be\/\">http:\/\/www.federation-wallonie-bruxelles.be\/<\/a><\/p>\n<p>Observatoire de l\u2019Enfance, de la Jeunesse et de l\u2019Aide \u00e0 la Jeunesse (OEJAJ)\u00a0: <a href=\"http:\/\/www.oejaj.cfwb.be\/\">http:\/\/www.oejaj.cfwb.be\/<\/a><\/p>\n<p>Office National de l\u2019Enfance (ONE)\u00a0: <a href=\"http:\/\/www.one.be\/\">http:\/\/www.one.be\/<\/a><\/p>\n<p>Personne Handicap\u00e9e Autonomie Recherch\u00e9e (information, conseils et interventions financi\u00e8res aux personnes handicap\u00e9es en R\u00e9gion bruxelloise)\u00a0: <a href=\"http:\/\/phare.irisnet.be\/\">http:\/\/phare.irisnet.be\/<\/a><\/p>\n<ul>\n<li><strong>Acteurs du Secteur Enfance\/Jeunesse<\/strong><\/li>\n<\/ul>\n<p>Bruxelles Accueil et D\u00e9veloppement pour la Jeunesse et l\u2019Enfance (BADJE asbl)\u00a0: <a href=\"http:\/\/www.badje.be\/\">http:\/\/www.badje.be\/<\/a><\/p>\n<p>Coordination des Ecoles de Devoirs de Bruxelles :\u00a0<a href=\"http:\/\/www.ceddbxl.be\/\">http:\/\/www.ceddbxl.be\/<\/a><\/p>\n<p>F\u00e9d\u00e9ration des Ecoles de Devoirs\u00a0: <a href=\"http:\/\/www.ecolesdedevoirs.be\/\">http:\/\/www.ecolesdedevoirs.be\/<\/a><\/p>\n<p>F\u00e9d\u00e9ration des Initiatives Locales pour l\u2019Enfance (FILE asbl) :\u00a0<a href=\"http:\/\/www.fileasbl.be\/membres\/\">http:\/\/www.fileasbl.be\/membres\/<\/a><\/p>\n<ul>\n<li><strong>Activit\u00e9s ATL (non catalogu\u00e9es dans la brochure \u00ab\u00a0Pose ton cartable\u00a0\u00bb)<\/strong><\/li>\n<\/ul>\n<p>Ludobel\u00a0 (association de promotion culturelle du Jeu)\u00a0:\u00a0<a href=\"http:\/\/ludobel.be\/\">http:\/\/ludobel.be\/<\/a><\/p>\n<p>Chambre des th\u00e9\u00e2tres pour l\u2019Enfance et la Jeunesse :\u00a0<a href=\"http:\/\/www.ctej.be\/\">http:\/\/www.ctej.be\/<\/a><\/p>\n<p>Conseil bruxellois des mus\u00e9es\u00a0: <a href=\"http:\/\/www.brusselsmuseums.be\/fr\/\">http:\/\/www.brusselsmuseums.be\/fr\/<\/a><\/p>\n<p>Moteur de recherche d\u2019activit\u00e9s en r\u00e9gion Bruxelles capitale\u00a0:\u00a0<a href=\"http:\/\/www.Bruxellestempslibre.be\">www.Bruxellestempslibre.be<\/a><\/p>\n<p>Th\u00e9\u00e2tre du Bronks (Th\u00e9\u00e2tre Jeune public NL) : <a href=\"https:\/\/www.bronks.be\/fr\/\">https:\/\/www.bronks.be\/fr\/<\/a><\/p>\n<ul>\n<li><strong>Loisirs et handicaps (non catalogu\u00e9s dans \u00ab\u00a0Pose ton cartable\u00a0\u00bb)<\/strong><\/li>\n<\/ul>\n<p>Bruxelles Int\u00e9gration ( tout type de d\u00e9ficience) :\u00a0<a href=\"http:\/\/www.bruxelles-integration.be\/\">http:\/\/www.bruxelles-integration.be\/<\/a><\/p>\n<p>Collectif Recherche et Expression (d\u00e9ficience auditive) :\u00a0<a href=\"http:\/\/www.creeasbl.be\/\">http:\/\/www.creeasbl.be\/<\/a><\/p>\n<p>F\u00e9d\u00e9ration nationale pour la Promotion des Handicap\u00e9s (FNPH) <a href=\"_wp_link_placeholder\" data-wplink-edit=\"true\">http:\/\/www.fnph-handicaploisir.be\/node\/3%MCEPASTEBIN%<\/a><\/p>\n<p>La Septanti\u00e8me unit\u00e9 (d\u00e9ficience mentale l\u00e9g\u00e8re ou mod\u00e9r\u00e9e) :\u00a0<a href=\"https:\/\/www.laseptantieme.be\/\">https:\/\/www.laseptantieme.be\/<\/a><\/p>\n<p>LUAPE (ludoth\u00e8que adapt\u00e9e aux personnes, enfants et adultes, atteintes d\u2019un handicap)\u00a0:\u00a0<a href=\"http:\/\/www.luape.org\/\">http:\/\/www.luape.org\/<\/a><\/p>\n<p>Plateau 96 (\u00a0ateliers cr\u00e9atifs pour enfants et adultes sourds ou malentendants ainsi que de personnes atteintes de troubles du comportement ou de d\u00e9ficiences intellectuelles) :\u00a0<a href=\"http:\/\/www.ateliers-indigo.be\/\">http:\/\/www.ateliers-indigo.be\/<\/a><\/p>\n<p>Pony Paradise (tout type de d\u00e9ficience\u00a0; Ferme P\u00e9dagogique et Centre d&rsquo;Hippoth\u00e9rapie)\u00a0:\u00a0<a href=\"http:\/\/www.pony-paradise.be\/\">http:\/\/www.pony-paradise.be\/<\/a><\/p>\n<ul>\n<li><strong>Organisations de jeunesse\u00a0(non catalogu\u00e9s dans \u00ab\u00a0Pose ton cartable\u00a0\u00bb)<\/strong><\/li>\n<\/ul>\n<p>Plateforme d\u2019organisations de\u00a0Jeunesse :\u00a0<a href=\"http:\/\/organisationsdejeunesse.be\/les-oj\/\">http:\/\/organisationsdejeunesse.be\/les-oj\/<\/a><\/p>\n<p>F\u00e9d\u00e9ration Relie-F (organisations de jeunesse) :\u00a0<a href=\"http:\/\/www.relie-f.be\/\">http:\/\/www.relie-f.be\/<\/a><\/p>\n","protected":false},"excerpt":{"rendered":"<p>Liens ATL (R\u00e9gion-Bruxelles Capitale) Acteurs institutionnels Service public francophone bruxellois (anciennement\u00a0COCOF) :\u00a0http:\/\/www.spfb.brussels\/ F\u00e9d\u00e9ration Wallonie-Bruxelles (FWB) :\u00a0http:\/\/www.federation-wallonie-bruxelles.be\/ Observatoire de l\u2019Enfance, de la Jeunesse et de l\u2019Aide \u00e0 la Jeunesse (OEJAJ)\u00a0: http:\/\/www.oejaj.cfwb.be\/ Office National de l\u2019Enfance (ONE)\u00a0: http:\/\/www.one.be\/ Personne Handicap\u00e9e Autonomie Recherch\u00e9e (information, conseils et interventions financi\u00e8res aux personnes handicap\u00e9es en R\u00e9gion bruxelloise)\u00a0: http:\/\/phare.irisnet.be\/ Acteurs du Secteur &hellip; <a href=\"https:\/\/www.jeunesseabruxelles.be\/site\/accueil-temps-libre\/lien\/\" class=\"more-link\">Continuer la lecture de <span class=\"screen-reader-text\">Liens<\/span> <span class=\"meta-nav\">&rarr;<\/span><\/a><\/p>\n","protected":false},"author":5,"featured_media":725,"parent":201,"menu_order":0,"comment_status":"closed","ping_status":"closed","template":"page-templates\/full-width.php","meta":{"footnotes":""},"class_list":["post-388","page","type-page","status-publish","has-post-thumbnail","hentry"],"_links":{"self":[{"href":"https:\/\/www.jeunesseabruxelles.be\/site\/wp-json\/wp\/v2\/pages\/388","targetHints":{"allow":["GET"]}}],"collection":[{"href":"https:\/\/www.jeunesseabruxelles.be\/site\/wp-json\/wp\/v2\/pages"}],"about":[{"href":"https:\/\/www.jeunesseabruxelles.be\/site\/wp-json\/wp\/v2\/types\/page"}],"author":[{"embeddable":true,"href":"https:\/\/www.jeunesseabruxelles.be\/site\/wp-json\/wp\/v2\/users\/5"}],"replies":[{"embeddable":true,"href":"https:\/\/www.jeunesseabruxelles.be\/site\/wp-json\/wp\/v2\/comments?post=388"}],"version-history":[{"count":12,"href":"https:\/\/www.jeunesseabruxelles.be\/site\/wp-json\/wp\/v2\/pages\/388\/revisions"}],"predecessor-version":[{"id":3138,"href":"https:\/\/www.jeunesseabruxelles.be\/site\/wp-json\/wp\/v2\/pages\/388\/revisions\/3138"}],"up":[{"embeddable":true,"href":"https:\/\/www.jeunesseabruxelles.be\/site\/wp-json\/wp\/v2\/pages\/201"}],"wp:featuredmedia":[{"embeddable":true,"href":"https:\/\/www.jeunesseabruxelles.be\/site\/wp-json\/wp\/v2\/media\/725"}],"wp:attachment":[{"href":"https:\/\/www.jeunesseabruxelles.be\/site\/wp-json\/wp\/v2\/media?parent=388"}],"curies":[{"name":"wp","href":"https:\/\/api.w.org\/{rel}","templated":true}]}}