{"id":38,"date":"2014-07-08T13:39:46","date_gmt":"2014-07-08T13:39:46","guid":{"rendered":"http:\/\/jpbuse.be\/?page_id=38"},"modified":"2026-03-02T10:35:59","modified_gmt":"2026-03-02T10:35:59","slug":"equipe","status":"publish","type":"page","link":"https:\/\/www.jeunesseabruxelles.be\/site\/qui-sommes-nous\/equipe\/","title":{"rendered":"Equipe"},"content":{"rendered":"<p><strong><u>Direction<\/u><\/strong>\u00a0: Val\u00e9rie LEMAIGRE<\/p>\n<p><strong><u>Cellule Administrative<\/u><\/strong>\u00a0:<\/p>\n<p>Assistant.e de direction : Vanessa IMANA<\/p>\n<p>Pr\u00e9pos\u00e9e \u00e0 l\u2019accueil secr\u00e9tariat\u00a0: Sa\u00efda AMEZIAN<\/p>\n<p>Agent administratif (VBX) : Nadia KARAM<\/p>\n<p><strong><u>Cellule Activit\u00e9s de vacances<\/u><\/strong> :<\/p>\n<p>Assistant administratif : Alessandro BURATTINI<\/p>\n<p>Assistante administrative : Aur\u00e9lie De VOS<\/p>\n<p>Coordinatrice\u00a0 vacances (VBX) : Laure DELIGNON<\/p>\n<p>Coordinatrice\u00a0 vacances : Soumaya BOUAZZA<\/p>\n<p>Coordinateur vacances : Brieuc LOVIBOND<\/p>\n<p>Coordinatrice\u00a0 vacances : B\u00e9r\u00e9nice MAERTENS<\/p>\n<p><strong><u>Cellule ATL<\/u><\/strong>\u00a0:<\/p>\n<p>Coordinatrice ATL : Charline DECOSTER<\/p>\n<p>Coordinatrice ATL : Chiara LEFEVRE<\/p>\n<p><strong><u>Cellule Baby-Sitting<\/u><\/strong>\u00a0:<\/p>\n<p>Gestionnaire projet : Chaimae RIAD<\/p>\n<p><strong><u>Cellule Coh\u00e9sion sociale <\/u><\/strong>\u00a0:<\/p>\n<p>Coordinatrice Coh\u00e9sion sociale : Basma BEN AMAR<\/p>\n<p>Coordinateur Coh\u00e9sion sociale : Karim BOUHOUT<\/p>\n<p><strong><u>Centre\u00a0Elisabeth Carter <\/u><\/strong>\u00a0:<\/p>\n<p>Val\u00e9rie MEGANK (VBX) et Cha\u00efmae RIAD<\/p>\n<p><strong><u>D\u00e9p\u00f4t H\u00e9liport<\/u><\/strong>\u00a0:<\/p>\n<p>Gestionnaire (VBX) : Anas EL HASSNAOUI<\/p>\n<p>Chauffeur &#8211; livreur : Mounssif CHAIRI<\/p>\n<p>Chauffeur \u2013 livreur\u00a0: Sa\u00efd EL KADDOURI<\/p>\n<p>Chauffeur &#8211; livreur (VBX) : Lukasz MILEWSKI<\/p>\n","protected":false},"excerpt":{"rendered":"<p>Direction\u00a0: Val\u00e9rie LEMAIGRE Cellule Administrative\u00a0: Assistant.e de direction : Vanessa IMANA Pr\u00e9pos\u00e9e \u00e0 l\u2019accueil secr\u00e9tariat\u00a0: Sa\u00efda AMEZIAN Agent administratif (VBX) : Nadia KARAM Cellule Activit\u00e9s de vacances : Assistant administratif : Alessandro BURATTINI Assistante administrative : Aur\u00e9lie De VOS Coordinatrice\u00a0 vacances (VBX) : Laure DELIGNON Coordinatrice\u00a0 vacances : Soumaya BOUAZZA Coordinateur vacances : Brieuc LOVIBOND &hellip; <a href=\"https:\/\/www.jeunesseabruxelles.be\/site\/qui-sommes-nous\/equipe\/\" class=\"more-link\">Continuer la lecture de <span class=\"screen-reader-text\">Equipe<\/span> <span class=\"meta-nav\">&rarr;<\/span><\/a><\/p>\n","protected":false},"author":5,"featured_media":730,"parent":21,"menu_order":0,"comment_status":"closed","ping_status":"closed","template":"page-templates\/full-width.php","meta":{"footnotes":""},"class_list":["post-38","page","type-page","status-publish","has-post-thumbnail","hentry"],"_links":{"self":[{"href":"https:\/\/www.jeunesseabruxelles.be\/site\/wp-json\/wp\/v2\/pages\/38","targetHints":{"allow":["GET"]}}],"collection":[{"href":"https:\/\/www.jeunesseabruxelles.be\/site\/wp-json\/wp\/v2\/pages"}],"about":[{"href":"https:\/\/www.jeunesseabruxelles.be\/site\/wp-json\/wp\/v2\/types\/page"}],"author":[{"embeddable":true,"href":"https:\/\/www.jeunesseabruxelles.be\/site\/wp-json\/wp\/v2\/users\/5"}],"replies":[{"embeddable":true,"href":"https:\/\/www.jeunesseabruxelles.be\/site\/wp-json\/wp\/v2\/comments?post=38"}],"version-history":[{"count":41,"href":"https:\/\/www.jeunesseabruxelles.be\/site\/wp-json\/wp\/v2\/pages\/38\/revisions"}],"predecessor-version":[{"id":6406,"href":"https:\/\/www.jeunesseabruxelles.be\/site\/wp-json\/wp\/v2\/pages\/38\/revisions\/6406"}],"up":[{"embeddable":true,"href":"https:\/\/www.jeunesseabruxelles.be\/site\/wp-json\/wp\/v2\/pages\/21"}],"wp:featuredmedia":[{"embeddable":true,"href":"https:\/\/www.jeunesseabruxelles.be\/site\/wp-json\/wp\/v2\/media\/730"}],"wp:attachment":[{"href":"https:\/\/www.jeunesseabruxelles.be\/site\/wp-json\/wp\/v2\/media?parent=38"}],"curies":[{"name":"wp","href":"https:\/\/api.w.org\/{rel}","templated":true}]}}