{"id":35,"date":"2014-07-08T13:38:47","date_gmt":"2014-07-08T13:38:47","guid":{"rendered":"http:\/\/jpbuse.be\/?page_id=35"},"modified":"2025-06-06T13:05:48","modified_gmt":"2025-06-06T13:05:48","slug":"instances-decisionnelles","status":"publish","type":"page","link":"https:\/\/www.jeunesseabruxelles.be\/site\/qui-sommes-nous\/instances-decisionnelles\/","title":{"rendered":"Instances d\u00e9cisionnelles"},"content":{"rendered":"<p><strong>Bureau Permanent<\/strong><\/p>\n<p style=\"padding-left: 30px;\">Mme Faouzia Hariche\u00a0: Pr\u00e9sidente<\/p>\n<p style=\"padding-left: 30px;\">Mme Faten Alamat\u00a0: Administratrice d\u00e9l\u00e9gu\u00e9e<\/p>\n<p style=\"padding-left: 30px;\">Mme Anne Vandenbulcke\u00a0: Secr\u00e9taire<\/p>\n<p style=\"padding-left: 30px;\">M. Philippe De Bock\u00a0: Tr\u00e9sorier<\/p>\n<p style=\"padding-left: 30px;\">M. St\u00e9phane Gurbuz : Membre<\/p>\n<p><strong>Conseil d\u2019Administration<\/strong><\/p>\n<p style=\"text-align: left;\">Mme Faten ALAMAT, Mme Amal BENGHALLAM,\u00a0 M. Joris CONDIJTS, M. Philippe DE BOCK,\u00a0 Mme Rania EL YAGOUBI, M. St\u00e9phane GURBUZ, Mme Faouzia HARICHE, M. Ilias MUTAWIKIL, Mme Anne VANDENBULCKE.<\/p>\n<p><strong>Assembl\u00e9e G\u00e9n\u00e9rale<\/strong><\/p>\n<p>Mme Faten ALAMAT, Mme Amal BENGHALLAM, M. Joris CONDIJTS, M. Philippe DE BOCK, M. Serge DE MEURICHY, Mme Rania EL YAGOUBI, M. Patrick GABRIELS, M. Roberto GALLUCCIO,\u00a0 M. St\u00e9phane GURBUZ, Mme Faouzia HARICHE, M. Ilias MUTAWIKIL, Mme Anne VANDENBULCKE.<\/p>\n","protected":false},"excerpt":{"rendered":"<p>Bureau Permanent Mme Faouzia Hariche\u00a0: Pr\u00e9sidente Mme Faten Alamat\u00a0: Administratrice d\u00e9l\u00e9gu\u00e9e Mme Anne Vandenbulcke\u00a0: Secr\u00e9taire M. Philippe De Bock\u00a0: Tr\u00e9sorier M. St\u00e9phane Gurbuz : Membre Conseil d\u2019Administration Mme Faten ALAMAT, Mme Amal BENGHALLAM,\u00a0 M. Joris CONDIJTS, M. Philippe DE BOCK,\u00a0 Mme Rania EL YAGOUBI, M. St\u00e9phane GURBUZ, Mme Faouzia HARICHE, M. Ilias MUTAWIKIL, Mme Anne &hellip; <a href=\"https:\/\/www.jeunesseabruxelles.be\/site\/qui-sommes-nous\/instances-decisionnelles\/\" class=\"more-link\">Continuer la lecture de <span class=\"screen-reader-text\">Instances d\u00e9cisionnelles<\/span> <span class=\"meta-nav\">&rarr;<\/span><\/a><\/p>\n","protected":false},"author":5,"featured_media":730,"parent":21,"menu_order":0,"comment_status":"closed","ping_status":"closed","template":"page-templates\/full-width.php","meta":{"footnotes":""},"class_list":["post-35","page","type-page","status-publish","has-post-thumbnail","hentry"],"_links":{"self":[{"href":"https:\/\/www.jeunesseabruxelles.be\/site\/wp-json\/wp\/v2\/pages\/35","targetHints":{"allow":["GET"]}}],"collection":[{"href":"https:\/\/www.jeunesseabruxelles.be\/site\/wp-json\/wp\/v2\/pages"}],"about":[{"href":"https:\/\/www.jeunesseabruxelles.be\/site\/wp-json\/wp\/v2\/types\/page"}],"author":[{"embeddable":true,"href":"https:\/\/www.jeunesseabruxelles.be\/site\/wp-json\/wp\/v2\/users\/5"}],"replies":[{"embeddable":true,"href":"https:\/\/www.jeunesseabruxelles.be\/site\/wp-json\/wp\/v2\/comments?post=35"}],"version-history":[{"count":17,"href":"https:\/\/www.jeunesseabruxelles.be\/site\/wp-json\/wp\/v2\/pages\/35\/revisions"}],"predecessor-version":[{"id":5715,"href":"https:\/\/www.jeunesseabruxelles.be\/site\/wp-json\/wp\/v2\/pages\/35\/revisions\/5715"}],"up":[{"embeddable":true,"href":"https:\/\/www.jeunesseabruxelles.be\/site\/wp-json\/wp\/v2\/pages\/21"}],"wp:featuredmedia":[{"embeddable":true,"href":"https:\/\/www.jeunesseabruxelles.be\/site\/wp-json\/wp\/v2\/media\/730"}],"wp:attachment":[{"href":"https:\/\/www.jeunesseabruxelles.be\/site\/wp-json\/wp\/v2\/media?parent=35"}],"curies":[{"name":"wp","href":"https:\/\/api.w.org\/{rel}","templated":true}]}}