{"id":33,"date":"2014-07-08T13:37:05","date_gmt":"2014-07-08T13:37:05","guid":{"rendered":"http:\/\/jpbuse.be\/?page_id=33"},"modified":"2021-02-25T17:24:12","modified_gmt":"2021-02-25T17:24:12","slug":"mot-de-la-presidente","status":"publish","type":"page","link":"https:\/\/www.jeunesseabruxelles.be\/site\/qui-sommes-nous\/mot-de-la-presidente\/","title":{"rendered":"Le mot de la pr\u00e9sidente"},"content":{"rendered":"<p>Ch\u00e8res Visiteuses, Chers Visiteurs,<\/p>\n<p>C\u2019est avec joie que nous vous accueillons sur le site internet de <em>l\u2019asbl Jeunesse \u00e0 Bruxelles<\/em>\u00a0; site que nous avons souhait\u00e9 clair, ergonomique et fonctionnel pour un usage des plus ais\u00e9s.<\/p>\n<p>L\u2019<em>asbl Jeunesse \u00e0 Bruxelles <\/em>est une association dite \u00ab para-communale \u00bb qui a \u00e9t\u00e9 fond\u00e9e il y a plus de 30 ans et qui a pour vocation d\u2019organiser, en collaboration avec le Service de la Jeunesse de la Ville de Bruxelles, l\u2019accueil des jeunes bruxelloises et bruxellois pendant les cong\u00e9s scolaires et les p\u00e9riodes de temps libre mais aussi des \u00e9v\u00e9nements sportifs, culturels, festifs ou encore ludiques.<\/p>\n<p>Aujourd\u2019hui, l\u2019a<em>sbl \u00a0Jeunesse \u00e0 Bruxelles\u00a0 <\/em>peut s\u2019enorgueillir d\u2019accueillir des milliers d\u2019enfants chaque ann\u00e9e. Toutefois, ses t\u00e2ches ne s\u2019arr\u00eatent pas l\u00e0 et se d\u00e9veloppent d\u2019ann\u00e9e en ann\u00e9e\u00a0; l\u2019asbl remplissant plusieurs autres missions telles que\u00a0la location d\u2019infrastructures, la gestion du Centre de formation\u00a0 Elisabeth Carter ainsi que le pilotage de la Commission communale de l\u2019accueil (ATL) et la coordination des dispositifs de Coh\u00e9sion sociale et du Fipi.<\/p>\n<p>En un clic comme en cent, vous trouverez tout ce que vous chercherez \u00e0 propos de notre association\u00a0!<\/p>\n<p>Bonne navigation.<\/p>\n<p><em>La Pr\u00e9sidente de Jeunesse \u00e0 Bruxelles asbl<\/em><\/p>\n","protected":false},"excerpt":{"rendered":"<p>Ch\u00e8res Visiteuses, Chers Visiteurs, C\u2019est avec joie que nous vous accueillons sur le site internet de l\u2019asbl Jeunesse \u00e0 Bruxelles\u00a0; site que nous avons souhait\u00e9 clair, ergonomique et fonctionnel pour un usage des plus ais\u00e9s. L\u2019asbl Jeunesse \u00e0 Bruxelles est une association dite \u00ab para-communale \u00bb qui a \u00e9t\u00e9 fond\u00e9e il y a plus de &hellip; <a href=\"https:\/\/www.jeunesseabruxelles.be\/site\/qui-sommes-nous\/mot-de-la-presidente\/\" class=\"more-link\">Continuer la lecture de <span class=\"screen-reader-text\">Le mot de la pr\u00e9sidente<\/span> <span class=\"meta-nav\">&rarr;<\/span><\/a><\/p>\n","protected":false},"author":5,"featured_media":730,"parent":21,"menu_order":0,"comment_status":"closed","ping_status":"closed","template":"page-templates\/full-width.php","meta":{"footnotes":""},"class_list":["post-33","page","type-page","status-publish","has-post-thumbnail","hentry"],"_links":{"self":[{"href":"https:\/\/www.jeunesseabruxelles.be\/site\/wp-json\/wp\/v2\/pages\/33","targetHints":{"allow":["GET"]}}],"collection":[{"href":"https:\/\/www.jeunesseabruxelles.be\/site\/wp-json\/wp\/v2\/pages"}],"about":[{"href":"https:\/\/www.jeunesseabruxelles.be\/site\/wp-json\/wp\/v2\/types\/page"}],"author":[{"embeddable":true,"href":"https:\/\/www.jeunesseabruxelles.be\/site\/wp-json\/wp\/v2\/users\/5"}],"replies":[{"embeddable":true,"href":"https:\/\/www.jeunesseabruxelles.be\/site\/wp-json\/wp\/v2\/comments?post=33"}],"version-history":[{"count":12,"href":"https:\/\/www.jeunesseabruxelles.be\/site\/wp-json\/wp\/v2\/pages\/33\/revisions"}],"predecessor-version":[{"id":3114,"href":"https:\/\/www.jeunesseabruxelles.be\/site\/wp-json\/wp\/v2\/pages\/33\/revisions\/3114"}],"up":[{"embeddable":true,"href":"https:\/\/www.jeunesseabruxelles.be\/site\/wp-json\/wp\/v2\/pages\/21"}],"wp:featuredmedia":[{"embeddable":true,"href":"https:\/\/www.jeunesseabruxelles.be\/site\/wp-json\/wp\/v2\/media\/730"}],"wp:attachment":[{"href":"https:\/\/www.jeunesseabruxelles.be\/site\/wp-json\/wp\/v2\/media?parent=33"}],"curies":[{"name":"wp","href":"https:\/\/api.w.org\/{rel}","templated":true}]}}