{"id":326,"date":"2014-08-12T14:42:59","date_gmt":"2014-08-12T14:42:59","guid":{"rendered":"http:\/\/www.jeunesseabruxelles.be\/site\/?page_id=326"},"modified":"2026-05-11T09:21:12","modified_gmt":"2026-05-11T09:21:12","slug":"editorial-062014","status":"publish","type":"page","link":"https:\/\/www.jeunesseabruxelles.be\/site\/","title":{"rendered":""},"content":{"rendered":"<div dir=\"auto\">\u00a0<\/div>\n<h2 dir=\"auto\"><strong>LES INSCRIPTIONS POUR LES PLAINES D&#8217;\u00c9T\u00c9 2026 SONT OUVERTES. LES INSCRIPTIONS POUR LES STAGES ET S\u00c9JOURS D\u00c9BUTERONT LE 18\/05\/2026.<\/strong><\/h2>\n<div dir=\"auto\">\u00a0<\/div>\n<div dir=\"auto\">\u00a0<\/div>\n<div dir=\"auto\"><a href=\"https:\/\/www.jeunesseabruxelles.be\/site\/activites-de-vacances\/inscription-en-ligne\/\" class=\"su-button su-button-style-flat su-button-wide\" style=\"color:#ffffff;background-color:#90aeb4;border-color:#748c90;border-radius:5px\" target=\"_self\"><span style=\"color:#ffffff;padding:6px 18px;font-size:14px;line-height:21px;border-color:#b2c7cb;border-radius:5px;text-shadow:none\"><i class=\"sui sui-arrow-right\" style=\"font-size:14px;color:#FFFFFF\"><\/i> Cliquer ici pour inscrire votre\/vos enfant.s <\/span><\/a><\/div>\n<div dir=\"auto\">\u00a0<\/div>\n<div dir=\"auto\">\u00a0<\/div>\n<p>Animateur.rice ou coordinateur.rice brevet\u00e9.e? Postulez pour travailler en plaine, stage ou s\u00e9jour de vacances &#8211; entre le 7 juillet et le 21 ao\u00fbt.<\/p>\n<a href=\"https:\/\/www.jeunesseabruxelles.be\/site\/formulaire-demploi-online\/\" class=\"su-button su-button-style-flat su-button-wide\" style=\"color:#ffffff;background-color:#90aeb4;border-color:#748c90;border-radius:5px\" target=\"_self\"><span style=\"color:#ffffff;padding:6px 18px;font-size:14px;line-height:21px;border-color:#b2c7cb;border-radius:5px;text-shadow:none\"><i class=\"sui sui-arrow-right\" style=\"font-size:14px;color:#FFFFFF\"><\/i> Cliquer ici pour candidater <\/span><\/a>\n<h2 style=\"text-align: center;\">\u00a0<\/h2>\n<hr \/>\n<h2 style=\"text-align: center;\"><q>&#8220;Rien n&#8217;est trop difficile pour la jeunesse&#8221;.<\/q><br \/>Socrate.<\/h2>\n<h6 style=\"text-align: center;\">Discours de morale &#8211; V<sup><span style=\"font-size: small;\">e<\/span><\/sup> s. av. J.-C.<\/h6>\n<h3 style=\"text-align: center;\">\u00a0<\/h3>\n<div class=\"su-row\"><div class=\"su-column su-column-size-1-4\"><div class=\"su-column-inner su-u-clearfix su-u-trim\">\n<p style=\"width: 280px;\"><a href=\"https:\/\/www.jeunesseabruxelles.be\/site\/activites-de-vacances\/\"><img loading=\"lazy\" decoding=\"async\" class=\"aligncenter size-full wp-image-740\" src=\"https:\/\/www.jeunesseabruxelles.be\/site\/wp-content\/uploads\/2016\/01\/JaBr-Boutons-ACT-VAC-HP.png\" alt=\"JaBr-Boutons-ACT-VAC-HP\" width=\"250\" height=\"167\" srcset=\"https:\/\/www.jeunesseabruxelles.be\/site\/wp-content\/uploads\/2016\/01\/JaBr-Boutons-ACT-VAC-HP.png 250w, https:\/\/www.jeunesseabruxelles.be\/site\/wp-content\/uploads\/2016\/01\/JaBr-Boutons-ACT-VAC-HP-150x100.png 150w\" sizes=\"auto, (max-width: 250px) 100vw, 250px\" \/><\/a><a href=\"https:\/\/www.jeunesseabruxelles.be\/site\/wp-content\/uploads\/2026\/05\/Programme-ETE-2026_FINAL.pdf\" class=\"su-button su-button-style-flat su-button-wide\" style=\"color:#fff;background-color:#90aeb4;border-color:#748c90;border-radius:5px\" target=\"_self\"><span style=\"color:#fff;padding:6px 18px;font-size:14px;line-height:21px;border-color:#b2c7cb;border-radius:5px;text-shadow:none\"><i class=\"sui sui-arrow-down\" style=\"font-size:14px;color:#FFFFFF\"><\/i> T\u00e9l\u00e9charger le dernier programme saisonnier<\/span><\/a><a href=\"https:\/\/www.jeunesseabruxelles.be\/site\/activites-de-vacances\/inscription-en-ligne\/\" class=\"su-button su-button-style-flat su-button-wide\" style=\"color:#fff;background-color:#90aeb4;border-color:#748c90;border-radius:5px\" target=\"_self\"><span style=\"color:#fff;padding:6px 18px;font-size:14px;line-height:21px;border-color:#b2c7cb;border-radius:5px;text-shadow:none\"><i class=\"sui sui-arrow-right\" style=\"font-size:14px;color:#FFFFFF\"><\/i> Inscriptions en ligne<\/span><\/a>\n<\/div><\/div>\n<div class=\"su-column su-column-size-1-4\"><div class=\"su-column-inner su-u-clearfix su-u-trim\">\n<p style=\"width: 280px;\"><a href=\"https:\/\/www.jeunesseabruxelles.be\/site\/category\/actualites\/offre-demploi\/\"><img loading=\"lazy\" decoding=\"async\" class=\"aligncenter size-full wp-image-741\" src=\"https:\/\/www.jeunesseabruxelles.be\/site\/wp-content\/uploads\/2016\/01\/JaBr-Boutons-EMPLOI-HP.png\" alt=\"JaBr-Boutons-EMPLOI--HP\" width=\"250\" height=\"167\" srcset=\"https:\/\/www.jeunesseabruxelles.be\/site\/wp-content\/uploads\/2016\/01\/JaBr-Boutons-EMPLOI-HP.png 250w, https:\/\/www.jeunesseabruxelles.be\/site\/wp-content\/uploads\/2016\/01\/JaBr-Boutons-EMPLOI-HP-150x100.png 150w\" sizes=\"auto, (max-width: 250px) 100vw, 250px\" \/><\/a><a href=\"https:\/\/www.jeunesseabruxelles.be\/site\/activites-de-vacances\/offre-demploi\/\" class=\"su-button su-button-style-flat su-button-wide\" style=\"color:#fff;background-color:#a71e35;border-color:#86182b;border-radius:5px\" target=\"_self\"><span style=\"color:#fff;padding:6px 18px;font-size:14px;line-height:21px;border-color:#c26272;border-radius:5px;text-shadow:none\"><i class=\"sui sui-arrow-right\" style=\"font-size:14px;color:#FFFFFF\"><\/i> Offre d&#8217;emploi<\/span><\/a>\n<a href=\"https:\/\/www.jeunesseabruxelles.be\/site\/formulaire-demploi-online\/\" class=\"su-button su-button-style-flat su-button-wide\" style=\"color:#fff;background-color:#a71e35;border-color:#86182b;border-radius:5px\" target=\"_self\"><span style=\"color:#fff;padding:6px 18px;font-size:14px;line-height:21px;border-color:#c26272;border-radius:5px;text-shadow:none\"><i class=\"sui sui-arrow-right\" style=\"font-size:14px;color:#FFFFFF\"><\/i> Formulaire online<\/span><\/a>\n<a href=\"https:\/\/www.jeunesseabruxelles.be\/site\/?page_id=3073\" class=\"su-button su-button-style-flat su-button-wide\" style=\"color:#fff;background-color:#a71e35;border-color:#86182b;border-radius:5px\" target=\"_self\"><span style=\"color:#fff;padding:6px 18px;font-size:14px;line-height:21px;border-color:#c26272;border-radius:5px;text-shadow:none\"><i class=\"sui sui-arrow-right\" style=\"font-size:14px;color:#FFFFFF\"><\/i> Formulaire appel \u00e0 projets<\/span><\/a>\n<\/div><\/div><div class=\"su-column su-column-size-1-4\"><div class=\"su-column-inner su-u-clearfix su-u-trim\">\n<p style=\"width: 280px;\"><a href=\"https:\/\/www.jeunesseabruxelles.be\/site\/location-infrastructure\/\"><img loading=\"lazy\" decoding=\"async\" class=\"alignnone size-full wp-image-1597\" src=\"https:\/\/www.jeunesseabruxelles.be\/site\/wp-content\/uploads\/2014\/08\/JaBr-Boutons-LOCATIONSHP.png\" alt=\"jabr-boutons-locationshp\" width=\"250\" height=\"167\" srcset=\"https:\/\/www.jeunesseabruxelles.be\/site\/wp-content\/uploads\/2014\/08\/JaBr-Boutons-LOCATIONSHP.png 250w, https:\/\/www.jeunesseabruxelles.be\/site\/wp-content\/uploads\/2014\/08\/JaBr-Boutons-LOCATIONSHP-150x100.png 150w\" sizes=\"auto, (max-width: 250px) 100vw, 250px\" \/><\/a><a href=\"https:\/\/www.jeunesseabruxelles.be\/site\/location-infrastructure\/salle-de-la-jeunesse\/\" class=\"su-button su-button-style-flat su-button-wide\" style=\"color:#fff;background-color:#666666;border-color:#525252;border-radius:5px\" target=\"_self\"><span style=\"color:#fff;padding:6px 18px;font-size:14px;line-height:21px;border-color:#949494;border-radius:5px;text-shadow:none\"><i class=\"sui sui-arrow-right\" style=\"font-size:14px;color:#FFFFFF\"><\/i> Salle de la jeunesse<\/span><\/a><a href=\"https:\/\/www.jeunesseabruxelles.be\/site\/location-infrastructure\/salle-de-la-cle\/\" class=\"su-button su-button-style-flat su-button-wide\" style=\"color:#fff;background-color:#666666;border-color:#525252;border-radius:5px\" target=\"_self\"><span style=\"color:#fff;padding:6px 18px;font-size:14px;line-height:21px;border-color:#949494;border-radius:5px;text-shadow:none\"><i class=\"sui sui-arrow-right\" style=\"font-size:14px;color:#FFFFFF\"><\/i> Salle de la cl\u00e9<\/span><\/a><a href=\"https:\/\/www.jeunesseabruxelles.be\/site\/location-infrastructure\/domaine-de-combreuil\/\" class=\"su-button su-button-style-flat su-button-wide\" style=\"color:#fff;background-color:#666666;border-color:#525252;border-radius:5px\" target=\"_self\"><span style=\"color:#fff;padding:6px 18px;font-size:14px;line-height:21px;border-color:#949494;border-radius:5px;text-shadow:none\"><i class=\"sui sui-arrow-right\" style=\"font-size:14px;color:#FFFFFF\"><\/i> Domaine de Combreuil<\/span><\/a><a href=\"https:\/\/www.jeunesseabruxelles.be\/site\" class=\"su-button su-button-style-flat su-button-wide\" style=\"color:#fff;background-color:#666666;border-color:#525252;border-radius:5px\" target=\"_self\"><span style=\"color:#fff;padding:6px 18px;font-size:14px;line-height:21px;border-color:#949494;border-radius:5px;text-shadow:none\"><i class=\"sui sui-arrow-right\" style=\"font-size:14px;color:#FFFFFF\"><\/i> Centre de Mariakerke<\/span><\/a>\n<\/div><\/div><div class=\"su-column su-column-size-1-4\"><div class=\"su-column-inner su-u-clearfix su-u-trim\">\n<p style=\"width: 280px;\"><a href=\"https:\/\/www.jeunesseabruxelles.be\/site\/accueil-temps-libre\/\"><img loading=\"lazy\" decoding=\"async\" class=\"aligncenter size-full wp-image-743\" src=\"https:\/\/www.jeunesseabruxelles.be\/site\/wp-content\/uploads\/2016\/01\/JaBr-Boutons-recherche-ATL-HP.png\" alt=\"JaBr-Boutons-recherche-ATL-HP\" width=\"250\" height=\"167\" srcset=\"https:\/\/www.jeunesseabruxelles.be\/site\/wp-content\/uploads\/2016\/01\/JaBr-Boutons-recherche-ATL-HP.png 250w, https:\/\/www.jeunesseabruxelles.be\/site\/wp-content\/uploads\/2016\/01\/JaBr-Boutons-recherche-ATL-HP-150x100.png 150w\" sizes=\"auto, (max-width: 250px) 100vw, 250px\" \/><\/a><a href=\"https:\/\/www.jeunesseabruxelles.be\/site\/jabr-pdf\/jeunesseabruxelles-posetoncartable.pdf\" class=\"su-button su-button-style-flat su-button-wide\" style=\"color:#fff;background-color:#0c506e;border-color:#0a4058;border-radius:5px\" target=\"_self\"><span style=\"color:#fff;padding:6px 18px;font-size:14px;line-height:21px;border-color:#55859a;border-radius:5px;text-shadow:none\"><i class=\"sui sui-arrow-down\" style=\"font-size:14px;color:#FFFFFF\"><\/i> T\u00e9l\u00e9charger la brochure Pose ton Cartable<\/span><\/a><a href=\"https:\/\/www.jeunesseabruxelles.be\/site\/activites\" class=\"su-button su-button-style-flat su-button-wide\" style=\"color:#fff;background-color:#0c506e;border-color:#0a4058;border-radius:5px\" target=\"_self\"><span style=\"color:#fff;padding:6px 18px;font-size:14px;line-height:21px;border-color:#55859a;border-radius:5px;text-shadow:none\"><i class=\"sui sui-arrow-right\" style=\"font-size:14px;color:#FFFFFF\"><\/i> Recherche en ligne<\/span><\/a>\n<\/div><\/div><\/div>\n\n\n<p><\/p>\n","protected":false},"excerpt":{"rendered":"<p>\u00a0 LES INSCRIPTIONS POUR LES PLAINES D&#8217;\u00c9T\u00c9 2026 SONT OUVERTES. LES INSCRIPTIONS POUR LES STAGES ET S\u00c9JOURS D\u00c9BUTERONT LE 18\/05\/2026. \u00a0 \u00a0 \u00a0 \u00a0 Animateur.rice ou coordinateur.rice brevet\u00e9.e? Postulez pour travailler en plaine, stage ou s\u00e9jour de vacances &#8211; entre le 7 juillet et le 21 ao\u00fbt. \u00a0 &#8220;Rien n&#8217;est trop difficile pour la jeunesse&#8221;.Socrate. &hellip; <a href=\"https:\/\/www.jeunesseabruxelles.be\/site\/\" class=\"more-link\">Continuer la lecture de <span class=\"screen-reader-text\"><\/span> <span class=\"meta-nav\">&rarr;<\/span><\/a><\/p>\n","protected":false},"author":5,"featured_media":0,"parent":0,"menu_order":0,"comment_status":"closed","ping_status":"open","template":"page-templates\/full-width.php","meta":{"footnotes":""},"class_list":["post-326","page","type-page","status-publish","hentry"],"_links":{"self":[{"href":"https:\/\/www.jeunesseabruxelles.be\/site\/wp-json\/wp\/v2\/pages\/326","targetHints":{"allow":["GET"]}}],"collection":[{"href":"https:\/\/www.jeunesseabruxelles.be\/site\/wp-json\/wp\/v2\/pages"}],"about":[{"href":"https:\/\/www.jeunesseabruxelles.be\/site\/wp-json\/wp\/v2\/types\/page"}],"author":[{"embeddable":true,"href":"https:\/\/www.jeunesseabruxelles.be\/site\/wp-json\/wp\/v2\/users\/5"}],"replies":[{"embeddable":true,"href":"https:\/\/www.jeunesseabruxelles.be\/site\/wp-json\/wp\/v2\/comments?post=326"}],"version-history":[{"count":339,"href":"https:\/\/www.jeunesseabruxelles.be\/site\/wp-json\/wp\/v2\/pages\/326\/revisions"}],"predecessor-version":[{"id":6566,"href":"https:\/\/www.jeunesseabruxelles.be\/site\/wp-json\/wp\/v2\/pages\/326\/revisions\/6566"}],"wp:attachment":[{"href":"https:\/\/www.jeunesseabruxelles.be\/site\/wp-json\/wp\/v2\/media?parent=326"}],"curies":[{"name":"wp","href":"https:\/\/api.w.org\/{rel}","templated":true}]}}