{"id":3118,"date":"2021-02-25T18:00:40","date_gmt":"2021-02-25T18:00:40","guid":{"rendered":"http:\/\/www.jeunesseabruxelles.be\/site\/?page_id=3118"},"modified":"2024-05-23T13:27:51","modified_gmt":"2024-05-23T13:27:51","slug":"transparence","status":"publish","type":"page","link":"https:\/\/www.jeunesseabruxelles.be\/site\/qui-sommes-nous\/transparence\/","title":{"rendered":"Transparence"},"content":{"rendered":"\n<p>Personne de r\u00e9f\u00e9rence en mati\u00e8re de publicit\u00e9 de l&#8217;administration : Val\u00e9rie LEMAIGRE<\/p>\n\n\n\n<p><\/p>\n\n\n\n<p><strong>Ann\u00e9e 2023<\/strong><\/p>\n\n\n\n<p>Etudes : \/<\/p>\n\n\n\n<p>Subventions octroy\u00e9es : \/<\/p>\n\n\n\n<p><strong>Ann\u00e9e 2022<\/strong><\/p>\n\n\n\n<p>Etudes : \/<\/p>\n\n\n\n<p>Subventions octroy\u00e9es : \/<\/p>\n\n\n\n<p><strong>Ann\u00e9e 2021<\/strong><\/p>\n\n\n\n<p>Etudes : \/<\/p>\n\n\n\n<p>Subventions octroy\u00e9es : \/<\/p>\n\n\n\n<p><strong>Ann\u00e9e 2020<\/strong><\/p>\n\n\n\n<p>Etudes : \/<\/p>\n\n\n\n<p>Subventions octroy\u00e9es : \/<\/p>\n\n\n\n<p><strong>Ann\u00e9e 2019 <\/strong><\/p>\n\n\n\n<p>Etudes : \/<\/p>\n\n\n\n<p>Subventions octroy\u00e9es : \/<\/p>\n\n\n\n<p><strong>Ann\u00e9e 2018<\/strong><\/p>\n\n\n\n<p>Etudes : \/<\/p>\n\n\n\n<p>Subventions octroy\u00e9es :  \/<\/p>\n","protected":false},"excerpt":{"rendered":"<p>Personne de r\u00e9f\u00e9rence en mati\u00e8re de publicit\u00e9 de l&#8217;administration : Val\u00e9rie LEMAIGRE Ann\u00e9e 2023 Etudes : \/ Subventions octroy\u00e9es : \/ Ann\u00e9e 2022 Etudes : \/ Subventions octroy\u00e9es : \/ Ann\u00e9e 2021 Etudes : \/ Subventions octroy\u00e9es : \/ Ann\u00e9e 2020 Etudes : \/ Subventions octroy\u00e9es : \/ Ann\u00e9e 2019 Etudes : \/ Subventions octroy\u00e9es &hellip; <a href=\"https:\/\/www.jeunesseabruxelles.be\/site\/qui-sommes-nous\/transparence\/\" class=\"more-link\">Continuer la lecture de <span class=\"screen-reader-text\">Transparence<\/span> <span class=\"meta-nav\">&rarr;<\/span><\/a><\/p>\n","protected":false},"author":2,"featured_media":730,"parent":21,"menu_order":0,"comment_status":"closed","ping_status":"closed","template":"page-templates\/full-width.php","meta":{"footnotes":""},"class_list":["post-3118","page","type-page","status-publish","has-post-thumbnail","hentry"],"_links":{"self":[{"href":"https:\/\/www.jeunesseabruxelles.be\/site\/wp-json\/wp\/v2\/pages\/3118","targetHints":{"allow":["GET"]}}],"collection":[{"href":"https:\/\/www.jeunesseabruxelles.be\/site\/wp-json\/wp\/v2\/pages"}],"about":[{"href":"https:\/\/www.jeunesseabruxelles.be\/site\/wp-json\/wp\/v2\/types\/page"}],"author":[{"embeddable":true,"href":"https:\/\/www.jeunesseabruxelles.be\/site\/wp-json\/wp\/v2\/users\/2"}],"replies":[{"embeddable":true,"href":"https:\/\/www.jeunesseabruxelles.be\/site\/wp-json\/wp\/v2\/comments?post=3118"}],"version-history":[{"count":6,"href":"https:\/\/www.jeunesseabruxelles.be\/site\/wp-json\/wp\/v2\/pages\/3118\/revisions"}],"predecessor-version":[{"id":4925,"href":"https:\/\/www.jeunesseabruxelles.be\/site\/wp-json\/wp\/v2\/pages\/3118\/revisions\/4925"}],"up":[{"embeddable":true,"href":"https:\/\/www.jeunesseabruxelles.be\/site\/wp-json\/wp\/v2\/pages\/21"}],"wp:featuredmedia":[{"embeddable":true,"href":"https:\/\/www.jeunesseabruxelles.be\/site\/wp-json\/wp\/v2\/media\/730"}],"wp:attachment":[{"href":"https:\/\/www.jeunesseabruxelles.be\/site\/wp-json\/wp\/v2\/media?parent=3118"}],"curies":[{"name":"wp","href":"https:\/\/api.w.org\/{rel}","templated":true}]}}