{"id":3073,"date":"2021-02-15T12:34:00","date_gmt":"2021-02-15T12:34:00","guid":{"rendered":"http:\/\/www.jeunesseabruxelles.be\/site\/?page_id=3073"},"modified":"2025-12-18T13:34:41","modified_gmt":"2025-12-18T13:34:41","slug":"formulaire-appel-a-projet-en-ligne","status":"publish","type":"page","link":"https:\/\/www.jeunesseabruxelles.be\/site\/formulaire-appel-a-projet-en-ligne\/","title":{"rendered":"Formulaire appel \u00e0 projets &#8211; candidature responsable en ligne &#8211; 2026"},"content":{"rendered":"\n<p>Conditions \u00e0 remplir pour postuler (art. 12 RGAV):<\/p>\n\n\n\n<div class=\"wp-block-group\"><div class=\"wp-block-group__inner-container is-layout-flow wp-block-group-is-layout-flow\">\n<ul class=\"wp-block-list\">\n<li>\u00eatre \u00e2g\u00e9 de <strong>25 ans<\/strong> au minimum et r\u00e9pondre aux crit\u00e8res et qualifications (brevet ou assimilation) requis par l\u2019ONE.<\/li>\n\n\n\n<li>avoir exerc\u00e9 pendant 3 ans (\u00e0 raison d\u2019au moins un mois ou 150h de prestation par ann\u00e9e civile) une fonction de coordinateur dans un centre de vacances de la Ville de Bruxelles ou avoir une anciennet\u00e9 de 5 ans (\u00e0 raison d\u2019au moins un mois ou 150h de prestation par ann\u00e9e civile) dans une fonction \u00e0 responsabilit\u00e9 dans une structure d\u2019accueil ou d\u2019organisation de vacances.<\/li>\n<\/ul>\n<\/div><\/div>\n\n\n\n<p>Dates limites pour nous faire parvenir votre projet:<\/p>\n\n\n\n<ul class=\"wp-block-list\">\n<li>Carnaval et Printemps : avant le 18 novembre 2025<\/li>\n\n\n\n<li>\u00c9t\u00e9 : avant le 01 mars 2026<\/li>\n\n\n\n<li>Automne : avant le 26 juillet 2026<\/li>\n<\/ul>\n\n\n<a href=\"https:\/\/www.jeunesseabruxelles.be\/site\/wp-content\/uploads\/2025\/12\/Appel-a-projet-2026.pdf\" class=\"su-button su-button-style-flat su-button-wide\" style=\"color:#ffffff;background-color:#90aeb4;border-color:#748c90;border-radius:5px\" target=\"_self\"><span style=\"color:#ffffff;padding:6px 18px;font-size:14px;line-height:21px;border-color:#b2c7cb;border-radius:5px;text-shadow:none\"><i class=\"sui sui-arrow-down\" style=\"font-size:14px;color:#FFFFFF\"><\/i> T\u00e9l\u00e9charger Appel \u00e0 Projet 2026 <\/span><\/a>\n","protected":false},"excerpt":{"rendered":"<p>Conditions \u00e0 remplir pour postuler (art. 12 RGAV): Dates limites pour nous faire parvenir votre projet:<\/p>\n","protected":false},"author":2,"featured_media":0,"parent":0,"menu_order":0,"comment_status":"closed","ping_status":"closed","template":"","meta":{"footnotes":""},"class_list":["post-3073","page","type-page","status-publish","hentry"],"_links":{"self":[{"href":"https:\/\/www.jeunesseabruxelles.be\/site\/wp-json\/wp\/v2\/pages\/3073","targetHints":{"allow":["GET"]}}],"collection":[{"href":"https:\/\/www.jeunesseabruxelles.be\/site\/wp-json\/wp\/v2\/pages"}],"about":[{"href":"https:\/\/www.jeunesseabruxelles.be\/site\/wp-json\/wp\/v2\/types\/page"}],"author":[{"embeddable":true,"href":"https:\/\/www.jeunesseabruxelles.be\/site\/wp-json\/wp\/v2\/users\/2"}],"replies":[{"embeddable":true,"href":"https:\/\/www.jeunesseabruxelles.be\/site\/wp-json\/wp\/v2\/comments?post=3073"}],"version-history":[{"count":17,"href":"https:\/\/www.jeunesseabruxelles.be\/site\/wp-json\/wp\/v2\/pages\/3073\/revisions"}],"predecessor-version":[{"id":6204,"href":"https:\/\/www.jeunesseabruxelles.be\/site\/wp-json\/wp\/v2\/pages\/3073\/revisions\/6204"}],"wp:attachment":[{"href":"https:\/\/www.jeunesseabruxelles.be\/site\/wp-json\/wp\/v2\/media?parent=3073"}],"curies":[{"name":"wp","href":"https:\/\/api.w.org\/{rel}","templated":true}]}}