{"id":3066,"date":"2021-02-15T12:25:00","date_gmt":"2021-02-15T12:25:00","guid":{"rendered":"http:\/\/www.jeunesseabruxelles.be\/site\/?page_id=3066"},"modified":"2025-12-18T13:32:25","modified_gmt":"2025-12-18T13:32:25","slug":"appel-a-projet-2021","status":"publish","type":"page","link":"https:\/\/www.jeunesseabruxelles.be\/site\/activites-de-vacances\/appel-a-projet-2021\/","title":{"rendered":"Appel \u00e0 projets &#8211; CANDIDATURE RESPONSABLE stage 2026"},"content":{"rendered":"\n<p>Veuillez trouver ici le formulaire pour l&#8217;appel \u00e0 projet des stages de vacances 2026.<\/p>\n\n\n\n<div class=\"wp-block-group is-nowrap is-layout-flex wp-container-core-group-is-layout-ad2f72ca wp-block-group-is-layout-flex\">\n<div data-wp-interactive=\"core\/file\" class=\"wp-block-file\"><object data-wp-bind--hidden=\"!state.hasPdfPreview\" hidden class=\"wp-block-file__embed\" data=\"https:\/\/www.jeunesseabruxelles.be\/site\/wp-content\/uploads\/2025\/12\/Appel-a-projet-2026.pdf\" type=\"application\/pdf\" style=\"width:100%;height:680px\" aria-label=\"Contenu embarqu\u00e9 Appel \u00e0 projet - 2026.\"><\/object><a id=\"wp-block-file--media-8fee4af3-86cd-4eed-b60a-79795905bd0c\" href=\"https:\/\/www.jeunesseabruxelles.be\/site\/wp-content\/uploads\/2025\/12\/Appel-a-projet-2026.pdf\">Appel \u00e0 projet &#8211; 2026<\/a><a href=\"https:\/\/www.jeunesseabruxelles.be\/site\/wp-content\/uploads\/2025\/12\/Appel-a-projet-2026.pdf\" class=\"wp-block-file__button wp-element-button\" download aria-describedby=\"wp-block-file--media-8fee4af3-86cd-4eed-b60a-79795905bd0c\">T\u00e9l\u00e9charger<\/a><\/div>\n<\/div>\n\n\n\n<p><\/p>\n\n\n\n<p><\/p>\n\n\n\n<p>Vous avez \u00e9galement la possibilit\u00e9 de compl\u00e9ter <a href=\"https:\/\/www.jeunesseabruxelles.be\/site\/formulaire-appel-a-projet-en-ligne\/\" data-type=\"URL\" data-id=\"https:\/\/www.jeunesseabruxelles.be\/site\/formulaire-appel-a-projet-en-ligne\/\">le formulaire en ligne<\/a><\/p>\n","protected":false},"excerpt":{"rendered":"<p>Veuillez trouver ici le formulaire pour l&#8217;appel \u00e0 projet des stages de vacances 2026. Vous avez \u00e9galement la possibilit\u00e9 de compl\u00e9ter le formulaire en ligne<\/p>\n","protected":false},"author":2,"featured_media":718,"parent":62,"menu_order":0,"comment_status":"closed","ping_status":"closed","template":"page-templates\/full-width.php","meta":{"footnotes":""},"class_list":["post-3066","page","type-page","status-publish","has-post-thumbnail","hentry"],"_links":{"self":[{"href":"https:\/\/www.jeunesseabruxelles.be\/site\/wp-json\/wp\/v2\/pages\/3066","targetHints":{"allow":["GET"]}}],"collection":[{"href":"https:\/\/www.jeunesseabruxelles.be\/site\/wp-json\/wp\/v2\/pages"}],"about":[{"href":"https:\/\/www.jeunesseabruxelles.be\/site\/wp-json\/wp\/v2\/types\/page"}],"author":[{"embeddable":true,"href":"https:\/\/www.jeunesseabruxelles.be\/site\/wp-json\/wp\/v2\/users\/2"}],"replies":[{"embeddable":true,"href":"https:\/\/www.jeunesseabruxelles.be\/site\/wp-json\/wp\/v2\/comments?post=3066"}],"version-history":[{"count":30,"href":"https:\/\/www.jeunesseabruxelles.be\/site\/wp-json\/wp\/v2\/pages\/3066\/revisions"}],"predecessor-version":[{"id":6203,"href":"https:\/\/www.jeunesseabruxelles.be\/site\/wp-json\/wp\/v2\/pages\/3066\/revisions\/6203"}],"up":[{"embeddable":true,"href":"https:\/\/www.jeunesseabruxelles.be\/site\/wp-json\/wp\/v2\/pages\/62"}],"wp:featuredmedia":[{"embeddable":true,"href":"https:\/\/www.jeunesseabruxelles.be\/site\/wp-json\/wp\/v2\/media\/718"}],"wp:attachment":[{"href":"https:\/\/www.jeunesseabruxelles.be\/site\/wp-json\/wp\/v2\/media?parent=3066"}],"curies":[{"name":"wp","href":"https:\/\/api.w.org\/{rel}","templated":true}]}}