{"id":201,"date":"2014-07-07T14:09:57","date_gmt":"2014-07-07T14:09:57","guid":{"rendered":"http:\/\/jpbuse.be\/?page_id=5"},"modified":"2024-09-26T10:55:00","modified_gmt":"2024-09-26T10:55:00","slug":"accueil-temps-libre","status":"publish","type":"page","link":"https:\/\/www.jeunesseabruxelles.be\/site\/accueil-temps-libre\/","title":{"rendered":"Accueil Temps Libre"},"content":{"rendered":"<p style=\"text-align: justify;\">Conjointement aux activit\u00e9s de vacances, Jeunesse \u00e0 Bruxelles compte un service de Coordination &#8220;Accueil Temps Libre&#8221; (ATL-extrascolaire).<\/p>\n<p style=\"text-align: justify;\">Pour faire face au foisonnement des initiatives existantes en mati\u00e8re d&#8217;accueil extrascolaire sur le territoire de la Ville de Bruxelles, cette derni\u00e8re a r\u00e9pondu favorablement au\u00a0<a href=\"https:\/\/www.jeunesseabruxelles.be\/site\/wp-content\/uploads\/2016\/11\/D\u00e9cret-ATL.pdf\" target=\"_blank\" rel=\"noopener\">d\u00e9cret de la Communaut\u00e9 Fran\u00e7aise<\/a> (ONE) qui offre la possibilit\u00e9 aux communes de mettre en place une Coordination de l&#8217;Accueil Temps Libre (CATL) sur leur territoire. Le but de ce d\u00e9cret est d&#8217;am\u00e9liorer la qualit\u00e9 de l&#8217;accueil, l&#8217;accessibilit\u00e9 aux activit\u00e9s et l&#8217;information concernant les initiatives existantes. Il doit \u00e9galement favoriser l&#8217;impulsion de partenariats constructifs.<\/p>\n<p style=\"text-align: justify;\">Aux c\u00f4t\u00e9s de professionnels de l\u2019accueil, destin\u00e9 aux parents et bien s\u00fbr, in fine, aux enfants, ce service accomplit plusieurs missions dont l&#8217;un des objectifs principaux est d&#8217;am\u00e9liorer l&#8217;offre et d&#8217;augmenter la qualit\u00e9 de l&#8217;accueil extrascolaire pour les enfants de 2,5 ans \u00e0 12 ans afin de contribuer \u00e0 leur bien-\u00eatre et \u00e0 leur d\u00e9veloppement. Construit autour d&#8217;une mission p\u00e9dagogique de mixit\u00e9 sociale et d&#8217;\u00e9galit\u00e9 des chances, il se donne pour but d&#8217;assurer une meilleure insertion des enfants dans la soci\u00e9t\u00e9 de demain.<\/p>\n<p style=\"text-align: justify;\">De mani\u00e8re concr\u00e8te, la CATL propose\u00a0:<\/p>\n<ul style=\"text-align: justify;\">\n<li>une information sur l\u2019offre d\u2019accueil temps libre pr\u00e9sente sur le territoire de la Ville de Bruxelles (Haren, Neder-Over-Hembeek et Laeken inclus). Elle met notamment \u00e0 votre disposition la brochure \u00ab\u00a0Pose ton cartable\u00a0\u00bb ;<br \/>\n<a href=\"https:\/\/www.jeunesseabruxelles.be\/site\/wp-content\/uploads\/2024\/09\/PTC_5e_edition_brochure-complete.pdf\" class=\"su-button su-button-style-flat su-button-wide\" style=\"color:#fff;background-color:#0c506e;border-color:#0a4058;border-radius:5px\" target=\"_self\"><span style=\"color:#fff;padding:6px 18px;font-size:14px;line-height:21px;border-color:#55859a;border-radius:5px;text-shadow:none\"><i class=\"sui sui-arrow-down\" style=\"font-size:14px;color:#FFFFFF\"><\/i> T\u00e9l\u00e9charger la brochure Pose ton Cartable<\/span><\/a><\/li>\n<li>l\u2019accompagnement des professionnels \u00e0 propos de la qualit\u00e9 de l\u2019accueil ;<\/li>\n<li>une participation aux r\u00e9seaux ainsi qu\u2019\u00e0 des projets locaux en lien avec l\u2019accueil des enfants en dehors des temps scolaires.<\/li>\n<\/ul>\n<p style=\"text-align: justify;\">Pour toute information compl\u00e9mentaire, n&#8217;h\u00e9sitez pas \u00e0 contacter la <strong>Coordination Accueil Temps Libre<\/strong><\/p>\n<p style=\"text-align: justify;\">Av de l&#8217;H\u00e9liport, 56<br \/>\n1000 Bruxelles<br \/>\nTel: 02\/204.00.04 ou 05<br \/>\neMail: atl@brucity.be<\/p>\n<p style=\"text-align: justify;\">Si vous cherchez une activit\u00e9 extrascolaire pour votre enfant :<\/p>\n<p style=\"text-align: justify;\"><a href=\"https:\/\/www.bruxellestempslibre.be\/\" class=\"su-button su-button-style-flat su-button-wide\" style=\"color:#fff;background-color:#0c506e;border-color:#0a4058;border-radius:5px\" target=\"_self\"><span style=\"color:#fff;padding:6px 18px;font-size:14px;line-height:21px;border-color:#55859a;border-radius:5px;text-shadow:none\"><i class=\"sui sui-arrow-right\" style=\"font-size:14px;color:#FFFFFF\"><\/i> Recherche en ligne<\/span><\/a>\n","protected":false},"excerpt":{"rendered":"<p>CONTENTS<\/p>\n","protected":false},"author":5,"featured_media":725,"parent":0,"menu_order":1,"comment_status":"closed","ping_status":"closed","template":"","meta":{"footnotes":""},"class_list":["post-201","page","type-page","status-publish","has-post-thumbnail","hentry"],"_links":{"self":[{"href":"https:\/\/www.jeunesseabruxelles.be\/site\/wp-json\/wp\/v2\/pages\/201","targetHints":{"allow":["GET"]}}],"collection":[{"href":"https:\/\/www.jeunesseabruxelles.be\/site\/wp-json\/wp\/v2\/pages"}],"about":[{"href":"https:\/\/www.jeunesseabruxelles.be\/site\/wp-json\/wp\/v2\/types\/page"}],"author":[{"embeddable":true,"href":"https:\/\/www.jeunesseabruxelles.be\/site\/wp-json\/wp\/v2\/users\/5"}],"replies":[{"embeddable":true,"href":"https:\/\/www.jeunesseabruxelles.be\/site\/wp-json\/wp\/v2\/comments?post=201"}],"version-history":[{"count":12,"href":"https:\/\/www.jeunesseabruxelles.be\/site\/wp-json\/wp\/v2\/pages\/201\/revisions"}],"predecessor-version":[{"id":5202,"href":"https:\/\/www.jeunesseabruxelles.be\/site\/wp-json\/wp\/v2\/pages\/201\/revisions\/5202"}],"wp:featuredmedia":[{"embeddable":true,"href":"https:\/\/www.jeunesseabruxelles.be\/site\/wp-json\/wp\/v2\/media\/725"}],"wp:attachment":[{"href":"https:\/\/www.jeunesseabruxelles.be\/site\/wp-json\/wp\/v2\/media?parent=201"}],"curies":[{"name":"wp","href":"https:\/\/api.w.org\/{rel}","templated":true}]}}