{"id":1668,"date":"2016-12-09T10:35:14","date_gmt":"2016-12-09T10:35:14","guid":{"rendered":"http:\/\/www.jeunesseabruxelles.be\/site\/?page_id=1668"},"modified":"2016-12-12T09:16:05","modified_gmt":"2016-12-12T09:16:05","slug":"cartes-atl","status":"publish","type":"page","link":"https:\/\/www.jeunesseabruxelles.be\/site\/accueil-temps-libre\/cartes-atl\/","title":{"rendered":"Cartes des ATL par localisation"},"content":{"rendered":"<p>Vous pouvez visionner les 9 cartes des quartiers \u00a0de Bruxelles-ville, sur lesquelles sont reprises les Activit\u00e9s Temps Libre.<\/p>\n<div id='gallery-1' class='gallery galleryid-1668 gallery-columns-3 gallery-size-medium'><figure class='gallery-item'>\n\t\t\t<div class='gallery-icon portrait'>\n\t\t\t\t<a href='https:\/\/www.jeunesseabruxelles.be\/site\/wp-content\/uploads\/2016\/12\/JaBxl-ATL-carteslocalisation-07.png'><img loading=\"lazy\" decoding=\"async\" width=\"284\" height=\"400\" src=\"https:\/\/www.jeunesseabruxelles.be\/site\/wp-content\/uploads\/2016\/12\/JaBxl-ATL-carteslocalisation-07-284x400.png\" class=\"attachment-medium size-medium\" alt=\"\" srcset=\"https:\/\/www.jeunesseabruxelles.be\/site\/wp-content\/uploads\/2016\/12\/JaBxl-ATL-carteslocalisation-07-284x400.png 284w, https:\/\/www.jeunesseabruxelles.be\/site\/wp-content\/uploads\/2016\/12\/JaBxl-ATL-carteslocalisation-07-106x150.png 106w, https:\/\/www.jeunesseabruxelles.be\/site\/wp-content\/uploads\/2016\/12\/JaBxl-ATL-carteslocalisation-07-768x1083.png 768w, https:\/\/www.jeunesseabruxelles.be\/site\/wp-content\/uploads\/2016\/12\/JaBxl-ATL-carteslocalisation-07-908x1280.png 908w\" sizes=\"auto, (max-width: 284px) 100vw, 284px\" \/><\/a>\n\t\t\t<\/div><\/figure><figure class='gallery-item'>\n\t\t\t<div class='gallery-icon portrait'>\n\t\t\t\t<a href='https:\/\/www.jeunesseabruxelles.be\/site\/wp-content\/uploads\/2016\/12\/JaBxl-ATL-carteslocalisation-05.png'><img loading=\"lazy\" decoding=\"async\" width=\"284\" height=\"400\" src=\"https:\/\/www.jeunesseabruxelles.be\/site\/wp-content\/uploads\/2016\/12\/JaBxl-ATL-carteslocalisation-05-284x400.png\" class=\"attachment-medium size-medium\" alt=\"\" srcset=\"https:\/\/www.jeunesseabruxelles.be\/site\/wp-content\/uploads\/2016\/12\/JaBxl-ATL-carteslocalisation-05-284x400.png 284w, https:\/\/www.jeunesseabruxelles.be\/site\/wp-content\/uploads\/2016\/12\/JaBxl-ATL-carteslocalisation-05-106x150.png 106w, https:\/\/www.jeunesseabruxelles.be\/site\/wp-content\/uploads\/2016\/12\/JaBxl-ATL-carteslocalisation-05-768x1083.png 768w, https:\/\/www.jeunesseabruxelles.be\/site\/wp-content\/uploads\/2016\/12\/JaBxl-ATL-carteslocalisation-05-907x1280.png 907w\" sizes=\"auto, (max-width: 284px) 100vw, 284px\" \/><\/a>\n\t\t\t<\/div><\/figure><figure class='gallery-item'>\n\t\t\t<div class='gallery-icon portrait'>\n\t\t\t\t<a href='https:\/\/www.jeunesseabruxelles.be\/site\/wp-content\/uploads\/2016\/12\/JaBxl-ATL-carteslocalisation-03.png'><img loading=\"lazy\" decoding=\"async\" width=\"284\" height=\"400\" src=\"https:\/\/www.jeunesseabruxelles.be\/site\/wp-content\/uploads\/2016\/12\/JaBxl-ATL-carteslocalisation-03-284x400.png\" class=\"attachment-medium size-medium\" alt=\"\" srcset=\"https:\/\/www.jeunesseabruxelles.be\/site\/wp-content\/uploads\/2016\/12\/JaBxl-ATL-carteslocalisation-03-284x400.png 284w, https:\/\/www.jeunesseabruxelles.be\/site\/wp-content\/uploads\/2016\/12\/JaBxl-ATL-carteslocalisation-03-106x150.png 106w, https:\/\/www.jeunesseabruxelles.be\/site\/wp-content\/uploads\/2016\/12\/JaBxl-ATL-carteslocalisation-03-768x1083.png 768w, https:\/\/www.jeunesseabruxelles.be\/site\/wp-content\/uploads\/2016\/12\/JaBxl-ATL-carteslocalisation-03-908x1280.png 908w\" sizes=\"auto, (max-width: 284px) 100vw, 284px\" \/><\/a>\n\t\t\t<\/div><\/figure><figure class='gallery-item'>\n\t\t\t<div class='gallery-icon portrait'>\n\t\t\t\t<a href='https:\/\/www.jeunesseabruxelles.be\/site\/wp-content\/uploads\/2016\/12\/JaBxl-ATL-carteslocalisation-04.png'><img loading=\"lazy\" decoding=\"async\" width=\"284\" height=\"400\" src=\"https:\/\/www.jeunesseabruxelles.be\/site\/wp-content\/uploads\/2016\/12\/JaBxl-ATL-carteslocalisation-04-284x400.png\" class=\"attachment-medium size-medium\" alt=\"\" srcset=\"https:\/\/www.jeunesseabruxelles.be\/site\/wp-content\/uploads\/2016\/12\/JaBxl-ATL-carteslocalisation-04-284x400.png 284w, https:\/\/www.jeunesseabruxelles.be\/site\/wp-content\/uploads\/2016\/12\/JaBxl-ATL-carteslocalisation-04-106x150.png 106w, https:\/\/www.jeunesseabruxelles.be\/site\/wp-content\/uploads\/2016\/12\/JaBxl-ATL-carteslocalisation-04-768x1083.png 768w, https:\/\/www.jeunesseabruxelles.be\/site\/wp-content\/uploads\/2016\/12\/JaBxl-ATL-carteslocalisation-04-908x1280.png 908w\" sizes=\"auto, (max-width: 284px) 100vw, 284px\" \/><\/a>\n\t\t\t<\/div><\/figure><figure class='gallery-item'>\n\t\t\t<div class='gallery-icon portrait'>\n\t\t\t\t<a href='https:\/\/www.jeunesseabruxelles.be\/site\/wp-content\/uploads\/2016\/12\/JaBxl-ATL-carteslocalisation-02.png'><img loading=\"lazy\" decoding=\"async\" width=\"284\" height=\"400\" src=\"https:\/\/www.jeunesseabruxelles.be\/site\/wp-content\/uploads\/2016\/12\/JaBxl-ATL-carteslocalisation-02-284x400.png\" class=\"attachment-medium size-medium\" alt=\"\" srcset=\"https:\/\/www.jeunesseabruxelles.be\/site\/wp-content\/uploads\/2016\/12\/JaBxl-ATL-carteslocalisation-02-284x400.png 284w, https:\/\/www.jeunesseabruxelles.be\/site\/wp-content\/uploads\/2016\/12\/JaBxl-ATL-carteslocalisation-02-106x150.png 106w, https:\/\/www.jeunesseabruxelles.be\/site\/wp-content\/uploads\/2016\/12\/JaBxl-ATL-carteslocalisation-02-768x1083.png 768w, https:\/\/www.jeunesseabruxelles.be\/site\/wp-content\/uploads\/2016\/12\/JaBxl-ATL-carteslocalisation-02-908x1280.png 908w\" sizes=\"auto, (max-width: 284px) 100vw, 284px\" \/><\/a>\n\t\t\t<\/div><\/figure><figure class='gallery-item'>\n\t\t\t<div class='gallery-icon portrait'>\n\t\t\t\t<a href='https:\/\/www.jeunesseabruxelles.be\/site\/wp-content\/uploads\/2016\/12\/JaBxl-ATL-carteslocalisation-01.png'><img loading=\"lazy\" decoding=\"async\" width=\"284\" height=\"400\" src=\"https:\/\/www.jeunesseabruxelles.be\/site\/wp-content\/uploads\/2016\/12\/JaBxl-ATL-carteslocalisation-01-284x400.png\" class=\"attachment-medium size-medium\" alt=\"\" srcset=\"https:\/\/www.jeunesseabruxelles.be\/site\/wp-content\/uploads\/2016\/12\/JaBxl-ATL-carteslocalisation-01-284x400.png 284w, https:\/\/www.jeunesseabruxelles.be\/site\/wp-content\/uploads\/2016\/12\/JaBxl-ATL-carteslocalisation-01-106x150.png 106w, https:\/\/www.jeunesseabruxelles.be\/site\/wp-content\/uploads\/2016\/12\/JaBxl-ATL-carteslocalisation-01-768x1083.png 768w, https:\/\/www.jeunesseabruxelles.be\/site\/wp-content\/uploads\/2016\/12\/JaBxl-ATL-carteslocalisation-01-908x1280.png 908w\" sizes=\"auto, (max-width: 284px) 100vw, 284px\" \/><\/a>\n\t\t\t<\/div><\/figure><figure class='gallery-item'>\n\t\t\t<div class='gallery-icon portrait'>\n\t\t\t\t<a href='https:\/\/www.jeunesseabruxelles.be\/site\/wp-content\/uploads\/2016\/12\/JaBxl-ATL-carteslocalisation-09.png'><img loading=\"lazy\" decoding=\"async\" width=\"284\" height=\"400\" src=\"https:\/\/www.jeunesseabruxelles.be\/site\/wp-content\/uploads\/2016\/12\/JaBxl-ATL-carteslocalisation-09-284x400.png\" class=\"attachment-medium size-medium\" alt=\"\" srcset=\"https:\/\/www.jeunesseabruxelles.be\/site\/wp-content\/uploads\/2016\/12\/JaBxl-ATL-carteslocalisation-09-284x400.png 284w, https:\/\/www.jeunesseabruxelles.be\/site\/wp-content\/uploads\/2016\/12\/JaBxl-ATL-carteslocalisation-09-106x150.png 106w, https:\/\/www.jeunesseabruxelles.be\/site\/wp-content\/uploads\/2016\/12\/JaBxl-ATL-carteslocalisation-09-768x1083.png 768w, https:\/\/www.jeunesseabruxelles.be\/site\/wp-content\/uploads\/2016\/12\/JaBxl-ATL-carteslocalisation-09-908x1280.png 908w\" sizes=\"auto, (max-width: 284px) 100vw, 284px\" \/><\/a>\n\t\t\t<\/div><\/figure><figure class='gallery-item'>\n\t\t\t<div class='gallery-icon portrait'>\n\t\t\t\t<a href='https:\/\/www.jeunesseabruxelles.be\/site\/wp-content\/uploads\/2016\/12\/JaBxl-ATL-carteslocalisation-08.png'><img loading=\"lazy\" decoding=\"async\" width=\"284\" height=\"400\" src=\"https:\/\/www.jeunesseabruxelles.be\/site\/wp-content\/uploads\/2016\/12\/JaBxl-ATL-carteslocalisation-08-284x400.png\" class=\"attachment-medium size-medium\" alt=\"\" srcset=\"https:\/\/www.jeunesseabruxelles.be\/site\/wp-content\/uploads\/2016\/12\/JaBxl-ATL-carteslocalisation-08-284x400.png 284w, https:\/\/www.jeunesseabruxelles.be\/site\/wp-content\/uploads\/2016\/12\/JaBxl-ATL-carteslocalisation-08-106x150.png 106w, https:\/\/www.jeunesseabruxelles.be\/site\/wp-content\/uploads\/2016\/12\/JaBxl-ATL-carteslocalisation-08-768x1083.png 768w, https:\/\/www.jeunesseabruxelles.be\/site\/wp-content\/uploads\/2016\/12\/JaBxl-ATL-carteslocalisation-08-908x1280.png 908w\" sizes=\"auto, (max-width: 284px) 100vw, 284px\" \/><\/a>\n\t\t\t<\/div><\/figure><figure class='gallery-item'>\n\t\t\t<div class='gallery-icon portrait'>\n\t\t\t\t<a href='https:\/\/www.jeunesseabruxelles.be\/site\/wp-content\/uploads\/2016\/12\/JaBxl-ATL-carteslocalisation-06.png'><img loading=\"lazy\" decoding=\"async\" width=\"284\" height=\"400\" src=\"https:\/\/www.jeunesseabruxelles.be\/site\/wp-content\/uploads\/2016\/12\/JaBxl-ATL-carteslocalisation-06-284x400.png\" class=\"attachment-medium size-medium\" alt=\"\" srcset=\"https:\/\/www.jeunesseabruxelles.be\/site\/wp-content\/uploads\/2016\/12\/JaBxl-ATL-carteslocalisation-06-284x400.png 284w, https:\/\/www.jeunesseabruxelles.be\/site\/wp-content\/uploads\/2016\/12\/JaBxl-ATL-carteslocalisation-06-106x150.png 106w, https:\/\/www.jeunesseabruxelles.be\/site\/wp-content\/uploads\/2016\/12\/JaBxl-ATL-carteslocalisation-06-768x1083.png 768w, https:\/\/www.jeunesseabruxelles.be\/site\/wp-content\/uploads\/2016\/12\/JaBxl-ATL-carteslocalisation-06-908x1280.png 908w\" sizes=\"auto, (max-width: 284px) 100vw, 284px\" \/><\/a>\n\t\t\t<\/div><\/figure>\n\t\t<\/div>\n\n<p>Vous pouvez \u00e9galement t\u00e9l\u00e9charger le PDF reprenant les 9 posters<\/p>\n<a href=\"https:\/\/www.jeunesseabruxelles.be\/site\/wp-content\/uploads\/2016\/12\/JaBxl-ATL-posterscartes.pdf\" class=\"su-button su-button-style-flat su-button-wide\" style=\"color:#fff;background-color:#0c506e;border-color:#0a4058;border-radius:5px\" target=\"_self\"><span style=\"color:#fff;padding:6px 18px;font-size:14px;line-height:21px;border-color:#55859a;border-radius:5px;text-shadow:none\"><i class=\"sui sui-arrow-down\" style=\"font-size:14px;color:#FFFFFF\"><\/i> T\u00e9l\u00e9charger les 9 cartes d&#8217;ATL<\/span><\/a>\n<p>&nbsp;<\/p>\n","protected":false},"excerpt":{"rendered":"<p>Vous pouvez visionner les 9 cartes des quartiers \u00a0de Bruxelles-ville, sur lesquelles sont reprises les Activit\u00e9s Temps Libre. Vous pouvez \u00e9galement t\u00e9l\u00e9charger le PDF reprenant les 9 posters &nbsp;<\/p>\n","protected":false},"author":5,"featured_media":725,"parent":201,"menu_order":0,"comment_status":"closed","ping_status":"closed","template":"page-templates\/full-width.php","meta":{"footnotes":""},"class_list":["post-1668","page","type-page","status-publish","has-post-thumbnail","hentry"],"_links":{"self":[{"href":"https:\/\/www.jeunesseabruxelles.be\/site\/wp-json\/wp\/v2\/pages\/1668","targetHints":{"allow":["GET"]}}],"collection":[{"href":"https:\/\/www.jeunesseabruxelles.be\/site\/wp-json\/wp\/v2\/pages"}],"about":[{"href":"https:\/\/www.jeunesseabruxelles.be\/site\/wp-json\/wp\/v2\/types\/page"}],"author":[{"embeddable":true,"href":"https:\/\/www.jeunesseabruxelles.be\/site\/wp-json\/wp\/v2\/users\/5"}],"replies":[{"embeddable":true,"href":"https:\/\/www.jeunesseabruxelles.be\/site\/wp-json\/wp\/v2\/comments?post=1668"}],"version-history":[{"count":1,"href":"https:\/\/www.jeunesseabruxelles.be\/site\/wp-json\/wp\/v2\/pages\/1668\/revisions"}],"predecessor-version":[{"id":1679,"href":"https:\/\/www.jeunesseabruxelles.be\/site\/wp-json\/wp\/v2\/pages\/1668\/revisions\/1679"}],"up":[{"embeddable":true,"href":"https:\/\/www.jeunesseabruxelles.be\/site\/wp-json\/wp\/v2\/pages\/201"}],"wp:featuredmedia":[{"embeddable":true,"href":"https:\/\/www.jeunesseabruxelles.be\/site\/wp-json\/wp\/v2\/media\/725"}],"wp:attachment":[{"href":"https:\/\/www.jeunesseabruxelles.be\/site\/wp-json\/wp\/v2\/media?parent=1668"}],"curies":[{"name":"wp","href":"https:\/\/api.w.org\/{rel}","templated":true}]}}