{"id":114,"date":"2014-07-08T14:13:43","date_gmt":"2014-07-08T14:13:43","guid":{"rendered":"http:\/\/jpbuse.be\/?page_id=114"},"modified":"2024-12-22T15:06:49","modified_gmt":"2024-12-22T15:06:49","slug":"domaine-de-combreuil","status":"publish","type":"page","link":"https:\/\/www.jeunesseabruxelles.be\/site\/location-infrastructure\/domaine-de-combreuil\/","title":{"rendered":"Domaine de Combreuil"},"content":{"rendered":"<p>La domaine de Combreuil est situ\u00e9 au 7, Route de Combreuil\u00a0 \u00e0 7090 Ronqui\u00e8res (Hainaut) voir <a href=\"https:\/\/goo.gl\/maps\/GUayNRr1Yzm\" target=\"_blank\" rel=\"noopener\">carte<\/a>.<\/p>\n<p>Cette infrastructure est destin\u00e9e \u00e0 favoriser l&#8217;organisation d\u2019activit\u00e9s \u00e9ducatives et cr\u00e9atives.<\/p>\n<a href=\"https:\/\/www.jeunesseabruxelles.be\/site\/wp-content\/uploads\/2024\/12\/COMBREUIL-Formulaire-demande-doccupation.pdf\" class=\"su-button su-button-style-flat su-button-wide\" style=\"color:#fff;background-color:#666666;border-color:#525252;border-radius:5px\" target=\"_self\"><span style=\"color:#fff;padding:6px 18px;font-size:14px;line-height:21px;border-color:#949494;border-radius:5px;text-shadow:none\"><i class=\"sui sui-arrow-down\" style=\"font-size:14px;color:#FFFFFF\"><\/i> T\u00e9l\u00e9charger le formulaire de demande d\u2019occupation<\/span><\/a>\n<a href=\"https:\/\/www.jeunesseabruxelles.be\/site\/wp-content\/uploads\/2016\/11\/Tarifs-Combreuil.pdf\" class=\"su-button su-button-style-flat su-button-wide\" style=\"color:#fff;background-color:#666666;border-color:#525252;border-radius:5px\" target=\"_self\"><span style=\"color:#fff;padding:6px 18px;font-size:14px;line-height:21px;border-color:#949494;border-radius:5px;text-shadow:none\"><i class=\"sui sui-arrow-down\" style=\"font-size:14px;color:#FFFFFF\"><\/i> T\u00e9l\u00e9charger les tarifs<\/span><\/a>\n<p>Descriptif des locaux et informations compl\u00e9mantaires ci-dessous :<\/p>\n<a href=\"https:\/\/www.jeunesseabruxelles.be\/site\/wp-content\/uploads\/2024\/12\/brochure-Combreuil-A4_compressed.pdf\" class=\"su-button su-button-style-flat su-button-wide\" style=\"color:#fff;background-color:#666666;border-color:#525252;border-radius:5px\" target=\"_self\"><span style=\"color:#fff;padding:6px 18px;font-size:14px;line-height:21px;border-color:#949494;border-radius:5px;text-shadow:none\"><i class=\"sui sui-arrow-down\" style=\"font-size:14px;color:#FFFFFF\"><\/i> T\u00e9l\u00e9charger le dossier p\u00e9dagogique<\/span><\/a>\n<div id='gallery-1' class='gallery galleryid-114 gallery-columns-3 gallery-size-large'><figure class='gallery-item'>\n\t\t\t<div class='gallery-icon landscape'>\n\t\t\t\t<a href='https:\/\/www.jeunesseabruxelles.be\/site\/wp-content\/uploads\/2014\/07\/DSC03697.jpg'><img loading=\"lazy\" decoding=\"async\" width=\"474\" height=\"356\" src=\"https:\/\/www.jeunesseabruxelles.be\/site\/wp-content\/uploads\/2014\/07\/DSC03697-1280x960.jpg\" class=\"attachment-large size-large\" alt=\"\" srcset=\"https:\/\/www.jeunesseabruxelles.be\/site\/wp-content\/uploads\/2014\/07\/DSC03697-1280x960.jpg 1280w, https:\/\/www.jeunesseabruxelles.be\/site\/wp-content\/uploads\/2014\/07\/DSC03697-150x113.jpg 150w, https:\/\/www.jeunesseabruxelles.be\/site\/wp-content\/uploads\/2014\/07\/DSC03697-400x300.jpg 400w, https:\/\/www.jeunesseabruxelles.be\/site\/wp-content\/uploads\/2014\/07\/DSC03697-768x576.jpg 768w\" sizes=\"auto, (max-width: 474px) 100vw, 474px\" \/><\/a>\n\t\t\t<\/div><\/figure><figure class='gallery-item'>\n\t\t\t<div class='gallery-icon landscape'>\n\t\t\t\t<a href='https:\/\/www.jeunesseabruxelles.be\/site\/wp-content\/uploads\/2014\/07\/DSC03698.jpg'><img loading=\"lazy\" decoding=\"async\" width=\"474\" height=\"356\" src=\"https:\/\/www.jeunesseabruxelles.be\/site\/wp-content\/uploads\/2014\/07\/DSC03698-1280x960.jpg\" class=\"attachment-large size-large\" alt=\"\" srcset=\"https:\/\/www.jeunesseabruxelles.be\/site\/wp-content\/uploads\/2014\/07\/DSC03698-1280x960.jpg 1280w, https:\/\/www.jeunesseabruxelles.be\/site\/wp-content\/uploads\/2014\/07\/DSC03698-150x113.jpg 150w, https:\/\/www.jeunesseabruxelles.be\/site\/wp-content\/uploads\/2014\/07\/DSC03698-400x300.jpg 400w, https:\/\/www.jeunesseabruxelles.be\/site\/wp-content\/uploads\/2014\/07\/DSC03698-768x576.jpg 768w\" sizes=\"auto, (max-width: 474px) 100vw, 474px\" \/><\/a>\n\t\t\t<\/div><\/figure><figure class='gallery-item'>\n\t\t\t<div class='gallery-icon landscape'>\n\t\t\t\t<a href='https:\/\/www.jeunesseabruxelles.be\/site\/wp-content\/uploads\/2014\/07\/DSC03701.jpg'><img loading=\"lazy\" decoding=\"async\" width=\"474\" height=\"356\" src=\"https:\/\/www.jeunesseabruxelles.be\/site\/wp-content\/uploads\/2014\/07\/DSC03701-1280x960.jpg\" class=\"attachment-large size-large\" alt=\"\" srcset=\"https:\/\/www.jeunesseabruxelles.be\/site\/wp-content\/uploads\/2014\/07\/DSC03701-1280x960.jpg 1280w, https:\/\/www.jeunesseabruxelles.be\/site\/wp-content\/uploads\/2014\/07\/DSC03701-150x113.jpg 150w, https:\/\/www.jeunesseabruxelles.be\/site\/wp-content\/uploads\/2014\/07\/DSC03701-400x300.jpg 400w, https:\/\/www.jeunesseabruxelles.be\/site\/wp-content\/uploads\/2014\/07\/DSC03701-768x576.jpg 768w\" sizes=\"auto, (max-width: 474px) 100vw, 474px\" \/><\/a>\n\t\t\t<\/div><\/figure><figure class='gallery-item'>\n\t\t\t<div class='gallery-icon landscape'>\n\t\t\t\t<a href='https:\/\/www.jeunesseabruxelles.be\/site\/wp-content\/uploads\/2014\/07\/r\u00e9fectoire.jpg'><img loading=\"lazy\" decoding=\"async\" width=\"474\" height=\"316\" src=\"https:\/\/www.jeunesseabruxelles.be\/site\/wp-content\/uploads\/2014\/07\/r\u00e9fectoire-1280x853.jpg\" class=\"attachment-large size-large\" alt=\"\" srcset=\"https:\/\/www.jeunesseabruxelles.be\/site\/wp-content\/uploads\/2014\/07\/r\u00e9fectoire-1280x853.jpg 1280w, https:\/\/www.jeunesseabruxelles.be\/site\/wp-content\/uploads\/2014\/07\/r\u00e9fectoire-150x100.jpg 150w, https:\/\/www.jeunesseabruxelles.be\/site\/wp-content\/uploads\/2014\/07\/r\u00e9fectoire-400x267.jpg 400w, https:\/\/www.jeunesseabruxelles.be\/site\/wp-content\/uploads\/2014\/07\/r\u00e9fectoire-768x512.jpg 768w, https:\/\/www.jeunesseabruxelles.be\/site\/wp-content\/uploads\/2014\/07\/r\u00e9fectoire-300x200.jpg 300w\" sizes=\"auto, (max-width: 474px) 100vw, 474px\" \/><\/a>\n\t\t\t<\/div><\/figure><figure class='gallery-item'>\n\t\t\t<div class='gallery-icon landscape'>\n\t\t\t\t<a href='https:\/\/www.jeunesseabruxelles.be\/site\/wp-content\/uploads\/2014\/07\/DSC03684.jpg'><img loading=\"lazy\" decoding=\"async\" width=\"474\" height=\"356\" src=\"https:\/\/www.jeunesseabruxelles.be\/site\/wp-content\/uploads\/2014\/07\/DSC03684-1280x960.jpg\" class=\"attachment-large size-large\" alt=\"\" srcset=\"https:\/\/www.jeunesseabruxelles.be\/site\/wp-content\/uploads\/2014\/07\/DSC03684-1280x960.jpg 1280w, https:\/\/www.jeunesseabruxelles.be\/site\/wp-content\/uploads\/2014\/07\/DSC03684-150x113.jpg 150w, https:\/\/www.jeunesseabruxelles.be\/site\/wp-content\/uploads\/2014\/07\/DSC03684-400x300.jpg 400w, https:\/\/www.jeunesseabruxelles.be\/site\/wp-content\/uploads\/2014\/07\/DSC03684-768x576.jpg 768w\" sizes=\"auto, (max-width: 474px) 100vw, 474px\" \/><\/a>\n\t\t\t<\/div><\/figure><figure class='gallery-item'>\n\t\t\t<div class='gallery-icon landscape'>\n\t\t\t\t<a href='https:\/\/www.jeunesseabruxelles.be\/site\/wp-content\/uploads\/2014\/07\/DSC03686.jpg'><img loading=\"lazy\" decoding=\"async\" width=\"474\" height=\"356\" src=\"https:\/\/www.jeunesseabruxelles.be\/site\/wp-content\/uploads\/2014\/07\/DSC03686-1280x960.jpg\" class=\"attachment-large size-large\" alt=\"\" srcset=\"https:\/\/www.jeunesseabruxelles.be\/site\/wp-content\/uploads\/2014\/07\/DSC03686-1280x960.jpg 1280w, https:\/\/www.jeunesseabruxelles.be\/site\/wp-content\/uploads\/2014\/07\/DSC03686-150x113.jpg 150w, https:\/\/www.jeunesseabruxelles.be\/site\/wp-content\/uploads\/2014\/07\/DSC03686-400x300.jpg 400w, https:\/\/www.jeunesseabruxelles.be\/site\/wp-content\/uploads\/2014\/07\/DSC03686-768x576.jpg 768w\" sizes=\"auto, (max-width: 474px) 100vw, 474px\" \/><\/a>\n\t\t\t<\/div><\/figure><figure class='gallery-item'>\n\t\t\t<div class='gallery-icon portrait'>\n\t\t\t\t<a href='https:\/\/www.jeunesseabruxelles.be\/site\/wp-content\/uploads\/2014\/07\/DSC03687.jpg'><img loading=\"lazy\" decoding=\"async\" width=\"474\" height=\"632\" src=\"https:\/\/www.jeunesseabruxelles.be\/site\/wp-content\/uploads\/2014\/07\/DSC03687-960x1280.jpg\" class=\"attachment-large size-large\" alt=\"\" srcset=\"https:\/\/www.jeunesseabruxelles.be\/site\/wp-content\/uploads\/2014\/07\/DSC03687-960x1280.jpg 960w, https:\/\/www.jeunesseabruxelles.be\/site\/wp-content\/uploads\/2014\/07\/DSC03687-113x150.jpg 113w, https:\/\/www.jeunesseabruxelles.be\/site\/wp-content\/uploads\/2014\/07\/DSC03687-300x400.jpg 300w, https:\/\/www.jeunesseabruxelles.be\/site\/wp-content\/uploads\/2014\/07\/DSC03687-768x1024.jpg 768w\" sizes=\"auto, (max-width: 474px) 100vw, 474px\" \/><\/a>\n\t\t\t<\/div><\/figure><figure class='gallery-item'>\n\t\t\t<div class='gallery-icon portrait'>\n\t\t\t\t<a href='https:\/\/www.jeunesseabruxelles.be\/site\/wp-content\/uploads\/2014\/07\/DSC03688.jpg'><img loading=\"lazy\" decoding=\"async\" width=\"474\" height=\"632\" src=\"https:\/\/www.jeunesseabruxelles.be\/site\/wp-content\/uploads\/2014\/07\/DSC03688-960x1280.jpg\" class=\"attachment-large size-large\" alt=\"\" srcset=\"https:\/\/www.jeunesseabruxelles.be\/site\/wp-content\/uploads\/2014\/07\/DSC03688-960x1280.jpg 960w, https:\/\/www.jeunesseabruxelles.be\/site\/wp-content\/uploads\/2014\/07\/DSC03688-113x150.jpg 113w, https:\/\/www.jeunesseabruxelles.be\/site\/wp-content\/uploads\/2014\/07\/DSC03688-300x400.jpg 300w, https:\/\/www.jeunesseabruxelles.be\/site\/wp-content\/uploads\/2014\/07\/DSC03688-768x1024.jpg 768w\" sizes=\"auto, (max-width: 474px) 100vw, 474px\" \/><\/a>\n\t\t\t<\/div><\/figure><figure class='gallery-item'>\n\t\t\t<div class='gallery-icon landscape'>\n\t\t\t\t<a href='https:\/\/www.jeunesseabruxelles.be\/site\/wp-content\/uploads\/2014\/07\/DSC03690.jpg'><img loading=\"lazy\" decoding=\"async\" width=\"474\" height=\"356\" src=\"https:\/\/www.jeunesseabruxelles.be\/site\/wp-content\/uploads\/2014\/07\/DSC03690-1280x960.jpg\" class=\"attachment-large size-large\" alt=\"\" srcset=\"https:\/\/www.jeunesseabruxelles.be\/site\/wp-content\/uploads\/2014\/07\/DSC03690-1280x960.jpg 1280w, https:\/\/www.jeunesseabruxelles.be\/site\/wp-content\/uploads\/2014\/07\/DSC03690-150x113.jpg 150w, https:\/\/www.jeunesseabruxelles.be\/site\/wp-content\/uploads\/2014\/07\/DSC03690-400x300.jpg 400w, https:\/\/www.jeunesseabruxelles.be\/site\/wp-content\/uploads\/2014\/07\/DSC03690-768x576.jpg 768w\" sizes=\"auto, (max-width: 474px) 100vw, 474px\" \/><\/a>\n\t\t\t<\/div><\/figure><figure class='gallery-item'>\n\t\t\t<div class='gallery-icon landscape'>\n\t\t\t\t<a href='https:\/\/www.jeunesseabruxelles.be\/site\/wp-content\/uploads\/2014\/07\/DSC03691.jpg'><img loading=\"lazy\" decoding=\"async\" width=\"474\" height=\"356\" src=\"https:\/\/www.jeunesseabruxelles.be\/site\/wp-content\/uploads\/2014\/07\/DSC03691-1280x960.jpg\" class=\"attachment-large size-large\" alt=\"\" srcset=\"https:\/\/www.jeunesseabruxelles.be\/site\/wp-content\/uploads\/2014\/07\/DSC03691-1280x960.jpg 1280w, https:\/\/www.jeunesseabruxelles.be\/site\/wp-content\/uploads\/2014\/07\/DSC03691-150x113.jpg 150w, https:\/\/www.jeunesseabruxelles.be\/site\/wp-content\/uploads\/2014\/07\/DSC03691-400x300.jpg 400w, https:\/\/www.jeunesseabruxelles.be\/site\/wp-content\/uploads\/2014\/07\/DSC03691-768x576.jpg 768w\" sizes=\"auto, (max-width: 474px) 100vw, 474px\" \/><\/a>\n\t\t\t<\/div><\/figure><figure class='gallery-item'>\n\t\t\t<div class='gallery-icon landscape'>\n\t\t\t\t<a href='https:\/\/www.jeunesseabruxelles.be\/site\/wp-content\/uploads\/2014\/07\/DSC03693.jpg'><img loading=\"lazy\" decoding=\"async\" width=\"474\" height=\"356\" src=\"https:\/\/www.jeunesseabruxelles.be\/site\/wp-content\/uploads\/2014\/07\/DSC03693-1280x960.jpg\" class=\"attachment-large size-large\" alt=\"\" srcset=\"https:\/\/www.jeunesseabruxelles.be\/site\/wp-content\/uploads\/2014\/07\/DSC03693-1280x960.jpg 1280w, https:\/\/www.jeunesseabruxelles.be\/site\/wp-content\/uploads\/2014\/07\/DSC03693-150x113.jpg 150w, https:\/\/www.jeunesseabruxelles.be\/site\/wp-content\/uploads\/2014\/07\/DSC03693-400x300.jpg 400w, https:\/\/www.jeunesseabruxelles.be\/site\/wp-content\/uploads\/2014\/07\/DSC03693-768x576.jpg 768w\" sizes=\"auto, (max-width: 474px) 100vw, 474px\" \/><\/a>\n\t\t\t<\/div><\/figure><figure class='gallery-item'>\n\t\t\t<div class='gallery-icon landscape'>\n\t\t\t\t<a href='https:\/\/www.jeunesseabruxelles.be\/site\/wp-content\/uploads\/2014\/07\/DSC03694.jpg'><img loading=\"lazy\" decoding=\"async\" width=\"474\" height=\"356\" src=\"https:\/\/www.jeunesseabruxelles.be\/site\/wp-content\/uploads\/2014\/07\/DSC03694-1280x960.jpg\" class=\"attachment-large size-large\" alt=\"\" srcset=\"https:\/\/www.jeunesseabruxelles.be\/site\/wp-content\/uploads\/2014\/07\/DSC03694-1280x960.jpg 1280w, https:\/\/www.jeunesseabruxelles.be\/site\/wp-content\/uploads\/2014\/07\/DSC03694-150x113.jpg 150w, https:\/\/www.jeunesseabruxelles.be\/site\/wp-content\/uploads\/2014\/07\/DSC03694-400x300.jpg 400w, https:\/\/www.jeunesseabruxelles.be\/site\/wp-content\/uploads\/2014\/07\/DSC03694-768x576.jpg 768w\" sizes=\"auto, (max-width: 474px) 100vw, 474px\" \/><\/a>\n\t\t\t<\/div><\/figure><figure class='gallery-item'>\n\t\t\t<div class='gallery-icon landscape'>\n\t\t\t\t<a href='https:\/\/www.jeunesseabruxelles.be\/site\/wp-content\/uploads\/2014\/07\/DSC03695.jpg'><img loading=\"lazy\" decoding=\"async\" width=\"474\" height=\"356\" src=\"https:\/\/www.jeunesseabruxelles.be\/site\/wp-content\/uploads\/2014\/07\/DSC03695-1280x960.jpg\" class=\"attachment-large size-large\" alt=\"\" srcset=\"https:\/\/www.jeunesseabruxelles.be\/site\/wp-content\/uploads\/2014\/07\/DSC03695-1280x960.jpg 1280w, https:\/\/www.jeunesseabruxelles.be\/site\/wp-content\/uploads\/2014\/07\/DSC03695-150x113.jpg 150w, https:\/\/www.jeunesseabruxelles.be\/site\/wp-content\/uploads\/2014\/07\/DSC03695-400x300.jpg 400w, https:\/\/www.jeunesseabruxelles.be\/site\/wp-content\/uploads\/2014\/07\/DSC03695-768x576.jpg 768w\" sizes=\"auto, (max-width: 474px) 100vw, 474px\" \/><\/a>\n\t\t\t<\/div><\/figure>\n\t\t<\/div>\n\n","protected":false},"excerpt":{"rendered":"<p>La domaine de Combreuil est situ\u00e9 au 7, Route de Combreuil\u00a0 \u00e0 7090 Ronqui\u00e8res (Hainaut) voir carte. Cette infrastructure est destin\u00e9e \u00e0 favoriser l&#8217;organisation d\u2019activit\u00e9s \u00e9ducatives et cr\u00e9atives. Descriptif des locaux et informations compl\u00e9mantaires ci-dessous :<\/p>\n","protected":false},"author":5,"featured_media":728,"parent":107,"menu_order":0,"comment_status":"closed","ping_status":"open","template":"page-templates\/full-width.php","meta":{"footnotes":""},"class_list":["post-114","page","type-page","status-publish","has-post-thumbnail","hentry"],"_links":{"self":[{"href":"https:\/\/www.jeunesseabruxelles.be\/site\/wp-json\/wp\/v2\/pages\/114","targetHints":{"allow":["GET"]}}],"collection":[{"href":"https:\/\/www.jeunesseabruxelles.be\/site\/wp-json\/wp\/v2\/pages"}],"about":[{"href":"https:\/\/www.jeunesseabruxelles.be\/site\/wp-json\/wp\/v2\/types\/page"}],"author":[{"embeddable":true,"href":"https:\/\/www.jeunesseabruxelles.be\/site\/wp-json\/wp\/v2\/users\/5"}],"replies":[{"embeddable":true,"href":"https:\/\/www.jeunesseabruxelles.be\/site\/wp-json\/wp\/v2\/comments?post=114"}],"version-history":[{"count":6,"href":"https:\/\/www.jeunesseabruxelles.be\/site\/wp-json\/wp\/v2\/pages\/114\/revisions"}],"predecessor-version":[{"id":5386,"href":"https:\/\/www.jeunesseabruxelles.be\/site\/wp-json\/wp\/v2\/pages\/114\/revisions\/5386"}],"up":[{"embeddable":true,"href":"https:\/\/www.jeunesseabruxelles.be\/site\/wp-json\/wp\/v2\/pages\/107"}],"wp:featuredmedia":[{"embeddable":true,"href":"https:\/\/www.jeunesseabruxelles.be\/site\/wp-json\/wp\/v2\/media\/728"}],"wp:attachment":[{"href":"https:\/\/www.jeunesseabruxelles.be\/site\/wp-json\/wp\/v2\/media?parent=114"}],"curies":[{"name":"wp","href":"https:\/\/api.w.org\/{rel}","templated":true}]}}