{"id":112,"date":"2014-07-08T14:12:54","date_gmt":"2014-07-08T14:12:54","guid":{"rendered":"http:\/\/jpbuse.be\/?page_id=112"},"modified":"2025-10-13T18:23:30","modified_gmt":"2025-10-13T18:23:30","slug":"salle-de-la-cle","status":"publish","type":"page","link":"https:\/\/www.jeunesseabruxelles.be\/site\/location-infrastructure\/salle-de-la-cle\/","title":{"rendered":"Salle de la Cl\u00e9"},"content":{"rendered":"<p>La salle de la Cl\u00e9 est situ\u00e9e au 52, Quai de l\u2019Industrie \u00e0 1000 Bruxelles (pr\u00e8s des Arts et M\u00e9tiers) voir <a href=\"https:\/\/goo.gl\/maps\/FGCyhrJrduC2\" target=\"_blank\" rel=\"noopener\">carte<\/a>.<\/p>\n<p>Elle a une capacit\u00e9 maximale de 120 personnes.<\/p>\n<a href=\"https:\/\/www.jeunesseabruxelles.be\/site\/wp-content\/uploads\/2025\/10\/2025_SALLE-CLE-Formulaire-demande-doccupation.pdf\" class=\"su-button su-button-style-flat su-button-wide\" style=\"color:#fff;background-color:#666666;border-color:#525252;border-radius:5px\" target=\"_self\"><span style=\"color:#fff;padding:6px 18px;font-size:14px;line-height:21px;border-color:#949494;border-radius:5px;text-shadow:none\"><i class=\"sui sui-arrow-down\" style=\"font-size:14px;color:#FFFFFF\"><\/i> T\u00e9l\u00e9charger le formulaire de demande d\u2019occupation<\/span><\/a>\n<a href=\"https:\/\/www.jeunesseabruxelles.be\/site\/wp-content\/uploads\/2025\/03\/Grille-Tarifaire-2025.pdf\" class=\"su-button su-button-style-flat su-button-wide\" style=\"color:#fff;background-color:#666666;border-color:#525252;border-radius:5px\" target=\"_self\"><span style=\"color:#fff;padding:6px 18px;font-size:14px;line-height:21px;border-color:#949494;border-radius:5px;text-shadow:none\"><i class=\"sui sui-arrow-down\" style=\"font-size:14px;color:#FFFFFF\"><\/i> T\u00e9l\u00e9charger les tarifs<\/span><\/a>\n<a href=\"https:\/\/www.jeunesseabruxelles.be\/site\/wp-content\/uploads\/2024\/12\/23-05-24-ROI-Salle-de-la-Cle.pdf\" class=\"su-button su-button-style-flat su-button-wide\" style=\"color:#fff;background-color:#666666;border-color:#525252;border-radius:5px\" target=\"_self\"><span style=\"color:#fff;padding:6px 18px;font-size:14px;line-height:21px;border-color:#949494;border-radius:5px;text-shadow:none\"><i class=\"sui sui-arrow-down\" style=\"font-size:14px;color:#FFFFFF\"><\/i> T\u00e9l\u00e9charger le r\u00e8glement d\u2019ordre int\u00e9rieur<\/span><\/a>\n<div id='gallery-1' class='gallery galleryid-112 gallery-columns-3 gallery-size-large'><figure class='gallery-item'>\n\t\t\t<div class='gallery-icon landscape'>\n\t\t\t\t<a href='https:\/\/www.jeunesseabruxelles.be\/site\/wp-content\/uploads\/2014\/07\/Vue-2\u00e8me-salles.jpg'><img loading=\"lazy\" decoding=\"async\" width=\"474\" height=\"356\" src=\"https:\/\/www.jeunesseabruxelles.be\/site\/wp-content\/uploads\/2014\/07\/Vue-2\u00e8me-salles-1280x960.jpg\" class=\"attachment-large size-large\" alt=\"\" srcset=\"https:\/\/www.jeunesseabruxelles.be\/site\/wp-content\/uploads\/2014\/07\/Vue-2\u00e8me-salles-1280x960.jpg 1280w, https:\/\/www.jeunesseabruxelles.be\/site\/wp-content\/uploads\/2014\/07\/Vue-2\u00e8me-salles-150x113.jpg 150w, https:\/\/www.jeunesseabruxelles.be\/site\/wp-content\/uploads\/2014\/07\/Vue-2\u00e8me-salles-400x300.jpg 400w, https:\/\/www.jeunesseabruxelles.be\/site\/wp-content\/uploads\/2014\/07\/Vue-2\u00e8me-salles-768x576.jpg 768w\" sizes=\"auto, (max-width: 474px) 100vw, 474px\" \/><\/a>\n\t\t\t<\/div><\/figure><figure class='gallery-item'>\n\t\t\t<div class='gallery-icon landscape'>\n\t\t\t\t<a href='https:\/\/www.jeunesseabruxelles.be\/site\/wp-content\/uploads\/2014\/07\/Vue-salle-depuis-bar.jpg'><img loading=\"lazy\" decoding=\"async\" width=\"474\" height=\"356\" src=\"https:\/\/www.jeunesseabruxelles.be\/site\/wp-content\/uploads\/2014\/07\/Vue-salle-depuis-bar-1280x960.jpg\" class=\"attachment-large size-large\" alt=\"\" srcset=\"https:\/\/www.jeunesseabruxelles.be\/site\/wp-content\/uploads\/2014\/07\/Vue-salle-depuis-bar-1280x960.jpg 1280w, https:\/\/www.jeunesseabruxelles.be\/site\/wp-content\/uploads\/2014\/07\/Vue-salle-depuis-bar-150x113.jpg 150w, https:\/\/www.jeunesseabruxelles.be\/site\/wp-content\/uploads\/2014\/07\/Vue-salle-depuis-bar-400x300.jpg 400w, https:\/\/www.jeunesseabruxelles.be\/site\/wp-content\/uploads\/2014\/07\/Vue-salle-depuis-bar-768x576.jpg 768w\" sizes=\"auto, (max-width: 474px) 100vw, 474px\" \/><\/a>\n\t\t\t<\/div><\/figure><figure class='gallery-item'>\n\t\t\t<div class='gallery-icon landscape'>\n\t\t\t\t<a href='https:\/\/www.jeunesseabruxelles.be\/site\/wp-content\/uploads\/2014\/07\/Vue-tables-et-chaises.jpg'><img loading=\"lazy\" decoding=\"async\" width=\"474\" height=\"356\" src=\"https:\/\/www.jeunesseabruxelles.be\/site\/wp-content\/uploads\/2014\/07\/Vue-tables-et-chaises-1280x960.jpg\" class=\"attachment-large size-large\" alt=\"\" srcset=\"https:\/\/www.jeunesseabruxelles.be\/site\/wp-content\/uploads\/2014\/07\/Vue-tables-et-chaises-1280x960.jpg 1280w, https:\/\/www.jeunesseabruxelles.be\/site\/wp-content\/uploads\/2014\/07\/Vue-tables-et-chaises-150x113.jpg 150w, https:\/\/www.jeunesseabruxelles.be\/site\/wp-content\/uploads\/2014\/07\/Vue-tables-et-chaises-400x300.jpg 400w, https:\/\/www.jeunesseabruxelles.be\/site\/wp-content\/uploads\/2014\/07\/Vue-tables-et-chaises-768x576.jpg 768w\" sizes=\"auto, (max-width: 474px) 100vw, 474px\" \/><\/a>\n\t\t\t<\/div><\/figure><figure class='gallery-item'>\n\t\t\t<div class='gallery-icon landscape'>\n\t\t\t\t<a href='https:\/\/www.jeunesseabruxelles.be\/site\/wp-content\/uploads\/2014\/07\/Cuisine-1.jpg'><img loading=\"lazy\" decoding=\"async\" width=\"474\" height=\"356\" src=\"https:\/\/www.jeunesseabruxelles.be\/site\/wp-content\/uploads\/2014\/07\/Cuisine-1-1280x960.jpg\" class=\"attachment-large size-large\" alt=\"\" srcset=\"https:\/\/www.jeunesseabruxelles.be\/site\/wp-content\/uploads\/2014\/07\/Cuisine-1-1280x960.jpg 1280w, https:\/\/www.jeunesseabruxelles.be\/site\/wp-content\/uploads\/2014\/07\/Cuisine-1-150x113.jpg 150w, https:\/\/www.jeunesseabruxelles.be\/site\/wp-content\/uploads\/2014\/07\/Cuisine-1-400x300.jpg 400w, https:\/\/www.jeunesseabruxelles.be\/site\/wp-content\/uploads\/2014\/07\/Cuisine-1-768x576.jpg 768w\" sizes=\"auto, (max-width: 474px) 100vw, 474px\" \/><\/a>\n\t\t\t<\/div><\/figure><figure class='gallery-item'>\n\t\t\t<div class='gallery-icon landscape'>\n\t\t\t\t<a href='https:\/\/www.jeunesseabruxelles.be\/site\/wp-content\/uploads\/2014\/07\/Vue-1\u00e8re-salle-depuis-la-2\u00e8me.jpg'><img loading=\"lazy\" decoding=\"async\" width=\"474\" height=\"356\" src=\"https:\/\/www.jeunesseabruxelles.be\/site\/wp-content\/uploads\/2014\/07\/Vue-1\u00e8re-salle-depuis-la-2\u00e8me-1280x960.jpg\" class=\"attachment-large size-large\" alt=\"\" srcset=\"https:\/\/www.jeunesseabruxelles.be\/site\/wp-content\/uploads\/2014\/07\/Vue-1\u00e8re-salle-depuis-la-2\u00e8me-1280x960.jpg 1280w, https:\/\/www.jeunesseabruxelles.be\/site\/wp-content\/uploads\/2014\/07\/Vue-1\u00e8re-salle-depuis-la-2\u00e8me-150x113.jpg 150w, https:\/\/www.jeunesseabruxelles.be\/site\/wp-content\/uploads\/2014\/07\/Vue-1\u00e8re-salle-depuis-la-2\u00e8me-400x300.jpg 400w, https:\/\/www.jeunesseabruxelles.be\/site\/wp-content\/uploads\/2014\/07\/Vue-1\u00e8re-salle-depuis-la-2\u00e8me-768x576.jpg 768w\" sizes=\"auto, (max-width: 474px) 100vw, 474px\" \/><\/a>\n\t\t\t<\/div><\/figure><figure class='gallery-item'>\n\t\t\t<div class='gallery-icon landscape'>\n\t\t\t\t<a href='https:\/\/www.jeunesseabruxelles.be\/site\/wp-content\/uploads\/2014\/07\/Vue-1\u00e8re-salle.jpg'><img loading=\"lazy\" decoding=\"async\" width=\"474\" height=\"356\" src=\"https:\/\/www.jeunesseabruxelles.be\/site\/wp-content\/uploads\/2014\/07\/Vue-1\u00e8re-salle-1280x960.jpg\" class=\"attachment-large size-large\" alt=\"\" srcset=\"https:\/\/www.jeunesseabruxelles.be\/site\/wp-content\/uploads\/2014\/07\/Vue-1\u00e8re-salle-1280x960.jpg 1280w, https:\/\/www.jeunesseabruxelles.be\/site\/wp-content\/uploads\/2014\/07\/Vue-1\u00e8re-salle-150x113.jpg 150w, https:\/\/www.jeunesseabruxelles.be\/site\/wp-content\/uploads\/2014\/07\/Vue-1\u00e8re-salle-400x300.jpg 400w, https:\/\/www.jeunesseabruxelles.be\/site\/wp-content\/uploads\/2014\/07\/Vue-1\u00e8re-salle-768x576.jpg 768w\" sizes=\"auto, (max-width: 474px) 100vw, 474px\" \/><\/a>\n\t\t\t<\/div><\/figure><figure class='gallery-item'>\n\t\t\t<div class='gallery-icon landscape'>\n\t\t\t\t<a href='https:\/\/www.jeunesseabruxelles.be\/site\/wp-content\/uploads\/2014\/07\/Vue-2\u00e8me-salle-ouverture-cuisine.jpg'><img loading=\"lazy\" decoding=\"async\" width=\"474\" height=\"356\" src=\"https:\/\/www.jeunesseabruxelles.be\/site\/wp-content\/uploads\/2014\/07\/Vue-2\u00e8me-salle-ouverture-cuisine-1280x960.jpg\" class=\"attachment-large size-large\" alt=\"\" srcset=\"https:\/\/www.jeunesseabruxelles.be\/site\/wp-content\/uploads\/2014\/07\/Vue-2\u00e8me-salle-ouverture-cuisine-1280x960.jpg 1280w, https:\/\/www.jeunesseabruxelles.be\/site\/wp-content\/uploads\/2014\/07\/Vue-2\u00e8me-salle-ouverture-cuisine-150x113.jpg 150w, https:\/\/www.jeunesseabruxelles.be\/site\/wp-content\/uploads\/2014\/07\/Vue-2\u00e8me-salle-ouverture-cuisine-400x300.jpg 400w, https:\/\/www.jeunesseabruxelles.be\/site\/wp-content\/uploads\/2014\/07\/Vue-2\u00e8me-salle-ouverture-cuisine-768x576.jpg 768w\" sizes=\"auto, (max-width: 474px) 100vw, 474px\" \/><\/a>\n\t\t\t<\/div><\/figure>\n\t\t<\/div>\n\n","protected":false},"excerpt":{"rendered":"<p>La salle de la Cl\u00e9 est situ\u00e9e au 52, Quai de l\u2019Industrie \u00e0 1000 Bruxelles (pr\u00e8s des Arts et M\u00e9tiers) voir carte. Elle a une capacit\u00e9 maximale de 120 personnes.<\/p>\n","protected":false},"author":5,"featured_media":728,"parent":107,"menu_order":0,"comment_status":"closed","ping_status":"open","template":"page-templates\/full-width.php","meta":{"footnotes":""},"class_list":["post-112","page","type-page","status-publish","has-post-thumbnail","hentry"],"_links":{"self":[{"href":"https:\/\/www.jeunesseabruxelles.be\/site\/wp-json\/wp\/v2\/pages\/112","targetHints":{"allow":["GET"]}}],"collection":[{"href":"https:\/\/www.jeunesseabruxelles.be\/site\/wp-json\/wp\/v2\/pages"}],"about":[{"href":"https:\/\/www.jeunesseabruxelles.be\/site\/wp-json\/wp\/v2\/types\/page"}],"author":[{"embeddable":true,"href":"https:\/\/www.jeunesseabruxelles.be\/site\/wp-json\/wp\/v2\/users\/5"}],"replies":[{"embeddable":true,"href":"https:\/\/www.jeunesseabruxelles.be\/site\/wp-json\/wp\/v2\/comments?post=112"}],"version-history":[{"count":14,"href":"https:\/\/www.jeunesseabruxelles.be\/site\/wp-json\/wp\/v2\/pages\/112\/revisions"}],"predecessor-version":[{"id":6061,"href":"https:\/\/www.jeunesseabruxelles.be\/site\/wp-json\/wp\/v2\/pages\/112\/revisions\/6061"}],"up":[{"embeddable":true,"href":"https:\/\/www.jeunesseabruxelles.be\/site\/wp-json\/wp\/v2\/pages\/107"}],"wp:featuredmedia":[{"embeddable":true,"href":"https:\/\/www.jeunesseabruxelles.be\/site\/wp-json\/wp\/v2\/media\/728"}],"wp:attachment":[{"href":"https:\/\/www.jeunesseabruxelles.be\/site\/wp-json\/wp\/v2\/media?parent=112"}],"curies":[{"name":"wp","href":"https:\/\/api.w.org\/{rel}","templated":true}]}}