{"id":105,"date":"2014-07-08T14:11:37","date_gmt":"2014-07-08T14:11:37","guid":{"rendered":"http:\/\/jpbuse.be\/?page_id=105"},"modified":"2025-08-28T09:54:43","modified_gmt":"2025-08-28T09:54:43","slug":"bibliotheque","status":"publish","type":"page","link":"https:\/\/www.jeunesseabruxelles.be\/site\/centre-carter\/bibliotheque\/","title":{"rendered":"Biblioth\u00e8que p\u00e9dagogique et d&#8217;animation"},"content":{"rendered":"<h1><strong>Biblioth\u00e8que p\u00e9dagogique et d&#8217;animation Elisabeth Carter<\/strong><\/h1>\n<p>La biblioth\u00e8que r\u00e9sulte de la fusion, en 2015, de la biblioth\u00e8que p\u00e9dagogique Michelle Salengros et la biblioth\u00e8que sp\u00e9cialis\u00e9e en animation Elisabeth Carter.<\/p>\n<p>Elle offre un grand choix de ressources utiles et pertinentes aux (futur.e.s) enseignant.e.s, animateur.trice.s mais \u00e9galement \u00e0 toute personne int\u00e9ress\u00e9e, dans les domaines de la p\u00e9dagogie et de l\u2019animation.<\/p>\n<p>La biblioth\u00e8que poss\u00e8de notamment beaucoup d\u2019ouvrages th\u00e9oriques relatifs \u00e0 ces domaines, des manuels scolaires, des livres d\u2019activit\u00e9s pratiques (allant du bricolage au sport, en passant entre autres par des activit\u00e9s de classe\u2026), des p\u00e9riodiques, des albums jeunesse\u2026<\/p>\n<p>La biblioth\u00e8que est accessible \u00e0 tous et toutes. L&#8217;inscription est gratuite et se fait sur pr\u00e9sentation de la carte d&#8217;identit\u00e9 ou du Bilbio-Pass.<\/p>\n<p><strong>Informations pratiques\u00a0:<\/strong><\/p>\n<p>Biblioth\u00e8que p\u00e9dagogique et d\u2019animation Elisabeth Carter<br \/>\nQuai de Willebroeck, 33<br \/>\n1000 Bruxelles<\/p>\n<p>T\u00e9l. : 02 279 59 47<\/p>\n<p><a href=\"mailto:bib.pedagogique@brucity.education\">bib.pedagogique@brucity.education<\/a><\/p>\n<p><a href=\"https:\/\/biblio.brussels\/iguana\/www.main.cls?surl=bruxelles_bibliotheque_elisabeth_carter\">https:\/\/biblio.brussels\/iguana\/www.main.cls?surl=bruxelles_bibliotheque_elisabeth_carter<\/a><\/p>\n<p>Ouverture au public :<\/p>\n<table>\n<tbody>\n<tr>\n<td width=\"123\">Lundi<\/td>\n<td width=\"479\">10h-17h<\/td>\n<\/tr>\n<tr>\n<td width=\"123\">Mardi<\/td>\n<td width=\"479\">10h-17h<\/td>\n<\/tr>\n<tr>\n<td width=\"123\">Mercredi<\/td>\n<td width=\"479\">10h-17h<\/td>\n<\/tr>\n<tr>\n<td width=\"123\">Jeudi<\/td>\n<td width=\"479\">10h-13h<\/td>\n<\/tr>\n<tr>\n<td width=\"123\">Vendredi<\/td>\n<td width=\"479\">Ferm\u00e9<\/td>\n<\/tr>\n<\/tbody>\n<\/table>\n","protected":false},"excerpt":{"rendered":"<p>Biblioth\u00e8que p\u00e9dagogique et d&#8217;animation Elisabeth Carter La biblioth\u00e8que r\u00e9sulte de la fusion, en 2015, de la biblioth\u00e8que p\u00e9dagogique Michelle Salengros et la biblioth\u00e8que sp\u00e9cialis\u00e9e en animation Elisabeth Carter. Elle offre un grand choix de ressources utiles et pertinentes aux (futur.e.s) enseignant.e.s, animateur.trice.s mais \u00e9galement \u00e0 toute personne int\u00e9ress\u00e9e, dans les domaines de la p\u00e9dagogie et &hellip; <a href=\"https:\/\/www.jeunesseabruxelles.be\/site\/centre-carter\/bibliotheque\/\" class=\"more-link\">Continuer la lecture de <span class=\"screen-reader-text\">Biblioth\u00e8que p\u00e9dagogique et d&#8217;animation<\/span> <span class=\"meta-nav\">&rarr;<\/span><\/a><\/p>\n","protected":false},"author":5,"featured_media":727,"parent":95,"menu_order":0,"comment_status":"closed","ping_status":"open","template":"page-templates\/full-width.php","meta":{"footnotes":""},"class_list":["post-105","page","type-page","status-publish","has-post-thumbnail","hentry"],"_links":{"self":[{"href":"https:\/\/www.jeunesseabruxelles.be\/site\/wp-json\/wp\/v2\/pages\/105","targetHints":{"allow":["GET"]}}],"collection":[{"href":"https:\/\/www.jeunesseabruxelles.be\/site\/wp-json\/wp\/v2\/pages"}],"about":[{"href":"https:\/\/www.jeunesseabruxelles.be\/site\/wp-json\/wp\/v2\/types\/page"}],"author":[{"embeddable":true,"href":"https:\/\/www.jeunesseabruxelles.be\/site\/wp-json\/wp\/v2\/users\/5"}],"replies":[{"embeddable":true,"href":"https:\/\/www.jeunesseabruxelles.be\/site\/wp-json\/wp\/v2\/comments?post=105"}],"version-history":[{"count":5,"href":"https:\/\/www.jeunesseabruxelles.be\/site\/wp-json\/wp\/v2\/pages\/105\/revisions"}],"predecessor-version":[{"id":5891,"href":"https:\/\/www.jeunesseabruxelles.be\/site\/wp-json\/wp\/v2\/pages\/105\/revisions\/5891"}],"up":[{"embeddable":true,"href":"https:\/\/www.jeunesseabruxelles.be\/site\/wp-json\/wp\/v2\/pages\/95"}],"wp:featuredmedia":[{"embeddable":true,"href":"https:\/\/www.jeunesseabruxelles.be\/site\/wp-json\/wp\/v2\/media\/727"}],"wp:attachment":[{"href":"https:\/\/www.jeunesseabruxelles.be\/site\/wp-json\/wp\/v2\/media?parent=105"}],"curies":[{"name":"wp","href":"https:\/\/api.w.org\/{rel}","templated":true}]}}